{"id":726800,"date":"2025-08-27T20:12:11","date_gmt":"2025-08-27T17:12:11","guid":{"rendered":"https:\/\/roveyayinevi.com.tr\/index.php\/urun\/arsimetten-kuantum-fizigine-deneylerle-bilim-ciltli\/"},"modified":"2025-09-11T01:26:56","modified_gmt":"2025-09-10T22:26:56","slug":"arsimetten-kuantum-fizigine-deneylerle-bilim-ciltli","status":"publish","type":"product","link":"https:\/\/roveyayinevi.com.tr\/index.php\/urun\/arsimetten-kuantum-fizigine-deneylerle-bilim-ciltli\/","title":{"rendered":"Ar\u015fimet\u2019ten Kuantum Fizi\u011fine  Deneylerle Bilim (Ciltli)"},"content":{"rendered":"<p>Su dolu bir k\u00fcvet i\u00e7ine girdi\u011fimizde neden ta\u015far? D\u00fcnyan\u0131n \u00e7evresini \u00f6l\u00e7mek M\u00d6 230 y\u0131l\u0131nda nas\u0131l m\u00fcmk\u00fcn oldu? Evrenin geni\u015flemekte oldu\u011fu y\u0131ld\u0131zlar\u0131n renklerinden anla\u015f\u0131labilir mi? Atomun yap\u0131s\u0131n\u0131 nas\u0131l anlad\u0131k ve ilk n\u00fckleer reakt\u00f6r nas\u0131l ortaya \u00e7\u0131kt\u0131? Nedir bu kuantum fizi\u011fi? Karanl\u0131k maddenin varl\u0131\u011f\u0131n\u0131 kan\u0131tlayan g\u00fc\u00e7 ne? Ar\u015fimet\u2019ten Kuantum Fizi\u011fine Deneylerle Bilim, insanl\u0131k tarihinde her biri yeni birer sayfa a\u00e7an deneyleri hik\u00e2yele\u015ftiriyor. Binlerce y\u0131l \u00f6nce, \u201cHava somut bir madde midir?\u201d sorusuyla ba\u015flayan deneyler \u00f6yle bir noktaya ta\u015f\u0131nd\u0131 ki, laboratuvarda B\u00fcy\u00fck Patlama\u2019n\u0131n bir \u00f6rne\u011fini bile olu\u015fturduk. Aradan ge\u00e7en s\u00fcrede ise maddelerin yap\u0131s\u0131, elektrik, manyetizma, \u0131\u015f\u0131\u011f\u0131n k\u0131r\u0131lmas\u0131, k\u00fctle \u00e7ekim yasas\u0131, atomlar ve atomalt\u0131 d\u00fcnya ke\u015ffedildi. Adam Hart-Davis, bilimin s\u0131rad\u0131\u015f\u0131 yolculu\u011funu \u00f6zenle anlatt\u0131\u011f\u0131 eserinde, evrenin gizemlerini her ya\u015f grubu i\u00e7in anla\u015f\u0131labilir hale getiriyor. Ad\u0131m ad\u0131m ilerleyen bu deneylerde, antik d\u00fcnyan\u0131n pergel ve cetvelleri yerlerini hassas \u00f6l\u00e7\u00fcm cihazlar\u0131na, devasa teleskoplara ve en sonunda B\u00fcy\u00fck Hadron \u00c7arp\u0131\u015ft\u0131r\u0131c\u0131s\u0131\u2019na b\u0131rak\u0131yor. Arkadalar\u0131nda yatan mant\u0131k ise de\u011fi\u015fmiyor: Enerji d\u00f6n\u00fc\u015f\u00fcr ama yok olmaz, cisimler birbirlerine \u00e7ekim kuvveti uygular ve bir yerde hareket varsa, enerji de mutlaka vard\u0131r. <\/p>\n","protected":false},"excerpt":{"rendered":"<p>Su dolu bir k\u00fcvet i\u00e7ine girdi\u011fimizde neden ta\u015far? D\u00fcnyan\u0131n \u00e7evresini \u00f6l\u00e7mek M\u00d6 230 y\u0131l\u0131nda nas\u0131l m\u00fcmk\u00fcn oldu? Evrenin geni\u015flemekte oldu\u011fu y\u0131ld\u0131zlar\u0131n renklerinden anla\u015f\u0131labilir mi? Atomun yap\u0131s\u0131n\u0131<span class=\"excerpt-hellip\"> [\u2026]<\/span><\/p>\n","protected":false},"featured_media":0,"template":"","meta":{"_monsterinsights_skip_tracking":false,"_monsterinsights_sitenote_active":false,"_monsterinsights_sitenote_note":"","_monsterinsights_sitenote_category":0},"product_brand":[],"product_cat":[13005,37328],"product_tag":[],"class_list":{"0":"post-726800","1":"product","2":"type-product","3":"status-publish","5":"product_cat-bilim-muhendislik","6":"product_cat-diger-bilim-muhendislik","7":"pa_cilt-ciltli","8":"pa_tur-kitap","9":"pa_yayinevi-epsilon-yayinlari","10":"pa_yazar-adam-hart-davis","12":"first","13":"instock","14":"sale","15":"shipping-taxable","16":"purchasable","17":"product-type-simple"},"_links":{"self":[{"href":"https:\/\/roveyayinevi.com.tr\/index.php\/wp-json\/wp\/v2\/product\/726800","targetHints":{"allow":["GET"]}}],"collection":[{"href":"https:\/\/roveyayinevi.com.tr\/index.php\/wp-json\/wp\/v2\/product"}],"about":[{"href":"https:\/\/roveyayinevi.com.tr\/index.php\/wp-json\/wp\/v2\/types\/product"}],"wp:attachment":[{"href":"https:\/\/roveyayinevi.com.tr\/index.php\/wp-json\/wp\/v2\/media?parent=726800"}],"wp:term":[{"taxonomy":"product_brand","embeddable":true,"href":"https:\/\/roveyayinevi.com.tr\/index.php\/wp-json\/wp\/v2\/product_brand?post=726800"},{"taxonomy":"product_cat","embeddable":true,"href":"https:\/\/roveyayinevi.com.tr\/index.php\/wp-json\/wp\/v2\/product_cat?post=726800"},{"taxonomy":"product_tag","embeddable":true,"href":"https:\/\/roveyayinevi.com.tr\/index.php\/wp-json\/wp\/v2\/product_tag?post=726800"}],"curies":[{"name":"wp","href":"https:\/\/api.w.org\/{rel}","templated":true}]}}