{"id":726799,"date":"2025-08-27T20:12:11","date_gmt":"2025-08-27T17:12:11","guid":{"rendered":"https:\/\/roveyayinevi.com.tr\/index.php\/urun\/endekslerle-turkiye-ekonomisi\/"},"modified":"2026-04-16T02:34:45","modified_gmt":"2026-04-15T23:34:45","slug":"endekslerle-turkiye-ekonomisi","status":"publish","type":"product","link":"https:\/\/roveyayinevi.com.tr\/index.php\/urun\/endekslerle-turkiye-ekonomisi\/","title":{"rendered":"Endekslerle T\u00fcrkiye Ekonomisi"},"content":{"rendered":"<p>Endekslerle T\u00fcrkiye Ekonomisi, T\u00fcrkiye ekonomisinin farkl\u0131 kaynaklarca a\u00e7\u0131klanan ve ekonominin t\u00fcm akt\u00f6rleri taraf\u0131ndan takip edilen g\u00f6sterge niteli\u011findeki veri ve endekslerini tek kitapta topluyor. Ayn\u0131 zamanda, endeks ve verilerin teorik a\u00e7\u0131klamalar\u0131yla birlikte, grafiklerine, grafik okuma y\u00f6ntemlerine, neyi nas\u0131l etkiledi\u011fine ve kullan\u0131m \u015fekline yer vererek ekonomiyi yeni \u00f6\u011frenenler i\u00e7in ba\u015fvuru kayna\u011f\u0131 olmay\u0131 ama\u00e7l\u0131yor. Bu kitapta yer alan karekodlar sayesinde, s\u00fcrekli g\u00fcncellenen bir i\u00e7eri\u011fe ula\u015fabilirsiniz.<\/p>\n","protected":false},"excerpt":{"rendered":"<p>Endekslerle T\u00fcrkiye Ekonomisi, T\u00fcrkiye ekonomisinin farkl\u0131 kaynaklarca a\u00e7\u0131klanan ve ekonominin t\u00fcm akt\u00f6rleri taraf\u0131ndan takip edilen g\u00f6sterge niteli\u011findeki veri ve endekslerini tek kitapta topluyor. Ayn\u0131 zamanda, endeks<span class=\"excerpt-hellip\"> [\u2026]<\/span><\/p>\n","protected":false},"featured_media":0,"template":"","meta":{"_monsterinsights_skip_tracking":false,"_monsterinsights_sitenote_active":false,"_monsterinsights_sitenote_note":"","_monsterinsights_sitenote_category":0},"product_brand":[],"product_cat":[20333,13043],"product_tag":[],"class_list":{"0":"post-726799","1":"product","2":"type-product","3":"status-publish","5":"product_cat-diger-ekonomi","6":"product_cat-ekonomi","7":"pa_cilt-ciltsiz","8":"pa_tur-kitap","9":"pa_yayinevi-remzi-kitabevi","10":"pa_yazar-remzi-kitabevi-kolektif","12":"first","13":"instock","14":"sale","15":"shipping-taxable","16":"purchasable","17":"product-type-simple"},"_links":{"self":[{"href":"https:\/\/roveyayinevi.com.tr\/index.php\/wp-json\/wp\/v2\/product\/726799","targetHints":{"allow":["GET"]}}],"collection":[{"href":"https:\/\/roveyayinevi.com.tr\/index.php\/wp-json\/wp\/v2\/product"}],"about":[{"href":"https:\/\/roveyayinevi.com.tr\/index.php\/wp-json\/wp\/v2\/types\/product"}],"wp:attachment":[{"href":"https:\/\/roveyayinevi.com.tr\/index.php\/wp-json\/wp\/v2\/media?parent=726799"}],"wp:term":[{"taxonomy":"product_brand","embeddable":true,"href":"https:\/\/roveyayinevi.com.tr\/index.php\/wp-json\/wp\/v2\/product_brand?post=726799"},{"taxonomy":"product_cat","embeddable":true,"href":"https:\/\/roveyayinevi.com.tr\/index.php\/wp-json\/wp\/v2\/product_cat?post=726799"},{"taxonomy":"product_tag","embeddable":true,"href":"https:\/\/roveyayinevi.com.tr\/index.php\/wp-json\/wp\/v2\/product_tag?post=726799"}],"curies":[{"name":"wp","href":"https:\/\/api.w.org\/{rel}","templated":true}]}}