{"id":726795,"date":"2025-08-27T20:12:07","date_gmt":"2025-08-27T17:12:07","guid":{"rendered":"https:\/\/roveyayinevi.com.tr\/index.php\/urun\/mulksuzlestirme-ve-turklestirme\/"},"modified":"2026-04-16T02:34:45","modified_gmt":"2026-04-15T23:34:45","slug":"mulksuzlestirme-ve-turklestirme","status":"publish","type":"product","link":"https:\/\/roveyayinevi.com.tr\/index.php\/urun\/mulksuzlestirme-ve-turklestirme\/","title":{"rendered":"M\u00fclks\u00fczle\u015ftirme ve T\u00fcrkle\u015ftirme"},"content":{"rendered":"<p>\u201cMilli iktisat politikalar\u0131na uygun bir \u015fekilde \u201cErmeni Tehciri\u201d ve Rum M\u00fcbadelesi sonucunda m\u00fclks\u00fczle\u015ftirilen H\u0131ristiyan az\u0131nl\u0131klar\u0131n emv\u00e2 l-i metr\u00fbkeleri arac\u0131l\u0131\u011f\u0131yla ilkel birikimlerini ger\u00e7ekle\u015ftiren M\u00fcsl\u00fcman-T\u00fcrk unsurlar, iktisadi sahan\u0131n da kendi h\u00e2kimiyetlerine ge\u00e7ece\u011fini planlam\u0131\u015flard\u0131. Oysa M\u00fcsl\u00fcman-T\u00fcrk unsurlar\u0131n bu plan\u0131 Yahudilerin \u00f6zellikle Trakya\u2019da iktisadi h\u00e2kimiyet kurmas\u0131yla sekteye u\u011fram\u0131\u015ft\u0131. B\u00f6ylece T\u00fcrkl\u00fc\u011f\u00fcn, \u201cyerli ve millili\u011fin\u201d kapsam\u0131 d\u0131\u015f\u0131nda kalan-b\u0131rak\u0131lan Yahudiler, hem M\u00fcsl\u00fcman-T\u00fcrk e\u015fraf ve halk\u0131n hemde T\u00fcrk h\u00fck\u00fcmetlerinin hedefi konumuna gelmi\u015fti. \u0130ki kadim halk\u0131n Anadolu ve Trakya\u2019dan tasfiyesinden sonra, Yahudi n\u00fcfusunun yo\u011fun oldu\u011fu Trakya ve Edirne\u2019de de bu tarihten itibaren Yahudi az\u0131nl\u0131\u011f\u0131 kar\u015f\u0131t\u0131 s\u00f6ylem ve olaylar meydana \u00e7\u0131kacakt\u0131r. Bunlar\u0131n yo\u011funlu\u011fu Yahudilerin m\u00fclks\u00fczle\u015ftirilmesi ve tasfiyesine kadar artarak devam edecektir.\u201d Edirne\u2019de, altm\u0131\u015f y\u0131ll\u0131k zaman diliminde, gayrim\u00fcslimleri m\u00fclks\u00fczle\u015ftiren olaylara odaklanan bu kitap, yerel gazetelerde ve tapu kay\u0131tlar\u0131nda bunun izini s\u00fcrerek, T\u00fcrkle\u015ftirme ve m\u00fclks\u00fczle\u015ftirme politikas\u0131n\u0131n nas\u0131l yerel b\u00fcrokrasi, e\u015fraf ve halk i\u015fbirli\u011fi i\u00e7inde ger\u00e7ekle\u015ftirildi\u011fini g\u00f6steriyor. \u0130lkay \u00d6z, gayrim\u00fcslimlerin m\u00fclks\u00fczle\u015ftirilmesi, s\u00fcr\u00fclmesi, M\u00fcsl\u00fcman m\u00fcbadil ve muhacirlerin Edirne\u2019ye yerle\u015ftirilmesi, M\u00fcsl\u00fcmanlar\u0131n ilkel birikimlerini ger\u00e7ekle\u015ftirmesi ve T\u00fcrkle\u015ftirme boyutlar\u0131yla bu s\u00fcreci inceliyor. Ulus-devletin kurulu\u015fu a\u015famas\u0131nda \u201cyerli ve milli\u201d burjuva ve k\u00fc\u00e7\u00fck burjuva s\u0131n\u0131flar\u0131n\u0131n olu\u015fmas\u0131n\u0131 \u201c\u00f6tekilerin\u201d m\u00fclks\u00fczle\u015ftirilmesi \u00fczerinden, ilkel birikim y\u00f6ntemiyle ger\u00e7ekle\u015ftirmeye \u00e7al\u0131\u015fan politikalardan okuyarak somut bir tarih\u00ee kesit sunuyor<\/p>\n","protected":false},"excerpt":{"rendered":"<p>\u201cMilli iktisat politikalar\u0131na uygun bir \u015fekilde \u201cErmeni Tehciri\u201d ve Rum M\u00fcbadelesi sonucunda m\u00fclks\u00fczle\u015ftirilen H\u0131ristiyan az\u0131nl\u0131klar\u0131n emv\u00e2 l-i metr\u00fbkeleri arac\u0131l\u0131\u011f\u0131yla ilkel birikimlerini ger\u00e7ekle\u015ftiren M\u00fcsl\u00fcman-T\u00fcrk unsurlar, iktisadi sahan\u0131n<span class=\"excerpt-hellip\"> [\u2026]<\/span><\/p>\n","protected":false},"featured_media":0,"template":"","meta":{"_monsterinsights_skip_tracking":false,"_monsterinsights_sitenote_active":false,"_monsterinsights_sitenote_note":"","_monsterinsights_sitenote_category":0},"product_brand":[],"product_cat":[12370,12304],"product_tag":[],"class_list":{"0":"post-726795","1":"product","2":"type-product","3":"status-publish","5":"product_cat-arastirma-inceleme","6":"product_cat-tarih","7":"pa_cilt-ciltsiz","8":"pa_tur-kitap","9":"pa_yayinevi-iletisim-yayinlari","10":"pa_yazar-ilkay-oz","12":"first","13":"instock","14":"sale","15":"shipping-taxable","16":"purchasable","17":"product-type-simple"},"_links":{"self":[{"href":"https:\/\/roveyayinevi.com.tr\/index.php\/wp-json\/wp\/v2\/product\/726795","targetHints":{"allow":["GET"]}}],"collection":[{"href":"https:\/\/roveyayinevi.com.tr\/index.php\/wp-json\/wp\/v2\/product"}],"about":[{"href":"https:\/\/roveyayinevi.com.tr\/index.php\/wp-json\/wp\/v2\/types\/product"}],"wp:attachment":[{"href":"https:\/\/roveyayinevi.com.tr\/index.php\/wp-json\/wp\/v2\/media?parent=726795"}],"wp:term":[{"taxonomy":"product_brand","embeddable":true,"href":"https:\/\/roveyayinevi.com.tr\/index.php\/wp-json\/wp\/v2\/product_brand?post=726795"},{"taxonomy":"product_cat","embeddable":true,"href":"https:\/\/roveyayinevi.com.tr\/index.php\/wp-json\/wp\/v2\/product_cat?post=726795"},{"taxonomy":"product_tag","embeddable":true,"href":"https:\/\/roveyayinevi.com.tr\/index.php\/wp-json\/wp\/v2\/product_tag?post=726795"}],"curies":[{"name":"wp","href":"https:\/\/api.w.org\/{rel}","templated":true}]}}