{"id":726794,"date":"2025-08-27T20:12:06","date_gmt":"2025-08-27T17:12:06","guid":{"rendered":"https:\/\/roveyayinevi.com.tr\/index.php\/urun\/ecdadin-icadi\/"},"modified":"2026-03-05T02:54:21","modified_gmt":"2026-03-04T23:54:21","slug":"ecdadin-icadi","status":"publish","type":"product","link":"https:\/\/roveyayinevi.com.tr\/index.php\/urun\/ecdadin-icadi\/","title":{"rendered":"Ecdad\u0131n \u0130cad\u0131"},"content":{"rendered":"<p>19 May\u0131s Kurtulu\u015f Sava\u015f\u0131\u2019n\u0131n ba\u015flamas\u0131 \u2013 29 May\u0131s \u0130stanbul\u2019un Fethi\u2026 23 Nisan Ulusal Egemenlik ve \u00c7ocuk Bayram\u0131 \u2013 29 Nisan Kut\u2019\u00fcl Amare Zaferi\u2026 29 Ekim Cumhuriyet Bayram\u0131 \u2013 15 Temmuz Destan\u0131\u2026 Ankara \u2013 \u0130stanbul\u2026 Cumhuriyet \u2013 Osmanl\u0131\u2026 Adalet ve Kalk\u0131nma Partisi\u2019nin 2002\u2019de ba\u015flayan uzun iktidar\u0131nda T\u00fcrkiye\u2019de \u201cbellek sava\u015flar\u0131\u201d h\u00fck\u00fcm s\u00fcr\u00fcyor. Mimaride, bina \u00f6l\u00e7eklerinde, mek\u00e2nlar\u0131n adland\u0131r\u0131lmas\u0131nda, milli bayramlarda, t\u00f6renlerde kendini g\u00f6steren bir m\u00fccadele bu. \u0130ktidar\u0131n toplumsal belle\u011fe h\u00e2kim olma m\u00fccadelesinde ilk safha, Kemalist-cumhuriyet\u00e7i haf\u0131zaya alternatif bir kar\u015f\u0131 haf\u0131zay\u0131 canland\u0131rmakt\u0131. Sonraki safha, bu kar\u015f\u0131 haf\u0131zan\u0131n iktidar haf\u0131zas\u0131na d\u00f6n\u00fc\u015ft\u00fcr\u00fclmesi oldu. Bu, Reyhan \u00dcnal \u00c7\u0131nar\u2019\u0131n tan\u0131mlamas\u0131yla, \u201ct\u00fcm hat\u0131rlay\u0131\u015f ve unutu\u015flar\u0131 tektiple\u015ftiren, dahas\u0131 dikte eden bir bellek terbiyesi\u201d safhas\u0131d\u0131r. \u00c7\u0131nar, \u201cyeni T\u00fcrkiye\u201dnin iktidar haf\u0131zas\u0131n\u0131n, hamarat bir yeni Osmanl\u0131c\u0131 nostalji \u00fcretimine dayand\u0131\u011f\u0131n\u0131 g\u00f6steriyor. Yeniden in\u015fa s\u00fcrecindeki kurucu nostalji ile ersatz-nostalji (veya ikame nostalji) aras\u0131nda bir ayr\u0131m yap\u0131yor: Bu ikincisi, hi\u00e7 ya\u015fanmam\u0131\u015f, deneyimlenmemi\u015f bir s\u00f6zde ge\u00e7mi\u015f kurgusunun metala\u015ft\u0131r\u0131lm\u0131\u015f temsilidir. AKP iktidar\u0131n\u0131n canland\u0131rd\u0131\u011f\u0131-sahneledi\u011fi haf\u0131zan\u0131n, \u201cge\u00e7mi\u015ften dev\u015firilen bir \u2018hayalet hik\u00e2yesi\u2019 mi yoksa AKP\u2019nin \u2018hayal etme\u2019 kapasitesi mi oldu\u011funu anlama\u201d \u00e7abas\u0131, elinizdeki \u00e7al\u0131\u015fmaya dinamizmini veriyor.<\/p>\n","protected":false},"excerpt":{"rendered":"<p>19 May\u0131s Kurtulu\u015f Sava\u015f\u0131\u2019n\u0131n ba\u015flamas\u0131 \u2013 29 May\u0131s \u0130stanbul\u2019un Fethi\u2026 23 Nisan Ulusal Egemenlik ve \u00c7ocuk Bayram\u0131 \u2013 29 Nisan Kut\u2019\u00fcl Amare Zaferi\u2026 29 Ekim Cumhuriyet<span class=\"excerpt-hellip\"> [\u2026]<\/span><\/p>\n","protected":false},"featured_media":0,"template":"","meta":{"_monsterinsights_skip_tracking":false,"_monsterinsights_sitenote_active":false,"_monsterinsights_sitenote_note":"","_monsterinsights_sitenote_category":0},"product_brand":[],"product_cat":[12370,12304],"product_tag":[],"class_list":{"0":"post-726794","1":"product","2":"type-product","3":"status-publish","5":"product_cat-arastirma-inceleme","6":"product_cat-tarih","7":"pa_cilt-ciltsiz","8":"pa_tur-kitap","9":"pa_yayinevi-iletisim-yayinlari","10":"pa_yazar-reyhan-unal-cinar","12":"first","13":"instock","14":"sale","15":"shipping-taxable","16":"purchasable","17":"product-type-simple"},"_links":{"self":[{"href":"https:\/\/roveyayinevi.com.tr\/index.php\/wp-json\/wp\/v2\/product\/726794","targetHints":{"allow":["GET"]}}],"collection":[{"href":"https:\/\/roveyayinevi.com.tr\/index.php\/wp-json\/wp\/v2\/product"}],"about":[{"href":"https:\/\/roveyayinevi.com.tr\/index.php\/wp-json\/wp\/v2\/types\/product"}],"wp:attachment":[{"href":"https:\/\/roveyayinevi.com.tr\/index.php\/wp-json\/wp\/v2\/media?parent=726794"}],"wp:term":[{"taxonomy":"product_brand","embeddable":true,"href":"https:\/\/roveyayinevi.com.tr\/index.php\/wp-json\/wp\/v2\/product_brand?post=726794"},{"taxonomy":"product_cat","embeddable":true,"href":"https:\/\/roveyayinevi.com.tr\/index.php\/wp-json\/wp\/v2\/product_cat?post=726794"},{"taxonomy":"product_tag","embeddable":true,"href":"https:\/\/roveyayinevi.com.tr\/index.php\/wp-json\/wp\/v2\/product_tag?post=726794"}],"curies":[{"name":"wp","href":"https:\/\/api.w.org\/{rel}","templated":true}]}}