{"id":726793,"date":"2025-08-27T20:12:06","date_gmt":"2025-08-27T17:12:06","guid":{"rendered":"https:\/\/roveyayinevi.com.tr\/index.php\/urun\/bagimlilik-asla-sadece-bagimlilik-degildir\/"},"modified":"2026-04-16T02:34:45","modified_gmt":"2026-04-15T23:34:45","slug":"bagimlilik-asla-sadece-bagimlilik-degildir","status":"publish","type":"product","link":"https:\/\/roveyayinevi.com.tr\/index.php\/urun\/bagimlilik-asla-sadece-bagimlilik-degildir\/","title":{"rendered":"Ba\u011f\u0131ml\u0131l\u0131k Asla Sadece Ba\u011f\u0131ml\u0131l\u0131k De\u011fildir"},"content":{"rendered":"<p>Ba\u011f\u0131ml\u0131l\u0131k olgusunu sosyolojik, siyasi ve tarihsel ba\u011flam\u0131nda ele alan bu kitapta K\u00fcltegin \u00d6gel gerek akademik gerek toplumsal s\u00f6ylemlerde ba\u011f\u0131ml\u0131l\u0131\u011f\u0131n nas\u0131l in\u015fa edildi\u011fini zengin ve ak\u0131c\u0131 \u00f6rneklerle incelerken bireysel d\u00fczlemde ba\u011f\u0131ml\u0131l\u0131\u011f\u0131n \u00e7ok katmanl\u0131 bir olgu oldu\u011funu ortaya koyuyor. Kahve, alkol, t\u00fc*t\u00fcn ve afyon kullan\u0131m\u0131n\u0131n s\u00f6m\u00fcrgecilik, end\u00fcstrile\u015fme, Avrupa burjuvazisi ve i\u015f\u00e7i s\u0131n\u0131f\u0131yla kesi\u015fme noktalar\u0131ndan; meyhaneler ve alkol yasaklar\u0131 \u00fczerinden yap\u0131lan birey, kamu ve iktidar tart\u0131\u015fmalar\u0131na kadar ba\u011f\u0131ml\u0131l\u0131\u011f\u0131n tarihsel arkaplan\u0131n\u0131 sunuyor. Ba\u011f\u0131ml\u0131l\u0131k yapan baz\u0131 maddelerin kullan\u0131m\u0131 m\u00fcmk\u00fcn ve me\u015fru iken baz\u0131lar\u0131n\u0131n yasak olmas\u0131n\u0131 belirleyen \u00f6l\u00e7\u00fctleri, bireysel \u00f6zg\u00fcrl\u00fckler ile toplumsal yasaklar aras\u0131ndaki hassas dengeyi analiz ediyor. T\u0131bbi ve akademik jargondan uzak, herkesin anlayabilece\u011fi bir dille yaz\u0131lm\u0131\u015f bu eserde, \u00d6gel, madde kullan\u0131m\u0131n\u0131n yoksullukla ve toplumsal e\u015fitsizlikle olan ili\u015fkisini analiz edip ba\u011f\u0131ml\u0131l\u0131k \u00fczerinden yap\u0131lan damgalaman\u0131n s\u0131n\u0131fsal kimlikle nas\u0131l i\u00e7 i\u00e7e ge\u00e7ti\u011fini g\u00f6sterirken okuru ba\u011f\u0131ml\u0131l\u0131k olgusunu etiketlemeden anlamaya davet ediyor.<\/p>\n","protected":false},"excerpt":{"rendered":"<p>Ba\u011f\u0131ml\u0131l\u0131k olgusunu sosyolojik, siyasi ve tarihsel ba\u011flam\u0131nda ele alan bu kitapta K\u00fcltegin \u00d6gel gerek akademik gerek toplumsal s\u00f6ylemlerde ba\u011f\u0131ml\u0131l\u0131\u011f\u0131n nas\u0131l in\u015fa edildi\u011fini zengin ve ak\u0131c\u0131 \u00f6rneklerle<span class=\"excerpt-hellip\"> [\u2026]<\/span><\/p>\n","protected":false},"featured_media":0,"template":"","meta":{"_monsterinsights_skip_tracking":false,"_monsterinsights_sitenote_active":false,"_monsterinsights_sitenote_note":"","_monsterinsights_sitenote_category":0},"product_brand":[],"product_cat":[12325,12324],"product_tag":[],"class_list":{"0":"post-726793","1":"product","2":"type-product","3":"status-publish","5":"product_cat-diger-sosyoloji","6":"product_cat-sosyoloji","7":"pa_cilt-ciltsiz","8":"pa_tur-kitap","9":"pa_yayinevi-iletisim-yayinlari","10":"pa_yazar-kultegin-ogel","12":"first","13":"instock","14":"sale","15":"shipping-taxable","16":"purchasable","17":"product-type-simple"},"_links":{"self":[{"href":"https:\/\/roveyayinevi.com.tr\/index.php\/wp-json\/wp\/v2\/product\/726793","targetHints":{"allow":["GET"]}}],"collection":[{"href":"https:\/\/roveyayinevi.com.tr\/index.php\/wp-json\/wp\/v2\/product"}],"about":[{"href":"https:\/\/roveyayinevi.com.tr\/index.php\/wp-json\/wp\/v2\/types\/product"}],"wp:attachment":[{"href":"https:\/\/roveyayinevi.com.tr\/index.php\/wp-json\/wp\/v2\/media?parent=726793"}],"wp:term":[{"taxonomy":"product_brand","embeddable":true,"href":"https:\/\/roveyayinevi.com.tr\/index.php\/wp-json\/wp\/v2\/product_brand?post=726793"},{"taxonomy":"product_cat","embeddable":true,"href":"https:\/\/roveyayinevi.com.tr\/index.php\/wp-json\/wp\/v2\/product_cat?post=726793"},{"taxonomy":"product_tag","embeddable":true,"href":"https:\/\/roveyayinevi.com.tr\/index.php\/wp-json\/wp\/v2\/product_tag?post=726793"}],"curies":[{"name":"wp","href":"https:\/\/api.w.org\/{rel}","templated":true}]}}