{"id":726792,"date":"2025-08-27T20:12:04","date_gmt":"2025-08-27T17:12:04","guid":{"rendered":"https:\/\/roveyayinevi.com.tr\/index.php\/urun\/keskin-veda\/"},"modified":"2026-04-16T02:34:45","modified_gmt":"2026-04-15T23:34:45","slug":"keskin-veda","status":"publish","type":"product","link":"https:\/\/roveyayinevi.com.tr\/index.php\/urun\/keskin-veda\/","title":{"rendered":"Keskin &#8211; Veda"},"content":{"rendered":"<p>Umutsuzlu\u011fum umuduna d\u00fc\u011f\u00fcmlenmi\u015f. Raz\u0131y\u0131m! Sevsen de gel sevmesen de. Kabul\u00fcm! \u00d6lsem de gel \u00f6lmesem de\u2026   G\u00f6lgeler \u00e7ekildi\u011finde, kabuk tutmu\u015f yaralar\u0131m yeniden kanamaya ba\u015flad\u0131. Bir varm\u0131\u015f de\u011fil de, sanki hep yokmu\u015f gibi saklad\u0131\u011f\u0131m ve y\u00fczle\u015fmekten korktu\u011fum ne kadar sars\u0131c\u0131 ac\u0131 varsa, i\u015fte yine kar\u015f\u0131mdayd\u0131. Y\u00fcz y\u00fczeydik ve \u00e7\u0131r\u0131l\u00e7\u0131plak! Annemin ve babam\u0131n kanlar i\u00e7inde yatt\u0131\u011f\u0131 o oyun park\u0131ndayd\u0131k. G\u00f6ky\u00fcz\u00fc kara, i\u00e7ime \u00e7ekti\u011fim nefes kara, ruhum kara ama annemin boynundan s\u00fcz\u00fclen kan, her \u015feye inat, k\u0131pk\u0131rm\u0131z\u0131yd\u0131\u2026 Peki, neden eskisi gibi hissetmiyordum? Nefesimi kesen bu g\u00f6r\u00fcnt\u00fc ile y\u00fczle\u015fmek neden beni art\u0131k korkutmuyordu?   Kar\u015f\u0131mdaki g\u00f6lge silik bir hal almaya ba\u015flay\u0131nca \u015fa\u015f\u0131rd\u0131m ve ona dokunmak i\u00e7in elimi kald\u0131rd\u0131m. O an avu\u00e7 i\u00e7lerimde g\u00f6z kama\u015ft\u0131r\u0131c\u0131 bir \u0131\u015f\u0131k oldu\u011funu fark ettim. H\u0131zla b\u00fcy\u00fcyor ve yay\u0131larak karanl\u0131k ruhumu ayd\u0131nlat\u0131yordu. Avu\u00e7lar\u0131m\u0131 a\u00e7\u0131p \u0131\u015f\u0131\u011f\u0131n kayna\u011f\u0131na daha yak\u0131ndan bak\u0131nca onu g\u00f6rd\u00fcm. Oradayd\u0131 i\u015fte. Kokusunda can buldu\u011fum kad\u0131n oradayd\u0131\u2026 <\/p>\n","protected":false},"excerpt":{"rendered":"<p>Umutsuzlu\u011fum umuduna d\u00fc\u011f\u00fcmlenmi\u015f. Raz\u0131y\u0131m! Sevsen de gel sevmesen de. Kabul\u00fcm! \u00d6lsem de gel \u00f6lmesem de\u2026 G\u00f6lgeler \u00e7ekildi\u011finde, kabuk tutmu\u015f yaralar\u0131m yeniden kanamaya ba\u015flad\u0131. Bir varm\u0131\u015f de\u011fil<span class=\"excerpt-hellip\"> [\u2026]<\/span><\/p>\n","protected":false},"featured_media":0,"template":"","meta":{"_monsterinsights_skip_tracking":false,"_monsterinsights_sitenote_active":false,"_monsterinsights_sitenote_note":"","_monsterinsights_sitenote_category":0},"product_brand":[],"product_cat":[12291,12711],"product_tag":[],"class_list":{"0":"post-726792","1":"product","2":"type-product","3":"status-publish","5":"product_cat-edebiyat","6":"product_cat-roman-oyku","7":"pa_cilt-ciltsiz","8":"pa_tur-kitap","9":"pa_yayinevi-epsilon-yayinlari","10":"pa_yazar-berna-ilgin","12":"first","13":"instock","14":"sale","15":"shipping-taxable","16":"purchasable","17":"product-type-simple"},"_links":{"self":[{"href":"https:\/\/roveyayinevi.com.tr\/index.php\/wp-json\/wp\/v2\/product\/726792","targetHints":{"allow":["GET"]}}],"collection":[{"href":"https:\/\/roveyayinevi.com.tr\/index.php\/wp-json\/wp\/v2\/product"}],"about":[{"href":"https:\/\/roveyayinevi.com.tr\/index.php\/wp-json\/wp\/v2\/types\/product"}],"wp:attachment":[{"href":"https:\/\/roveyayinevi.com.tr\/index.php\/wp-json\/wp\/v2\/media?parent=726792"}],"wp:term":[{"taxonomy":"product_brand","embeddable":true,"href":"https:\/\/roveyayinevi.com.tr\/index.php\/wp-json\/wp\/v2\/product_brand?post=726792"},{"taxonomy":"product_cat","embeddable":true,"href":"https:\/\/roveyayinevi.com.tr\/index.php\/wp-json\/wp\/v2\/product_cat?post=726792"},{"taxonomy":"product_tag","embeddable":true,"href":"https:\/\/roveyayinevi.com.tr\/index.php\/wp-json\/wp\/v2\/product_tag?post=726792"}],"curies":[{"name":"wp","href":"https:\/\/api.w.org\/{rel}","templated":true}]}}