{"id":726791,"date":"2025-08-27T20:12:04","date_gmt":"2025-08-27T17:12:04","guid":{"rendered":"https:\/\/roveyayinevi.com.tr\/index.php\/urun\/ekber-sah\/"},"modified":"2026-04-16T02:34:45","modified_gmt":"2026-04-15T23:34:45","slug":"ekber-sah","status":"publish","type":"product","link":"https:\/\/roveyayinevi.com.tr\/index.php\/urun\/ekber-sah\/","title":{"rendered":"Ekber \u015eah"},"content":{"rendered":"<p>Hindistan\u2019\u0131n orta\u00e7a\u011f ve yeni\u00e7a\u011f tarihine dair zihin a\u00e7\u0131c\u0131 kitaplar\u0131yla tan\u0131nan Wisconsin \u00dcniversitesi \u00f6\u011fretim \u00fcyesi Andr\u00e9 Wink, G\u00fcney Asya \u0130slam tarihinin en \u00f6nemli d\u00f6nemlerinden birine, b\u00f6lge tarihinin en \u00f6nemli insanlar\u0131ndan biri olan Ekber \u015eah (1542-1605) \u00fczerinden bak\u0131yor. Kitap Ekber \u015eah\u2019\u0131n i\u00e7ine do\u011fdu\u011fu d\u00fcnyay\u0131 ustal\u0131kla tasvir edip Bab\u00fcr \u0130mparatorlu\u011funun tarihsel arka plan\u0131n\u0131 verdikten sonra Ekber\u2019in \u00e7ocuklu\u011fundan tahta \u00e7\u0131k\u0131\u015f\u0131na, iktidar m\u00fccadelelerinden cihan h\u00fck\u00fcmdarl\u0131\u011f\u0131 iddias\u0131na dek b\u00fct\u00fcnl\u00fckl\u00fc bir anlat\u0131m sunuyor. Wink\u2019in \u00e7al\u0131\u015fmas\u0131 sadece Ekber \u015eah\u2019\u0131n yar\u0131m y\u00fczy\u0131ll\u0131k g\u00f6rkemli h\u00fck\u00fcmdarl\u0131\u011f\u0131n\u0131 de\u011fil, b\u00f6lgesel geli\u015fmeler \u0131\u015f\u0131\u011f\u0131nda hem Bab\u00fcr \u0130mparatorlu\u011funun alt\u0131n \u00e7a\u011f\u0131n\u0131 hem de Hint alt-k\u0131tas\u0131n\u0131n y\u00fczy\u0131llar i\u00e7indeki tarihsel ser\u00fcvenini de ayd\u0131nlatmakta. Literat\u00fcrdeki en g\u00fcncel Ekber \u015eah biyografisi olma \u00f6zelli\u011fini ta\u015f\u0131yan bu \u00e7al\u0131\u015fma sadece akademik uzmanlar\u0131n de\u011fil, d\u00fcnya tarihine merakl\u0131 herkesin k\u00fct\u00fcphanesinde yer almaya de\u011fer bir kaynak\u2026 <\/p>\n","protected":false},"excerpt":{"rendered":"<p>Hindistan\u2019\u0131n orta\u00e7a\u011f ve yeni\u00e7a\u011f tarihine dair zihin a\u00e7\u0131c\u0131 kitaplar\u0131yla tan\u0131nan Wisconsin \u00dcniversitesi \u00f6\u011fretim \u00fcyesi Andr\u00e9 Wink, G\u00fcney Asya \u0130slam tarihinin en \u00f6nemli d\u00f6nemlerinden birine, b\u00f6lge tarihinin<span class=\"excerpt-hellip\"> [\u2026]<\/span><\/p>\n","protected":false},"featured_media":0,"template":"","meta":{"_monsterinsights_skip_tracking":false,"_monsterinsights_sitenote_active":false,"_monsterinsights_sitenote_note":"","_monsterinsights_sitenote_category":0},"product_brand":[],"product_cat":[13946,12304],"product_tag":[],"class_list":{"0":"post-726791","1":"product","2":"type-product","3":"status-publish","5":"product_cat-biyografi-otobiyografi","6":"product_cat-tarih","7":"pa_cilt-ciltsiz","8":"pa_tur-kitap","9":"pa_yayinevi-vakifbank-kultur-yayinlari","10":"pa_yazar-andre-wink","12":"first","13":"instock","14":"sale","15":"shipping-taxable","16":"purchasable","17":"product-type-simple"},"_links":{"self":[{"href":"https:\/\/roveyayinevi.com.tr\/index.php\/wp-json\/wp\/v2\/product\/726791","targetHints":{"allow":["GET"]}}],"collection":[{"href":"https:\/\/roveyayinevi.com.tr\/index.php\/wp-json\/wp\/v2\/product"}],"about":[{"href":"https:\/\/roveyayinevi.com.tr\/index.php\/wp-json\/wp\/v2\/types\/product"}],"wp:attachment":[{"href":"https:\/\/roveyayinevi.com.tr\/index.php\/wp-json\/wp\/v2\/media?parent=726791"}],"wp:term":[{"taxonomy":"product_brand","embeddable":true,"href":"https:\/\/roveyayinevi.com.tr\/index.php\/wp-json\/wp\/v2\/product_brand?post=726791"},{"taxonomy":"product_cat","embeddable":true,"href":"https:\/\/roveyayinevi.com.tr\/index.php\/wp-json\/wp\/v2\/product_cat?post=726791"},{"taxonomy":"product_tag","embeddable":true,"href":"https:\/\/roveyayinevi.com.tr\/index.php\/wp-json\/wp\/v2\/product_tag?post=726791"}],"curies":[{"name":"wp","href":"https:\/\/api.w.org\/{rel}","templated":true}]}}