{"id":726790,"date":"2025-08-27T20:12:03","date_gmt":"2025-08-27T17:12:03","guid":{"rendered":"https:\/\/roveyayinevi.com.tr\/index.php\/urun\/behemoth-ya-da-ingiltere-ic-savasinin-icyuzu\/"},"modified":"2026-04-16T02:34:45","modified_gmt":"2026-04-15T23:34:45","slug":"behemoth-ya-da-ingiltere-ic-savasinin-icyuzu","status":"publish","type":"product","link":"https:\/\/roveyayinevi.com.tr\/index.php\/urun\/behemoth-ya-da-ingiltere-ic-savasinin-icyuzu\/","title":{"rendered":"Behemoth ya da \u0130ngiltere \u0130\u00e7 Sava\u015f\u0131n\u0131n \u0130\u00e7y\u00fcz\u00fc"},"content":{"rendered":"<p>Avrupa d\u00fc\u015f\u00fcnce tarihinin en etkili toplumsal s\u00f6zle\u015fme kuramc\u0131lar\u0131ndan olan \u0130ngiliz filozof Thomas Hobbes\u2019un b\u00fcy\u00fck eseri Behemoth, Vak\u0131fBank K\u00fclt\u00fcr Yay\u0131nlar\u0131 arac\u0131l\u0131\u011f\u0131yla ilk defa T\u00fcrk\u00e7eye kazand\u0131r\u0131l\u0131yor. G\u00fcn\u00fcm\u00fcz d\u00fcnyas\u0131n\u0131n ekonomik, siyasi ve felsefi g\u00f6r\u00fc\u015flerinin b\u00fcy\u00fck bir k\u0131sm\u0131n\u0131n ortaya \u00e7\u0131kmas\u0131na zemin haz\u0131rlayan \u0130ngiliz \u0130\u00e7 Sava\u015f\u0131, Cromwell iktidar\u0131 ve Restorasyon \u00c7a\u011f\u0131na yak\u0131ndan tan\u0131kl\u0131k eden Hobbes, modern siyaset felsefesinin temellerini iki b\u00fcy\u00fck eserle atm\u0131\u015ft\u0131r. Hobbes, Leviathan\u2019da muhafazak\u00e2r bir devlet teorisi geli\u015ftirirken, Behemoth\u2019ta b\u00fct\u00fcn taraflara e\u015fit mesafede duran, bireysel d\u00fc\u015f\u00fcnce ve vicdan \u00f6zg\u00fcrl\u00fc\u011f\u00fcn\u00fc her \u015feyin \u00fczerinde tutan liberal bir tutum tak\u0131n\u0131r. Abdullah Y\u0131lmaz\u2019\u0131n kapsaml\u0131 \u00f6ns\u00f6z\u00fc ve g\u00fczel T\u00fcrk\u00e7esiyle adeta tarihsel bir roman ak\u0131c\u0131l\u0131\u011f\u0131yla ilerleyen Behemoth, Thomas Hobbes\u2019un ki\u015fili\u011fini ve felsefesini anlamak i\u00e7in okurlara bulunmaz bir f\u0131rsat sunuyor.<\/p>\n","protected":false},"excerpt":{"rendered":"<p>Avrupa d\u00fc\u015f\u00fcnce tarihinin en etkili toplumsal s\u00f6zle\u015fme kuramc\u0131lar\u0131ndan olan \u0130ngiliz filozof Thomas Hobbes\u2019un b\u00fcy\u00fck eseri Behemoth, Vak\u0131fBank K\u00fclt\u00fcr Yay\u0131nlar\u0131 arac\u0131l\u0131\u011f\u0131yla ilk defa T\u00fcrk\u00e7eye kazand\u0131r\u0131l\u0131yor. G\u00fcn\u00fcm\u00fcz d\u00fcnyas\u0131n\u0131n<span class=\"excerpt-hellip\"> [\u2026]<\/span><\/p>\n","protected":false},"featured_media":0,"template":"","meta":{"_monsterinsights_skip_tracking":false,"_monsterinsights_sitenote_active":false,"_monsterinsights_sitenote_note":"","_monsterinsights_sitenote_category":0},"product_brand":[],"product_cat":[20351,12388],"product_tag":[],"class_list":{"0":"post-726790","1":"product","2":"type-product","3":"status-publish","5":"product_cat-dusunce","6":"product_cat-felsefe","7":"pa_cilt-ciltsiz","8":"pa_tur-kitap","9":"pa_yayinevi-vakifbank-kultur-yayinlari","10":"pa_yazar-thomas-hobbes","12":"first","13":"instock","14":"sale","15":"shipping-taxable","16":"purchasable","17":"product-type-simple"},"_links":{"self":[{"href":"https:\/\/roveyayinevi.com.tr\/index.php\/wp-json\/wp\/v2\/product\/726790","targetHints":{"allow":["GET"]}}],"collection":[{"href":"https:\/\/roveyayinevi.com.tr\/index.php\/wp-json\/wp\/v2\/product"}],"about":[{"href":"https:\/\/roveyayinevi.com.tr\/index.php\/wp-json\/wp\/v2\/types\/product"}],"wp:attachment":[{"href":"https:\/\/roveyayinevi.com.tr\/index.php\/wp-json\/wp\/v2\/media?parent=726790"}],"wp:term":[{"taxonomy":"product_brand","embeddable":true,"href":"https:\/\/roveyayinevi.com.tr\/index.php\/wp-json\/wp\/v2\/product_brand?post=726790"},{"taxonomy":"product_cat","embeddable":true,"href":"https:\/\/roveyayinevi.com.tr\/index.php\/wp-json\/wp\/v2\/product_cat?post=726790"},{"taxonomy":"product_tag","embeddable":true,"href":"https:\/\/roveyayinevi.com.tr\/index.php\/wp-json\/wp\/v2\/product_tag?post=726790"}],"curies":[{"name":"wp","href":"https:\/\/api.w.org\/{rel}","templated":true}]}}