{"id":726789,"date":"2025-08-27T20:12:02","date_gmt":"2025-08-27T17:12:02","guid":{"rendered":"https:\/\/roveyayinevi.com.tr\/index.php\/urun\/soren-kierkegaard-hayat-cozulecek-bir-problem-degil-yasanacak-bir-hakikattir\/"},"modified":"2026-04-16T02:34:45","modified_gmt":"2026-04-15T23:34:45","slug":"soren-kierkegaard-hayat-cozulecek-bir-problem-degil-yasanacak-bir-hakikattir","status":"publish","type":"product","link":"https:\/\/roveyayinevi.com.tr\/index.php\/urun\/soren-kierkegaard-hayat-cozulecek-bir-problem-degil-yasanacak-bir-hakikattir\/","title":{"rendered":"Soren Kierkegaard &#8211; Hayat \u00c7\u00f6z\u00fclecek Bir Problem De\u011fil, Ya\u015fanacak Bir Hakikattir"},"content":{"rendered":"<p>\u201c\u0130nsan yaln\u0131z ba\u015fkalar\u0131 i\u00e7in de\u011fil, kendisi i\u00e7in de bir gizemdir.\u201d  S\u00f8ren Kierkegaard, bireyi merkeze alan, keder, melankoli, korku, kayg\u0131 gibi duygular\u0131 bireyin varolu\u015f durumuna yerle\u015ftiren, ya\u015fam\u0131 b\u00fct\u00fcn\u00fcyle ironik kavrayan bir felsefe ortaya koyar. Bu felsefe, ayn\u0131 zamanda onun ya\u015fam\u00f6yk\u00fcs\u00fcne de i\u00e7kindir. Babas\u0131ndan miras bir melankoli ve bir lanetlenmi\u015flik psikolojisi, bu lanetlenmi\u015flik psikolojisinin g\u00f6lgesinde ge\u00e7mi\u015f ve B\u00fcy\u00fck Deprem\u2019le sars\u0131lm\u0131\u015f bir \u00e7ocukluk ve ilk gen\u00e7lik ile son b\u00fcy\u00fck k\u0131r\u0131lma olarak Regine Olsen\u2019le evlilik meselesi; Kierkegaardian d\u00fc\u015f\u00fcncenin temel \u00f6nerilerini a\u00e7\u0131\u011fa \u00e7\u0131kartm\u0131\u015ft\u0131r. Onun spek\u00fclatif felsefesi, yaln\u0131zca kendisinden sonraki felsefeye tesir etmekle kalmam\u0131\u015f, psikolojiden edebiyata, resimden sinemaya kadar pek \u00e7ok disiplin i\u00e7in de esin verici olmu\u015ftur. \u00d6yle ki, Kierkegaard felsefesinden etkilenenler aras\u0131nda Jean-Paul Sartre, Ludwig Wittgenstein, Sigmund Freud, Henrik Ibsen, Edmund Munch, Erich Fromm, Ingmar Bergman, Jacques Derrida, Jorge Luis Borges gibi pek \u00e7ok farkl\u0131 felsefi gelenekten ve pek \u00e7ok farkl\u0131 disiplinden \u00f6nemli ki\u015filer bulunur. <\/p>\n","protected":false},"excerpt":{"rendered":"<p>\u201c\u0130nsan yaln\u0131z ba\u015fkalar\u0131 i\u00e7in de\u011fil, kendisi i\u00e7in de bir gizemdir.\u201d S\u00f8ren Kierkegaard, bireyi merkeze alan, keder, melankoli, korku, kayg\u0131 gibi duygular\u0131 bireyin varolu\u015f durumuna yerle\u015ftiren, ya\u015fam\u0131<span class=\"excerpt-hellip\"> [\u2026]<\/span><\/p>\n","protected":false},"featured_media":0,"template":"","meta":{"_monsterinsights_skip_tracking":false,"_monsterinsights_sitenote_active":false,"_monsterinsights_sitenote_note":"","_monsterinsights_sitenote_category":0},"product_brand":[],"product_cat":[12389,12388],"product_tag":[],"class_list":{"0":"post-726789","1":"product","2":"type-product","3":"status-publish","5":"product_cat-diger-felsefe","6":"product_cat-felsefe","7":"pa_cilt-ciltsiz","8":"pa_tur-kitap","9":"pa_yayinevi-destek-yayinlari","10":"pa_yazar-hamza-celaleddin","12":"first","13":"instock","14":"sale","15":"shipping-taxable","16":"purchasable","17":"product-type-simple"},"_links":{"self":[{"href":"https:\/\/roveyayinevi.com.tr\/index.php\/wp-json\/wp\/v2\/product\/726789","targetHints":{"allow":["GET"]}}],"collection":[{"href":"https:\/\/roveyayinevi.com.tr\/index.php\/wp-json\/wp\/v2\/product"}],"about":[{"href":"https:\/\/roveyayinevi.com.tr\/index.php\/wp-json\/wp\/v2\/types\/product"}],"wp:attachment":[{"href":"https:\/\/roveyayinevi.com.tr\/index.php\/wp-json\/wp\/v2\/media?parent=726789"}],"wp:term":[{"taxonomy":"product_brand","embeddable":true,"href":"https:\/\/roveyayinevi.com.tr\/index.php\/wp-json\/wp\/v2\/product_brand?post=726789"},{"taxonomy":"product_cat","embeddable":true,"href":"https:\/\/roveyayinevi.com.tr\/index.php\/wp-json\/wp\/v2\/product_cat?post=726789"},{"taxonomy":"product_tag","embeddable":true,"href":"https:\/\/roveyayinevi.com.tr\/index.php\/wp-json\/wp\/v2\/product_tag?post=726789"}],"curies":[{"name":"wp","href":"https:\/\/api.w.org\/{rel}","templated":true}]}}