{"id":726788,"date":"2025-08-27T20:12:01","date_gmt":"2025-08-27T17:12:01","guid":{"rendered":"https:\/\/roveyayinevi.com.tr\/index.php\/urun\/edgar-allan-poe-gecenin-kiyisindan-gelen-suratsiz-ve-yasli-kuzgun\/"},"modified":"2026-04-16T02:34:45","modified_gmt":"2026-04-15T23:34:45","slug":"edgar-allan-poe-gecenin-kiyisindan-gelen-suratsiz-ve-yasli-kuzgun","status":"publish","type":"product","link":"https:\/\/roveyayinevi.com.tr\/index.php\/urun\/edgar-allan-poe-gecenin-kiyisindan-gelen-suratsiz-ve-yasli-kuzgun\/","title":{"rendered":"Edgar Allan Poe \/ Gecenin K\u0131y\u0131s\u0131ndan Gelen Surats\u0131z ve Ya\u015fl\u0131 Kuzgun"},"content":{"rendered":"<p>\u201cHayal kuranlar, sadece geceleri d\u00fc\u015f g\u00f6renlerin g\u00f6zden ka\u00e7\u0131rd\u0131\u011f\u0131 pek \u00e7ok \u015feyi fark eder.\u201d Edgar Allan Poe yaln\u0131zca \u015fiir, korku, polisiye, gotik, bilimkurgu gibi t\u00fcrleri de\u011fil b\u00fct\u00fcn bir edebiyat miras\u0131n\u0131 etkiledi. Karanl\u0131k, tedirgin ve tekinsiz ruhlar\u0131m\u0131z bug\u00fcn bile onun kelimeleriyle sars\u0131lmaya devam ediyor. \u00c7a\u011flar, d\u00f6nemler i\u00e7inde alg\u0131lar, sanatsal ve edebi zevkler de\u011fi\u015fti; hakikat bin kez b\u00fck\u00fcl\u00fcp ba\u015fka bir hakikate evrildi ama Poe, kendi zaman\u0131n\u0131 da kendinden sonraki zamanlar\u0131 da a\u015farak edebiyat tarihinin en y\u00fcksek zirvelerindeki yerini korumay\u0131 s\u00fcrd\u00fcrd\u00fc. Poe\u2019nun de\u011ferini ortaya \u00e7\u0131karan, insanlar\u0131n onu sonradan anlamas\u0131 de\u011fildi; zaman\u0131n ruhu ve edebiyat tanr\u0131s\u0131 onun ad\u0131n\u0131 tarihe ve belleklere kaz\u0131d\u0131. Kendisi de hik\u00e2yelerindeki tuhaf \u00f6ng\u00f6r\u00fcleri gibiydi: Vaktinden \u00f6nce g\u00f6nderilmi\u015fti. <\/p>\n","protected":false},"excerpt":{"rendered":"<p>\u201cHayal kuranlar, sadece geceleri d\u00fc\u015f g\u00f6renlerin g\u00f6zden ka\u00e7\u0131rd\u0131\u011f\u0131 pek \u00e7ok \u015feyi fark eder.\u201d Edgar Allan Poe yaln\u0131zca \u015fiir, korku, polisiye, gotik, bilimkurgu gibi t\u00fcrleri de\u011fil b\u00fct\u00fcn<span class=\"excerpt-hellip\"> [\u2026]<\/span><\/p>\n","protected":false},"featured_media":0,"template":"","meta":{"_monsterinsights_skip_tracking":false,"_monsterinsights_sitenote_active":false,"_monsterinsights_sitenote_note":"","_monsterinsights_sitenote_category":0},"product_brand":[],"product_cat":[14009,12291],"product_tag":[],"class_list":{"0":"post-726788","1":"product","2":"type-product","3":"status-publish","5":"product_cat-biyografi-otobiyografi-edebiyat","6":"product_cat-edebiyat","7":"pa_cilt-ciltsiz","8":"pa_tur-kitap","9":"pa_yayinevi-destek-yayinlari","10":"pa_yazar-koray-saridogan","12":"first","13":"instock","14":"sale","15":"shipping-taxable","16":"purchasable","17":"product-type-simple"},"_links":{"self":[{"href":"https:\/\/roveyayinevi.com.tr\/index.php\/wp-json\/wp\/v2\/product\/726788","targetHints":{"allow":["GET"]}}],"collection":[{"href":"https:\/\/roveyayinevi.com.tr\/index.php\/wp-json\/wp\/v2\/product"}],"about":[{"href":"https:\/\/roveyayinevi.com.tr\/index.php\/wp-json\/wp\/v2\/types\/product"}],"wp:attachment":[{"href":"https:\/\/roveyayinevi.com.tr\/index.php\/wp-json\/wp\/v2\/media?parent=726788"}],"wp:term":[{"taxonomy":"product_brand","embeddable":true,"href":"https:\/\/roveyayinevi.com.tr\/index.php\/wp-json\/wp\/v2\/product_brand?post=726788"},{"taxonomy":"product_cat","embeddable":true,"href":"https:\/\/roveyayinevi.com.tr\/index.php\/wp-json\/wp\/v2\/product_cat?post=726788"},{"taxonomy":"product_tag","embeddable":true,"href":"https:\/\/roveyayinevi.com.tr\/index.php\/wp-json\/wp\/v2\/product_tag?post=726788"}],"curies":[{"name":"wp","href":"https:\/\/api.w.org\/{rel}","templated":true}]}}