{"id":726787,"date":"2025-08-27T20:12:00","date_gmt":"2025-08-27T17:12:00","guid":{"rendered":"https:\/\/roveyayinevi.com.tr\/index.php\/urun\/neseli-gunler-ilkokulu-sihirli-hamster\/"},"modified":"2026-04-16T02:34:45","modified_gmt":"2026-04-15T23:34:45","slug":"neseli-gunler-ilkokulu-sihirli-hamster","status":"publish","type":"product","link":"https:\/\/roveyayinevi.com.tr\/index.php\/urun\/neseli-gunler-ilkokulu-sihirli-hamster\/","title":{"rendered":"Ne\u015feli G\u00fcnler \u0130lkokulu \u2013 Sihirli Hamster"},"content":{"rendered":"<p>Ne\u015feli G\u00fcnler \u0130lkokulu yine bildi\u011finiz gibi, okulda olanlar \u00f6yle \u015fa\u015f\u0131rt\u0131c\u0131 ki! K\u0131p\u0131r k\u0131p\u0131r, f\u0131k\u0131r f\u0131k\u0131r ve elbette ki k\u0131k\u0131r k\u0131k\u0131r \u00f6\u011frencilerin bu yepyeni maceralar\u0131na yine hayret edeceksiniz. B\u00fcy\u00fcc\u00fc hamster da olur muymu\u015f derseniz? Bu okulda var bir tane. \u00d6\u011frenci robota m\u0131 d\u00f6n\u00fc\u015fm\u00fc\u015f? Tabii neden olmas\u0131n ki? Yanl\u0131\u015fl\u0131kla yutulan bir sinek insan\u0131 de\u011fi\u015ftirebilir mi? Hem de hi\u00e7 ummayaca\u011f\u0131n\u0131z kadar! Pamela Butchart\u2019\u0131n bu e\u011flenceli okul hik\u00e2yesini Becka Moor resimledi. Kendinizi tutmay\u0131n, kahkahalar\u0131n\u0131z\u0131 haz\u0131rlay\u0131n! <\/p>\n","protected":false},"excerpt":{"rendered":"<p>Ne\u015feli G\u00fcnler \u0130lkokulu yine bildi\u011finiz gibi, okulda olanlar \u00f6yle \u015fa\u015f\u0131rt\u0131c\u0131 ki! K\u0131p\u0131r k\u0131p\u0131r, f\u0131k\u0131r f\u0131k\u0131r ve elbette ki k\u0131k\u0131r k\u0131k\u0131r \u00f6\u011frencilerin bu yepyeni maceralar\u0131na yine hayret<span class=\"excerpt-hellip\"> [\u2026]<\/span><\/p>\n","protected":false},"featured_media":0,"template":"","meta":{"_monsterinsights_skip_tracking":false,"_monsterinsights_sitenote_active":false,"_monsterinsights_sitenote_note":"","_monsterinsights_sitenote_category":0},"product_brand":[],"product_cat":[12275,12274],"product_tag":[],"class_list":{"0":"post-726787","1":"product","2":"type-product","3":"status-publish","5":"product_cat-6-12-yas-kitaplari","6":"product_cat-cocuk-ve-genclik-kitaplari","7":"pa_cilt-ciltsiz","8":"pa_tur-kitap","9":"pa_yayinevi-yapi-kredi-yayinlari","10":"pa_yazar-pamela-butchart","12":"first","13":"instock","14":"sale","15":"shipping-taxable","16":"purchasable","17":"product-type-simple"},"_links":{"self":[{"href":"https:\/\/roveyayinevi.com.tr\/index.php\/wp-json\/wp\/v2\/product\/726787","targetHints":{"allow":["GET"]}}],"collection":[{"href":"https:\/\/roveyayinevi.com.tr\/index.php\/wp-json\/wp\/v2\/product"}],"about":[{"href":"https:\/\/roveyayinevi.com.tr\/index.php\/wp-json\/wp\/v2\/types\/product"}],"wp:attachment":[{"href":"https:\/\/roveyayinevi.com.tr\/index.php\/wp-json\/wp\/v2\/media?parent=726787"}],"wp:term":[{"taxonomy":"product_brand","embeddable":true,"href":"https:\/\/roveyayinevi.com.tr\/index.php\/wp-json\/wp\/v2\/product_brand?post=726787"},{"taxonomy":"product_cat","embeddable":true,"href":"https:\/\/roveyayinevi.com.tr\/index.php\/wp-json\/wp\/v2\/product_cat?post=726787"},{"taxonomy":"product_tag","embeddable":true,"href":"https:\/\/roveyayinevi.com.tr\/index.php\/wp-json\/wp\/v2\/product_tag?post=726787"}],"curies":[{"name":"wp","href":"https:\/\/api.w.org\/{rel}","templated":true}]}}