{"id":726786,"date":"2025-08-27T20:11:59","date_gmt":"2025-08-27T17:11:59","guid":{"rendered":"https:\/\/roveyayinevi.com.tr\/index.php\/urun\/harry-potter-sihirli-yerler-ve-karakterler-kartpostal-boyama-kitabi\/"},"modified":"2025-09-12T13:31:33","modified_gmt":"2025-09-12T10:31:33","slug":"harry-potter-sihirli-yerler-ve-karakterler-kartpostal-boyama-kitabi","status":"publish","type":"product","link":"https:\/\/roveyayinevi.com.tr\/index.php\/urun\/harry-potter-sihirli-yerler-ve-karakterler-kartpostal-boyama-kitabi\/","title":{"rendered":"Harry Potter Sihirli Yerler ve Karakterler &#8211; Kartpostal Boyama Kitab\u0131"},"content":{"rendered":"<p>Harry Potter Sihirli Yerler ve Karakterler Kartpostal Boyama Kitab\u0131 Serinin en sevilen karakterlerinden baz\u0131lar\u0131n\u0131 i\u00e7eren karma\u015f\u0131k \u00e7izimlerle resmedilmi\u015f Gringotts\u2019un g\u00f6rkemli koridorlar\u0131 ve Balyumruk\u2019un \u015fekerleme dolu raflar\u0131 boya kalemlerinizle sizi bekliyor. Hogwarts, Hogsmeade ve Diagon Yolu\u2019ndan \u00e7arp\u0131c\u0131 sahnelerle dolu yirmi kartpostaldan olu\u015fan bu m\u00fcthi\u015f kitap renklerin sihrini arkada\u015flar\u0131n\u0131zla ve ailenizle payla\u015fmak i\u00e7in m\u00fckemmel!Dilerseniz renklendirdi\u011finiz kartpostallar\u0131 sevdiklerinize g\u00f6nderebilir, dilerseniz hepsini kendinize saklayabilirsiniz. Boya kalemlerinizi haz\u0131rlay\u0131n, \u00e7ok zevkli bir etkinlik sizi bekliyor! <\/p>\n","protected":false},"excerpt":{"rendered":"<p>Harry Potter Sihirli Yerler ve Karakterler Kartpostal Boyama Kitab\u0131 Serinin en sevilen karakterlerinden baz\u0131lar\u0131n\u0131 i\u00e7eren karma\u015f\u0131k \u00e7izimlerle resmedilmi\u015f Gringotts\u2019un g\u00f6rkemli koridorlar\u0131 ve Balyumruk\u2019un \u015fekerleme dolu raflar\u0131<span class=\"excerpt-hellip\"> [\u2026]<\/span><\/p>\n","protected":false},"featured_media":0,"template":"","meta":{"_monsterinsights_skip_tracking":false,"_monsterinsights_sitenote_active":false,"_monsterinsights_sitenote_note":"","_monsterinsights_sitenote_category":0},"product_brand":[],"product_cat":[12644,12274],"product_tag":[],"class_list":{"0":"post-726786","1":"product","2":"type-product","3":"status-publish","5":"product_cat-boyama-kitaplari","6":"product_cat-cocuk-ve-genclik-kitaplari","7":"pa_cilt-ciltsiz","8":"pa_tur-kitap","9":"pa_yayinevi-yapi-kredi-yayinlari","10":"pa_yazar-kolektif","12":"first","13":"instock","14":"sale","15":"shipping-taxable","16":"purchasable","17":"product-type-simple"},"_links":{"self":[{"href":"https:\/\/roveyayinevi.com.tr\/index.php\/wp-json\/wp\/v2\/product\/726786","targetHints":{"allow":["GET"]}}],"collection":[{"href":"https:\/\/roveyayinevi.com.tr\/index.php\/wp-json\/wp\/v2\/product"}],"about":[{"href":"https:\/\/roveyayinevi.com.tr\/index.php\/wp-json\/wp\/v2\/types\/product"}],"wp:attachment":[{"href":"https:\/\/roveyayinevi.com.tr\/index.php\/wp-json\/wp\/v2\/media?parent=726786"}],"wp:term":[{"taxonomy":"product_brand","embeddable":true,"href":"https:\/\/roveyayinevi.com.tr\/index.php\/wp-json\/wp\/v2\/product_brand?post=726786"},{"taxonomy":"product_cat","embeddable":true,"href":"https:\/\/roveyayinevi.com.tr\/index.php\/wp-json\/wp\/v2\/product_cat?post=726786"},{"taxonomy":"product_tag","embeddable":true,"href":"https:\/\/roveyayinevi.com.tr\/index.php\/wp-json\/wp\/v2\/product_tag?post=726786"}],"curies":[{"name":"wp","href":"https:\/\/api.w.org\/{rel}","templated":true}]}}