{"id":726785,"date":"2025-08-27T20:11:58","date_gmt":"2025-08-27T17:11:58","guid":{"rendered":"https:\/\/roveyayinevi.com.tr\/index.php\/urun\/harry-potter-ve-ates-kadehi-4-ciltli-resimli-ozel-baski\/"},"modified":"2026-04-16T02:34:45","modified_gmt":"2026-04-15T23:34:45","slug":"harry-potter-ve-ates-kadehi-4-ciltli-resimli-ozel-baski","status":"publish","type":"product","link":"https:\/\/roveyayinevi.com.tr\/index.php\/urun\/harry-potter-ve-ates-kadehi-4-ciltli-resimli-ozel-baski\/","title":{"rendered":"Harry Potter ve Ate\u015f Kadehi -4 (Ciltli , Resimli \u00d6zel Bask\u0131)"},"content":{"rendered":"<p>Okul y\u0131l\u0131 boyunca \u00fc\u00e7 g\u00f6rev yerine getirilecek ve bunlar \u015fampiyonlar\u0131n farkl\u0131 farkl\u0131 niteliklerini s\u0131nayacak&#8230; sihirli g\u00fc\u00e7lerini \u2013 cesaretlerini \u2013 sonuca varma yetilerini \u2013 ve, elbette, tehlikeyle ba\u015fa \u00e7\u0131kma yeteneklerini. Quidditch D\u00fcnya Kupas\u0131\u2019nda Kara Leke\u2019nin g\u00f6ky\u00fcz\u00fcnde belirdi\u011fi andan itibaren tehlike Harry Potter\u2019\u0131n pe\u015fini b\u0131rakmaz. Harry efsanevi \u00dc\u00e7b\u00fcy\u00fcc\u00fc Turnuvas\u0131\u2019nda Hogwarts\u2019\u0131 temsil etmek \u00fczere se\u00e7ilir; en maharetli b\u00fcy\u00fcc\u00fcleri bile zorlayacak sihir ve cesaret testleriyle s\u0131nan\u0131r \u2013 ilk g\u00f6rev onu ac\u0131mas\u0131z Macar Boynuzkuyruk\u2019la kar\u015f\u0131 kar\u015f\u0131ya getirir. Oysaki yar\u0131\u015fma Harry i\u00e7in \u00e7ok daha u\u011fursuz bir g\u00fc\u00e7 s\u0131nav\u0131n\u0131n ba\u015flang\u0131c\u0131d\u0131r. Tom Riddle\u2019\u0131n atalar\u0131n\u0131n yatt\u0131\u011f\u0131 mezar\u0131n bulundu\u011fu K\u00fc\u00e7\u00fck Hangleton\u2019\u0131n sisleri aras\u0131nda en Karanl\u0131k b\u00fcy\u00fc haz\u0131rlanmaktad\u0131r\u2026 E\u015fsiz sanatsal maharetiyle Kate Greenaway Madalyas\u0131\u2019n\u0131 kazanan Jim Kay, Beauxbatons, Durmstrang ve Hogwarts\u2019\u0131n \u00dc\u00e7b\u00fcy\u00fcc\u00fc Turnuvas\u0131\u2019n\u0131 kazanmak i\u00e7in m\u00fccade etti\u011fi J.K. Rowling\u2019in \u00e7ok sevilen serisinin d\u00f6rd\u00fcnc\u00fc kitab\u0131n\u0131n bu m\u00fcthi\u015f resimli \u00f6zel bask\u0131s\u0131nda en sevilen karakterlerin \u2013 Delig\u00f6z, Viktor Krum, Rita Skeeter daha pek \u00e7oklar\u0131n\u0131n \u2013 nefes kesen sahnelerini canland\u0131r\u0131yor. <\/p>\n","protected":false},"excerpt":{"rendered":"<p>Okul y\u0131l\u0131 boyunca \u00fc\u00e7 g\u00f6rev yerine getirilecek ve bunlar \u015fampiyonlar\u0131n farkl\u0131 farkl\u0131 niteliklerini s\u0131nayacak&#8230; sihirli g\u00fc\u00e7lerini \u2013 cesaretlerini \u2013 sonuca varma yetilerini \u2013 ve, elbette, tehlikeyle<span class=\"excerpt-hellip\"> [\u2026]<\/span><\/p>\n","protected":false},"featured_media":0,"template":"","meta":{"_monsterinsights_skip_tracking":false,"_monsterinsights_sitenote_active":false,"_monsterinsights_sitenote_note":"","_monsterinsights_sitenote_category":0},"product_brand":[],"product_cat":[12275,12274],"product_tag":[],"class_list":{"0":"post-726785","1":"product","2":"type-product","3":"status-publish","5":"product_cat-6-12-yas-kitaplari","6":"product_cat-cocuk-ve-genclik-kitaplari","7":"pa_cilt-ciltli","8":"pa_tur-kitap","9":"pa_yayinevi-yapi-kredi-yayinlari-kultur","10":"pa_yazar-j-k-rowling","12":"first","13":"instock","14":"sale","15":"shipping-taxable","16":"purchasable","17":"product-type-simple"},"_links":{"self":[{"href":"https:\/\/roveyayinevi.com.tr\/index.php\/wp-json\/wp\/v2\/product\/726785","targetHints":{"allow":["GET"]}}],"collection":[{"href":"https:\/\/roveyayinevi.com.tr\/index.php\/wp-json\/wp\/v2\/product"}],"about":[{"href":"https:\/\/roveyayinevi.com.tr\/index.php\/wp-json\/wp\/v2\/types\/product"}],"wp:attachment":[{"href":"https:\/\/roveyayinevi.com.tr\/index.php\/wp-json\/wp\/v2\/media?parent=726785"}],"wp:term":[{"taxonomy":"product_brand","embeddable":true,"href":"https:\/\/roveyayinevi.com.tr\/index.php\/wp-json\/wp\/v2\/product_brand?post=726785"},{"taxonomy":"product_cat","embeddable":true,"href":"https:\/\/roveyayinevi.com.tr\/index.php\/wp-json\/wp\/v2\/product_cat?post=726785"},{"taxonomy":"product_tag","embeddable":true,"href":"https:\/\/roveyayinevi.com.tr\/index.php\/wp-json\/wp\/v2\/product_tag?post=726785"}],"curies":[{"name":"wp","href":"https:\/\/api.w.org\/{rel}","templated":true}]}}