{"id":726782,"date":"2025-08-27T20:11:55","date_gmt":"2025-08-27T17:11:55","guid":{"rendered":"https:\/\/roveyayinevi.com.tr\/index.php\/urun\/bu-iste-bir-kostebek-var\/"},"modified":"2026-04-08T02:43:26","modified_gmt":"2026-04-07T23:43:26","slug":"bu-iste-bir-kostebek-var","status":"publish","type":"product","link":"https:\/\/roveyayinevi.com.tr\/index.php\/urun\/bu-iste-bir-kostebek-var\/","title":{"rendered":"Bu \u0130\u015fte Bir K\u00f6stebek Var"},"content":{"rendered":"<p>D\u00fc\u015f\u00fcncelerinize dikkat edin! \u00c7ukurun dibinde &#8221;filozof&#8221; bir k\u00f6stebek var&#8230; Eserleri ondan fazla dile \u00e7evrilen \u00f6d\u00fcll\u00fc yazar Cary Fagan, aile i\u00e7i ili\u015fkiler ve ileti\u015fim konular\u0131n\u0131 ele ald\u0131\u011f\u0131 Bu \u0130\u015fte Bir K\u00f6stebek Var&#8217;la, ebeveyn tutum ve davran\u0131\u015flar\u0131n\u0131n \u00e7ocuklar \u00fczerindeki etkisini tart\u0131\u015f\u0131yor. Aileyi bir arada tutan de\u011ferlere de\u011finirken &#8221;aile i\u00e7i demokrasi kavram\u0131&#8221;na da temas eden bu d\u00fc\u015f\u00fcnd\u00fcr\u00fcc\u00fc roman, savrulmakta olan bir ailenin ya\u015fad\u0131\u011f\u0131 sorunlar\u0131, evin en k\u00fc\u00e7\u00fc\u011f\u00fcn\u00fcn g\u00f6z\u00fcnden payla\u015f\u0131yor.Fagan, \u00f6fke kontrol\u00fcn\u00fcn \u00f6nemi gibi, bireyin ruhsal ve sosyal hayat\u0131na tesir eden hassas bir noktaya dikkat \u00e7ekerken; kar\u015f\u0131l\u0131kl\u0131 ili\u015fkilerde sevgi, sayg\u0131 ve ho\u015fg\u00f6r\u00fcden \u00f6d\u00fcn vermemek gerekti\u011fine de vurgu yap\u0131yor.  Ailesinin &#8221;aniden&#8221; ald\u0131\u011f\u0131 ta\u015f\u0131nma karar\u0131na b\u00fcy\u00fck tepki g\u00f6steren ve \u00f6fkeyle evden f\u0131rlayan Danny, \u00f6n\u00fcne bakmadan ko\u015farken, dev bir in\u015faat \u00e7ukuruna d\u00fc\u015fer. Dipsiz bir karanl\u0131\u011f\u0131n doldurdu\u011fu bu koca \u00e7ukurda, yan\u0131nda okul \u00e7antas\u0131ndan ve zek\u00e2s\u0131ndan ba\u015fka hi\u00e7bir \u015fey yoktur. Yerin metrelerce alt\u0131nda d\u00fc\u015f\u00fcncelere dal\u0131p \u00f6fkesini dindirmeye \u00e7al\u0131\u015f\u0131rken; \u015fiir tutkunu, &#8221;filozof&#8221; ruhlu bir k\u00f6stebekle kar\u015f\u0131la\u015f\u0131r. Bir an \u00f6nce sakinle\u015fip bir \u00e7\u0131k\u0131\u015f yolu bulmal\u0131d\u0131r. Pek \u00e7ok \u015fey dener ama ba\u015far\u0131l\u0131 olamaz. Kaderine boyun e\u011fip, \u00e7aresizce onu kurtaracak birini beklemeye karar vermi\u015fken, k\u00f6stebekle dertle\u015fmeye ba\u015flar. Hayat\u0131n g\u00fczellikleri ve aile birli\u011fi \u00fczerine yapt\u0131klar\u0131 &#8221;derinlikli&#8221; konu\u015fmalar, \u00e7ok ge\u00e7meden Danny&#8217;nin daha olgun ve mant\u0131kl\u0131 d\u00fc\u015f\u00fcnmesine sebep olur. Danny&#8217;nin, d\u00fc\u015ft\u00fc\u011f\u00fc \u00e7ukurdan ve bu ak\u0131ll\u0131 k\u00f6stebekten \u00f6\u011frenecek \u00e7ok \u015feyi vard\u0131r&#8230; \u00d6fkesi ve \u00f6nyarg\u0131lar\u0131 y\u00fcz\u00fcnden ger\u00e7ekleri g\u00f6rmekte zorlanan bir \u00e7ocu\u011fun b\u00fcy\u00fcme ve olgunla\u015fma ser\u00fcvenini sayfalara ta\u015f\u0131yan Cary Fagan; yeralt\u0131nda geli\u015fen s\u0131ra d\u0131\u015f\u0131 bir dostluk ili\u015fkisi \u00fczerinden, bamba\u015fka bir Robinson Crusoe hik\u00e2yesi anlat\u0131yor. Bu \u0130\u015fte Bir K\u00f6stebek Var, kimi ger\u00e7ekleri i\u00e7selle\u015ftirebilmek, daha kolay sindirebilmek i\u00e7in madalyonun \u00f6teki y\u00fcz\u00fcne de bakmak gerekti\u011fini hat\u0131rlat\u0131yor. <\/p>\n","protected":false},"excerpt":{"rendered":"<p>D\u00fc\u015f\u00fcncelerinize dikkat edin! \u00c7ukurun dibinde &#8221;filozof&#8221; bir k\u00f6stebek var&#8230; Eserleri ondan fazla dile \u00e7evrilen \u00f6d\u00fcll\u00fc yazar Cary Fagan, aile i\u00e7i ili\u015fkiler ve ileti\u015fim konular\u0131n\u0131 ele ald\u0131\u011f\u0131<span class=\"excerpt-hellip\"> [\u2026]<\/span><\/p>\n","protected":false},"featured_media":0,"template":"","meta":{"_monsterinsights_skip_tracking":false,"_monsterinsights_sitenote_active":false,"_monsterinsights_sitenote_note":"","_monsterinsights_sitenote_category":0},"product_brand":[],"product_cat":[12275,12274],"product_tag":[],"class_list":{"0":"post-726782","1":"product","2":"type-product","3":"status-publish","5":"product_cat-6-12-yas-kitaplari","6":"product_cat-cocuk-ve-genclik-kitaplari","7":"pa_cilt-ciltsiz","8":"pa_tur-kitap","9":"pa_yayinevi-tudem-yayinlari","10":"pa_yazar-cary-fagan","12":"first","13":"instock","14":"sale","15":"shipping-taxable","16":"purchasable","17":"product-type-simple"},"_links":{"self":[{"href":"https:\/\/roveyayinevi.com.tr\/index.php\/wp-json\/wp\/v2\/product\/726782","targetHints":{"allow":["GET"]}}],"collection":[{"href":"https:\/\/roveyayinevi.com.tr\/index.php\/wp-json\/wp\/v2\/product"}],"about":[{"href":"https:\/\/roveyayinevi.com.tr\/index.php\/wp-json\/wp\/v2\/types\/product"}],"wp:attachment":[{"href":"https:\/\/roveyayinevi.com.tr\/index.php\/wp-json\/wp\/v2\/media?parent=726782"}],"wp:term":[{"taxonomy":"product_brand","embeddable":true,"href":"https:\/\/roveyayinevi.com.tr\/index.php\/wp-json\/wp\/v2\/product_brand?post=726782"},{"taxonomy":"product_cat","embeddable":true,"href":"https:\/\/roveyayinevi.com.tr\/index.php\/wp-json\/wp\/v2\/product_cat?post=726782"},{"taxonomy":"product_tag","embeddable":true,"href":"https:\/\/roveyayinevi.com.tr\/index.php\/wp-json\/wp\/v2\/product_tag?post=726782"}],"curies":[{"name":"wp","href":"https:\/\/api.w.org\/{rel}","templated":true}]}}