{"id":726781,"date":"2025-08-27T20:11:54","date_gmt":"2025-08-27T17:11:54","guid":{"rendered":"https:\/\/roveyayinevi.com.tr\/index.php\/urun\/fizik-felsefesine-giris-istanbul-konferanslari\/"},"modified":"2026-04-16T02:34:44","modified_gmt":"2026-04-15T23:34:44","slug":"fizik-felsefesine-giris-istanbul-konferanslari","status":"publish","type":"product","link":"https:\/\/roveyayinevi.com.tr\/index.php\/urun\/fizik-felsefesine-giris-istanbul-konferanslari\/","title":{"rendered":"Fizik Felsefesine Giri\u015f \u2013\u0130stanbul Konferanslar\u0131"},"content":{"rendered":"<p>\u00dcnl\u00fc bilim felsefecisi Hans Reichenbach, Nazi Almanya\u2019s\u0131ndan ka\u00e7arak T\u00fcrkiye\u2019ye gelen en \u00f6nemli isimlerdendir. Bilimsel Felsefenin Do\u011fu\u015fu eserinin \u00f6n haz\u0131rl\u0131klar\u0131n\u0131 T\u00fcrkiye\u2019de yapm\u0131\u015f ve kitab\u0131nda yer verdi\u011fi, bilimsel felsefe, nedensellik ve fizik felsefesiyle ilgili d\u00fc\u015f\u00fcncelerinin bir k\u0131sm\u0131n\u0131 \u201c\u00dcniversite Konferanslar\u0131\u201dnda sunmu\u015ftur. Fizik Felsefesine Giri\u015f\/\u0130stanbul Konferanslar\u0131 ba\u015fl\u0131kl\u0131 bu kitap, bu konferanslar\u0131n bir araya getirilmesiyle olu\u015fan bir se\u00e7kidir. Bu se\u00e7kide fizik felsefesinin temel konular\u0131, fizik felsefesinin evriminde ve modern fizi\u011fe ge\u00e7i\u015fte Descartes, Kant ve Hume felsefesinin rol\u00fc ele al\u0131nan temel konulardand\u0131r<\/p>\n","protected":false},"excerpt":{"rendered":"<p>\u00dcnl\u00fc bilim felsefecisi Hans Reichenbach, Nazi Almanya\u2019s\u0131ndan ka\u00e7arak T\u00fcrkiye\u2019ye gelen en \u00f6nemli isimlerdendir. Bilimsel Felsefenin Do\u011fu\u015fu eserinin \u00f6n haz\u0131rl\u0131klar\u0131n\u0131 T\u00fcrkiye\u2019de yapm\u0131\u015f ve kitab\u0131nda yer verdi\u011fi, bilimsel<span class=\"excerpt-hellip\"> [\u2026]<\/span><\/p>\n","protected":false},"featured_media":0,"template":"","meta":{"_monsterinsights_skip_tracking":false,"_monsterinsights_sitenote_active":false,"_monsterinsights_sitenote_note":"","_monsterinsights_sitenote_category":0},"product_brand":[],"product_cat":[12389,12388],"product_tag":[],"class_list":{"0":"post-726781","1":"product","2":"type-product","3":"status-publish","5":"product_cat-diger-felsefe","6":"product_cat-felsefe","7":"pa_cilt-ciltsiz","8":"pa_tur-kitap","9":"pa_yayinevi-fol-kitap","10":"pa_yazar-hans-reichenbach","12":"first","13":"instock","14":"sale","15":"shipping-taxable","16":"purchasable","17":"product-type-simple"},"_links":{"self":[{"href":"https:\/\/roveyayinevi.com.tr\/index.php\/wp-json\/wp\/v2\/product\/726781","targetHints":{"allow":["GET"]}}],"collection":[{"href":"https:\/\/roveyayinevi.com.tr\/index.php\/wp-json\/wp\/v2\/product"}],"about":[{"href":"https:\/\/roveyayinevi.com.tr\/index.php\/wp-json\/wp\/v2\/types\/product"}],"wp:attachment":[{"href":"https:\/\/roveyayinevi.com.tr\/index.php\/wp-json\/wp\/v2\/media?parent=726781"}],"wp:term":[{"taxonomy":"product_brand","embeddable":true,"href":"https:\/\/roveyayinevi.com.tr\/index.php\/wp-json\/wp\/v2\/product_brand?post=726781"},{"taxonomy":"product_cat","embeddable":true,"href":"https:\/\/roveyayinevi.com.tr\/index.php\/wp-json\/wp\/v2\/product_cat?post=726781"},{"taxonomy":"product_tag","embeddable":true,"href":"https:\/\/roveyayinevi.com.tr\/index.php\/wp-json\/wp\/v2\/product_tag?post=726781"}],"curies":[{"name":"wp","href":"https:\/\/api.w.org\/{rel}","templated":true}]}}