{"id":726778,"date":"2025-08-27T20:11:52","date_gmt":"2025-08-27T17:11:52","guid":{"rendered":"https:\/\/roveyayinevi.com.tr\/index.php\/urun\/bilge-tonyukuk-yaziti-ciltli\/"},"modified":"2026-04-16T02:34:44","modified_gmt":"2026-04-15T23:34:44","slug":"bilge-tonyukuk-yaziti-ciltli","status":"publish","type":"product","link":"https:\/\/roveyayinevi.com.tr\/index.php\/urun\/bilge-tonyukuk-yaziti-ciltli\/","title":{"rendered":"Bilge Tonyukuk Yaz\u0131t\u0131 (Ciltli )"},"content":{"rendered":"<p>Mo\u011folistan\u2019\u0131n ba\u015fkenti Ulan Bator\u2019a 56 km mesafede, Nalayh kasabas\u0131n\u0131n yak\u0131nlar\u0131ndaki Bayan \u00c7okto\u2019da, T\u00fcrk tarihinin en \u00f6nemli hat\u0131ralar\u0131ndan biri olarak 1300 y\u0131l boyunca zamana direnen Tonyukuk Yaz\u0131t\u0131 yer almaktad\u0131r. \u201cEdip, bilge, devlet adam\u0131, komutan, sava\u015f teorisyeni ve bozk\u0131r misti\u011fi\u201d Tonyukuk\u2019un elli y\u0131ll\u0131k bir fetretten sonra K\u00f6kt\u00fcrk Devleti\u2019nin yeniden ihya edilmesindeki rol\u00fcn\u00fc anlatt\u0131\u011f\u0131 bir nevi savunma niteli\u011findeki bu metin, ayn\u0131 zamanda T\u00fcrk\u00e7enin de yal\u0131n ve g\u00fc\u00e7l\u00fc bir edeb\u00ee an\u0131t\u0131 olarak T\u00fcrk dili ve k\u00fclt\u00fcr tarihi i\u00e7inde temay\u00fcz etmektedir. Tonyukuk Yaz\u0131t\u0131 ara\u015ft\u0131rmalar\u0131na bir katk\u0131 sunmak \u00fczere haz\u0131rlanan bu \u00e7al\u0131\u015fmada hem b\u00fcy\u00fck bilgenin hayat\u0131na dair metin merkezli yeni bir bak\u0131\u015f a\u00e7\u0131s\u0131 ortaya konulmu\u015f hem de T\u00fcrk filolojisi a\u00e7\u0131s\u0131ndan metnin tarih\u00ee veriler ve \u00f6nceki yay\u0131nlar \u0131\u015f\u0131\u011f\u0131nda yeni bir de\u011ferlendirmesine giri\u015filmi\u015ftir.<\/p>\n","protected":false},"excerpt":{"rendered":"<p>Mo\u011folistan\u2019\u0131n ba\u015fkenti Ulan Bator\u2019a 56 km mesafede, Nalayh kasabas\u0131n\u0131n yak\u0131nlar\u0131ndaki Bayan \u00c7okto\u2019da, T\u00fcrk tarihinin en \u00f6nemli hat\u0131ralar\u0131ndan biri olarak 1300 y\u0131l boyunca zamana direnen Tonyukuk Yaz\u0131t\u0131<span class=\"excerpt-hellip\"> [\u2026]<\/span><\/p>\n","protected":false},"featured_media":0,"template":"","meta":{"_monsterinsights_skip_tracking":false,"_monsterinsights_sitenote_active":false,"_monsterinsights_sitenote_note":"","_monsterinsights_sitenote_category":0},"product_brand":[],"product_cat":[12573,12566],"product_tag":[],"class_list":{"0":"post-726778","1":"product","2":"type-product","3":"status-publish","5":"product_cat-akademik-kitaplar","6":"product_cat-egitim","7":"pa_cilt-ciltli","8":"pa_tur-kitap","9":"pa_yayinevi-otuken-nesriyat","10":"pa_yazar-ali-akar","12":"first","13":"instock","14":"sale","15":"shipping-taxable","16":"purchasable","17":"product-type-simple"},"_links":{"self":[{"href":"https:\/\/roveyayinevi.com.tr\/index.php\/wp-json\/wp\/v2\/product\/726778","targetHints":{"allow":["GET"]}}],"collection":[{"href":"https:\/\/roveyayinevi.com.tr\/index.php\/wp-json\/wp\/v2\/product"}],"about":[{"href":"https:\/\/roveyayinevi.com.tr\/index.php\/wp-json\/wp\/v2\/types\/product"}],"wp:attachment":[{"href":"https:\/\/roveyayinevi.com.tr\/index.php\/wp-json\/wp\/v2\/media?parent=726778"}],"wp:term":[{"taxonomy":"product_brand","embeddable":true,"href":"https:\/\/roveyayinevi.com.tr\/index.php\/wp-json\/wp\/v2\/product_brand?post=726778"},{"taxonomy":"product_cat","embeddable":true,"href":"https:\/\/roveyayinevi.com.tr\/index.php\/wp-json\/wp\/v2\/product_cat?post=726778"},{"taxonomy":"product_tag","embeddable":true,"href":"https:\/\/roveyayinevi.com.tr\/index.php\/wp-json\/wp\/v2\/product_tag?post=726778"}],"curies":[{"name":"wp","href":"https:\/\/api.w.org\/{rel}","templated":true}]}}