{"id":726777,"date":"2025-08-27T20:11:51","date_gmt":"2025-08-27T17:11:51","guid":{"rendered":"https:\/\/roveyayinevi.com.tr\/index.php\/urun\/pedagojik-dertlenmeler\/"},"modified":"2026-04-16T02:34:44","modified_gmt":"2026-04-15T23:34:44","slug":"pedagojik-dertlenmeler","status":"publish","type":"product","link":"https:\/\/roveyayinevi.com.tr\/index.php\/urun\/pedagojik-dertlenmeler\/","title":{"rendered":"Pedagojik Dertlenmeler"},"content":{"rendered":"<p>Geli\u015fimin bir \u00f6m\u00fcr zorunluluk oldu\u011fu g\u00fcn\u00fcm\u00fczde gerek ki\u015fisel gerekse toplumsal geli\u015fmenin pin kodunu pedagoji olu\u015fturuyor.  Parmak izi kadar \u00f6zel ve biricik olan bu kodlar do\u011fru okundu\u011funda ya\u015fam daha anlaml\u0131 hale geliyor, huzur ve mutluluk yak\u0131nla\u015f\u0131yor. \u0130nsan\u0131n psiko-sosyal \u00f6zelliklerini i\u00e7eren s\u00f6z konusu \u015fifreler e\u011fitim s\u00fcrecine yerle\u015ftirildi\u011findeyse toplumsal kalk\u0131nman\u0131n ilk ko\u015fulu ger\u00e7ekle\u015fmi\u015f oluyor. Pedagojik Dertlenmeler, yazar\u0131n her birimize tan\u0131d\u0131k gelen ki\u015fisel hikayelerinden olu\u015fan denemeler. Ya\u015fama dair bu rehber yaz\u0131lar arac\u0131l\u0131\u011f\u0131yla okuyucular olarak bir yandan 21.y\u00fczy\u0131lda e\u011fitimin de\u011fi\u015fen y\u00f6nlerini yenilik\u00e7i bir ufukla de\u011ferlendirirken di\u011fer yandan insanl\u0131\u011f\u0131n t\u00fcm zamanlar i\u00e7in ge\u00e7erli evrensel taraf\u0131na do\u011fru keyifli bir yolculu\u011fa \u00e7\u0131k\u0131yoruz. <\/p>\n","protected":false},"excerpt":{"rendered":"<p>Geli\u015fimin bir \u00f6m\u00fcr zorunluluk oldu\u011fu g\u00fcn\u00fcm\u00fczde gerek ki\u015fisel gerekse toplumsal geli\u015fmenin pin kodunu pedagoji olu\u015fturuyor. Parmak izi kadar \u00f6zel ve biricik olan bu kodlar do\u011fru okundu\u011funda<span class=\"excerpt-hellip\"> [\u2026]<\/span><\/p>\n","protected":false},"featured_media":0,"template":"","meta":{"_monsterinsights_skip_tracking":false,"_monsterinsights_sitenote_active":false,"_monsterinsights_sitenote_note":"","_monsterinsights_sitenote_category":0},"product_brand":[],"product_cat":[12364,12376],"product_tag":[],"class_list":{"0":"post-726777","1":"product","2":"type-product","3":"status-publish","5":"product_cat-genel-konular","6":"product_cat-kisisel-gelisim","7":"pa_cilt-ciltsiz","8":"pa_tur-kitap","9":"pa_yayinevi-gumbel-yayim","10":"pa_yazar-baris-aygener","12":"first","13":"instock","14":"sale","15":"shipping-taxable","16":"purchasable","17":"product-type-simple"},"_links":{"self":[{"href":"https:\/\/roveyayinevi.com.tr\/index.php\/wp-json\/wp\/v2\/product\/726777","targetHints":{"allow":["GET"]}}],"collection":[{"href":"https:\/\/roveyayinevi.com.tr\/index.php\/wp-json\/wp\/v2\/product"}],"about":[{"href":"https:\/\/roveyayinevi.com.tr\/index.php\/wp-json\/wp\/v2\/types\/product"}],"wp:attachment":[{"href":"https:\/\/roveyayinevi.com.tr\/index.php\/wp-json\/wp\/v2\/media?parent=726777"}],"wp:term":[{"taxonomy":"product_brand","embeddable":true,"href":"https:\/\/roveyayinevi.com.tr\/index.php\/wp-json\/wp\/v2\/product_brand?post=726777"},{"taxonomy":"product_cat","embeddable":true,"href":"https:\/\/roveyayinevi.com.tr\/index.php\/wp-json\/wp\/v2\/product_cat?post=726777"},{"taxonomy":"product_tag","embeddable":true,"href":"https:\/\/roveyayinevi.com.tr\/index.php\/wp-json\/wp\/v2\/product_tag?post=726777"}],"curies":[{"name":"wp","href":"https:\/\/api.w.org\/{rel}","templated":true}]}}