{"id":726776,"date":"2025-08-27T20:11:50","date_gmt":"2025-08-27T17:11:50","guid":{"rendered":"https:\/\/roveyayinevi.com.tr\/index.php\/urun\/sarmasik\/"},"modified":"2026-04-16T02:34:44","modified_gmt":"2026-04-15T23:34:44","slug":"sarmasik","status":"publish","type":"product","link":"https:\/\/roveyayinevi.com.tr\/index.php\/urun\/sarmasik\/","title":{"rendered":"Sarma\u015f\u0131k"},"content":{"rendered":"<p>Kaybolan bir kedi. Onun pe\u015finden giden bir yazar. Esrarengiz Ye\u015fil Ev\u2019in bah\u00e7esinde beklenmedik bir kar\u015f\u0131la\u015fma. D\u00fc\u015f ile ger\u00e7e\u011fin, ge\u00e7mi\u015f ile \u015fimdinin kesi\u015fti\u011fi yerde ya\u015fanan, esasl\u0131 bir hesapla\u015fma. \u201cDur,\u201d dedim, \u201cnereye gidiyorsun?\u201d Gitmesini istemiyordum. Arka bah\u00e7ede zaman dursun istiyordum. Bir daha gitmesine, birinin daha gitmesine dayanamazd\u0131m ki? G\u00fc\u00e7l\u00fc de\u011fildim ben, hi\u00e7 olmam\u0131\u015ft\u0131m. \u201cGitme baba!\u201d SARMA\u015eIK Bir baba o\u011ful hik\u00e2yesi. <\/p>\n","protected":false},"excerpt":{"rendered":"<p>Kaybolan bir kedi. Onun pe\u015finden giden bir yazar. Esrarengiz Ye\u015fil Ev\u2019in bah\u00e7esinde beklenmedik bir kar\u015f\u0131la\u015fma. D\u00fc\u015f ile ger\u00e7e\u011fin, ge\u00e7mi\u015f ile \u015fimdinin kesi\u015fti\u011fi yerde ya\u015fanan, esasl\u0131 bir<span class=\"excerpt-hellip\"> [\u2026]<\/span><\/p>\n","protected":false},"featured_media":0,"template":"","meta":{"_monsterinsights_skip_tracking":false,"_monsterinsights_sitenote_active":false,"_monsterinsights_sitenote_note":"","_monsterinsights_sitenote_category":0},"product_brand":[],"product_cat":[12689,12274],"product_tag":[],"class_list":{"0":"post-726776","1":"product","2":"type-product","3":"status-publish","5":"product_cat-cizgi-roman-cocuk-ve-genclik-kitaplari","6":"product_cat-cocuk-ve-genclik-kitaplari","7":"pa_cilt-ciltsiz","8":"pa_tur-kitap","9":"pa_yayinevi-can-yayinlari","10":"pa_yazar-yekta-kopan","12":"first","13":"instock","14":"sale","15":"shipping-taxable","16":"purchasable","17":"product-type-simple"},"_links":{"self":[{"href":"https:\/\/roveyayinevi.com.tr\/index.php\/wp-json\/wp\/v2\/product\/726776","targetHints":{"allow":["GET"]}}],"collection":[{"href":"https:\/\/roveyayinevi.com.tr\/index.php\/wp-json\/wp\/v2\/product"}],"about":[{"href":"https:\/\/roveyayinevi.com.tr\/index.php\/wp-json\/wp\/v2\/types\/product"}],"wp:attachment":[{"href":"https:\/\/roveyayinevi.com.tr\/index.php\/wp-json\/wp\/v2\/media?parent=726776"}],"wp:term":[{"taxonomy":"product_brand","embeddable":true,"href":"https:\/\/roveyayinevi.com.tr\/index.php\/wp-json\/wp\/v2\/product_brand?post=726776"},{"taxonomy":"product_cat","embeddable":true,"href":"https:\/\/roveyayinevi.com.tr\/index.php\/wp-json\/wp\/v2\/product_cat?post=726776"},{"taxonomy":"product_tag","embeddable":true,"href":"https:\/\/roveyayinevi.com.tr\/index.php\/wp-json\/wp\/v2\/product_tag?post=726776"}],"curies":[{"name":"wp","href":"https:\/\/api.w.org\/{rel}","templated":true}]}}