{"id":726775,"date":"2025-08-27T20:11:49","date_gmt":"2025-08-27T17:11:49","guid":{"rendered":"https:\/\/roveyayinevi.com.tr\/index.php\/urun\/neden-basaramiyoruz\/"},"modified":"2026-04-16T02:34:44","modified_gmt":"2026-04-15T23:34:44","slug":"neden-basaramiyoruz","status":"publish","type":"product","link":"https:\/\/roveyayinevi.com.tr\/index.php\/urun\/neden-basaramiyoruz\/","title":{"rendered":"Neden Ba\u015faram\u0131yoruz?"},"content":{"rendered":"<p>Demokrasi herkese gereklidir, buna inanan t\u00fcm bireylere i\u015f d\u00fc\u015f\u00fcyor. Neden ba\u015faram\u0131yoruz? \u00c7\u00fcnk\u00fc kuvvetler ayr\u0131l\u0131\u011f\u0131 hayata ge\u00e7irilemiyor, yarg\u0131 ba\u011f\u0131ms\u0131z de\u011fil! Bug\u00fcn ya\u015fad\u0131\u011f\u0131m\u0131z sorunlar\u0131n temelinde, \u00e7a\u011fda\u015f demokrasinin olmazsa olmaz\u0131 kuvvetler ayr\u0131l\u0131\u011f\u0131n\u0131n tam ger\u00e7ekle\u015ftirilememesi vard\u0131r. Kuvvetler ayr\u0131l\u0131\u011f\u0131n\u0131n tam ger\u00e7ekle\u015fmesi i\u00e7in meclisin iktidar\u0131 denetleyebilmesi, d\u00fc\u015f\u00fcnceyi yayma ve \u00f6rg\u00fctlenme \u00f6zg\u00fcrl\u00fc\u011f\u00fc yan\u0131nda yarg\u0131n\u0131n ba\u011f\u0131ms\u0131z ve tarafs\u0131z, yerel y\u00f6netimlerde \u00f6zerklik, siyasi partilerde i\u00e7 demokrasi olmas\u0131 gereklidir. T\u00fcm bunlar sa\u011fland\u0131ktan sonra, \u00fclkemizin \u00f6n\u00fcndeki b\u00fct\u00fcn engeller kalkacak, bug\u00fcn ya\u015fad\u0131\u011f\u0131m\u0131z sorunlarla kar\u015f\u0131la\u015fmayacak ve \u00f6zg\u00fcrl\u00fck i\u00e7inde ya\u015fayaca\u011f\u0131z<\/p>\n","protected":false},"excerpt":{"rendered":"<p>Demokrasi herkese gereklidir, buna inanan t\u00fcm bireylere i\u015f d\u00fc\u015f\u00fcyor. Neden ba\u015faram\u0131yoruz? \u00c7\u00fcnk\u00fc kuvvetler ayr\u0131l\u0131\u011f\u0131 hayata ge\u00e7irilemiyor, yarg\u0131 ba\u011f\u0131ms\u0131z de\u011fil! Bug\u00fcn ya\u015fad\u0131\u011f\u0131m\u0131z sorunlar\u0131n temelinde, \u00e7a\u011fda\u015f demokrasinin olmazsa<span class=\"excerpt-hellip\"> [\u2026]<\/span><\/p>\n","protected":false},"featured_media":0,"template":"","meta":{"_monsterinsights_skip_tracking":false,"_monsterinsights_sitenote_active":false,"_monsterinsights_sitenote_note":"","_monsterinsights_sitenote_category":0},"product_brand":[],"product_cat":[13590,12337],"product_tag":[],"class_list":{"0":"post-726775","1":"product","2":"type-product","3":"status-publish","5":"product_cat-arastirma-inceleme-politika-siyaset","6":"product_cat-politika-siyaset","7":"pa_cilt-ciltsiz","8":"pa_tur-kitap","9":"pa_yayinevi-dogan-kitap","10":"pa_yazar-kaya-erdem","12":"first","13":"instock","14":"sale","15":"shipping-taxable","16":"purchasable","17":"product-type-simple"},"_links":{"self":[{"href":"https:\/\/roveyayinevi.com.tr\/index.php\/wp-json\/wp\/v2\/product\/726775","targetHints":{"allow":["GET"]}}],"collection":[{"href":"https:\/\/roveyayinevi.com.tr\/index.php\/wp-json\/wp\/v2\/product"}],"about":[{"href":"https:\/\/roveyayinevi.com.tr\/index.php\/wp-json\/wp\/v2\/types\/product"}],"wp:attachment":[{"href":"https:\/\/roveyayinevi.com.tr\/index.php\/wp-json\/wp\/v2\/media?parent=726775"}],"wp:term":[{"taxonomy":"product_brand","embeddable":true,"href":"https:\/\/roveyayinevi.com.tr\/index.php\/wp-json\/wp\/v2\/product_brand?post=726775"},{"taxonomy":"product_cat","embeddable":true,"href":"https:\/\/roveyayinevi.com.tr\/index.php\/wp-json\/wp\/v2\/product_cat?post=726775"},{"taxonomy":"product_tag","embeddable":true,"href":"https:\/\/roveyayinevi.com.tr\/index.php\/wp-json\/wp\/v2\/product_tag?post=726775"}],"curies":[{"name":"wp","href":"https:\/\/api.w.org\/{rel}","templated":true}]}}