{"id":726771,"date":"2025-08-27T20:11:46","date_gmt":"2025-08-27T17:11:46","guid":{"rendered":"https:\/\/roveyayinevi.com.tr\/index.php\/urun\/biz-4\/"},"modified":"2026-04-16T02:34:44","modified_gmt":"2026-04-15T23:34:44","slug":"biz-4","status":"publish","type":"product","link":"https:\/\/roveyayinevi.com.tr\/index.php\/urun\/biz-4\/","title":{"rendered":"Biz"},"content":{"rendered":"<p>26. y\u00fczy\u0131lda ya\u015fayan bir matematik\u00e7i D-503. Tek Devlet\u2019in egemenli\u011fini evrene yaymak \u00fczere yola \u00e7\u0131kacak \u0130ntegral\u2019in yap\u0131m\u0131nda \u00e7al\u0131\u015f\u0131yor. Tuttu\u011fu kay\u0131tlarda, ge\u00e7mi\u015fteki mutsuz \u00f6zg\u00fcr \u201cben\u201dliklerden, \u015fimdinin mutlu tutsak \u201cbiz\u201dli\u011fine nas\u0131l ge\u00e7ildi\u011fini anlat\u0131yor. Halinden \u00e7ok memnun, y\u00fczy\u0131llar \u00f6nce ya\u015fam\u0131\u015f insanlar\u0131n ilkelli\u011fine ac\u0131yor, ta ki kendi \u201cbenli\u011fini\u201d g\u00f6rene kadar.  Aldous Huxley\u2019nin Cesur Yeni D\u00fcnyas\u0131\u2019na ve George Orwell\u2019\u0131n 1984\u2019\u00fcne ilham veren roman\u2026 Yevgeni Zamyatin\u2019in Sovyet Devrimi\u2019nin ard\u0131ndan yazd\u0131\u011f\u0131 ve 68 y\u0131l boyunca Rus\u00e7ada bas\u0131lamayan Biz, d\u00fcnya edebiyat\u0131ndaki en g\u00fc\u00e7l\u00fc distopyalardan biri olmay\u0131 s\u00fcrd\u00fcr\u00fcyor. <\/p>\n","protected":false},"excerpt":{"rendered":"<p>26. y\u00fczy\u0131lda ya\u015fayan bir matematik\u00e7i D-503. Tek Devlet\u2019in egemenli\u011fini evrene yaymak \u00fczere yola \u00e7\u0131kacak \u0130ntegral\u2019in yap\u0131m\u0131nda \u00e7al\u0131\u015f\u0131yor. Tuttu\u011fu kay\u0131tlarda, ge\u00e7mi\u015fteki mutsuz \u00f6zg\u00fcr \u201cben\u201dliklerden, \u015fimdinin mutlu tutsak<span class=\"excerpt-hellip\"> [\u2026]<\/span><\/p>\n","protected":false},"featured_media":0,"template":"","meta":{"_monsterinsights_skip_tracking":false,"_monsterinsights_sitenote_active":false,"_monsterinsights_sitenote_note":"","_monsterinsights_sitenote_category":0},"product_brand":[],"product_cat":[12540,12291],"product_tag":[],"class_list":{"0":"post-726771","1":"product","2":"type-product","3":"status-publish","5":"product_cat-bilim-kurgu","6":"product_cat-edebiyat","7":"pa_cilt-ciltsiz","8":"pa_tur-kitap","9":"pa_yayinevi-dex-yayinevi","10":"pa_yazar-yevgeni-zamyatin","12":"first","13":"instock","14":"sale","15":"shipping-taxable","16":"purchasable","17":"product-type-simple"},"_links":{"self":[{"href":"https:\/\/roveyayinevi.com.tr\/index.php\/wp-json\/wp\/v2\/product\/726771","targetHints":{"allow":["GET"]}}],"collection":[{"href":"https:\/\/roveyayinevi.com.tr\/index.php\/wp-json\/wp\/v2\/product"}],"about":[{"href":"https:\/\/roveyayinevi.com.tr\/index.php\/wp-json\/wp\/v2\/types\/product"}],"wp:attachment":[{"href":"https:\/\/roveyayinevi.com.tr\/index.php\/wp-json\/wp\/v2\/media?parent=726771"}],"wp:term":[{"taxonomy":"product_brand","embeddable":true,"href":"https:\/\/roveyayinevi.com.tr\/index.php\/wp-json\/wp\/v2\/product_brand?post=726771"},{"taxonomy":"product_cat","embeddable":true,"href":"https:\/\/roveyayinevi.com.tr\/index.php\/wp-json\/wp\/v2\/product_cat?post=726771"},{"taxonomy":"product_tag","embeddable":true,"href":"https:\/\/roveyayinevi.com.tr\/index.php\/wp-json\/wp\/v2\/product_tag?post=726771"}],"curies":[{"name":"wp","href":"https:\/\/api.w.org\/{rel}","templated":true}]}}