{"id":726770,"date":"2025-08-27T20:11:46","date_gmt":"2025-08-27T17:11:46","guid":{"rendered":"https:\/\/roveyayinevi.com.tr\/index.php\/urun\/2062-yapay-zeka-dunyasi\/"},"modified":"2026-04-16T02:34:44","modified_gmt":"2026-04-15T23:34:44","slug":"2062-yapay-zeka-dunyasi","status":"publish","type":"product","link":"https:\/\/roveyayinevi.com.tr\/index.php\/urun\/2062-yapay-zeka-dunyasi\/","title":{"rendered":"2062 Yapay Zeka D\u00fcnyas\u0131"},"content":{"rendered":"<p>Nas\u0131l bir gelece\u011fe do\u011fru ilerliyoruz? \u0130ktidar\u0131n teknolojik bir elitin elinde yo\u011funla\u015ft\u0131\u011f\u0131; e\u015fitsizli\u011fin artt\u0131\u011f\u0131; asayi\u015fi insan \u00f6ldu\u0308rme yetkisi verilmi\u015f otonom silahlar\u0131n sa\u011flad\u0131\u011f\u0131; g\u00f6zetlenip i\u015fitilmeden tek bir ad\u0131m atamayaca\u011f\u0131m\u0131z; i\u015fimizi makinelere kapt\u0131raca\u011f\u0131m\u0131z distopik bir cehenneme mi varaca\u011f\u0131z? Ya da yolumuz u\u0308topik bir cennete mi \u00e7\u0131kacak? \u00c7al\u0131\u015fmak, \u201cilkel\u201d toplumlarda oldu\u011fu gibi yine ay\u0131p m\u0131 kar\u015f\u0131lanacak? Su\u0308per bilgisayarlar ve onlar\u0131n kontrolu\u0308ndeki makineler, tehlikeli, zor ve monoton i\u015fleri devralarak tu\u0308m insanlar\u0131n mutlu, mu\u0308reffeh bir hayat su\u0308rmesi i\u00e7in mi \u00e7al\u0131\u015facak? Gelece\u011fimizi se\u00e7imlerimiz belirleyecek. \u201cGeni\u015f bir konu yelpazesi, \u00e7ok fazla bilimsel jargonda bo\u011fulmadan alan\u0131 ke\u015ffetmek isteyen okurlar i\u00e7in uygun, temiz, ferah ve teknik olmayan bir dille ele al\u0131n\u0131yor.\u201d \u2014Books+Publishing <\/p>\n","protected":false},"excerpt":{"rendered":"<p>Nas\u0131l bir gelece\u011fe do\u011fru ilerliyoruz? \u0130ktidar\u0131n teknolojik bir elitin elinde yo\u011funla\u015ft\u0131\u011f\u0131; e\u015fitsizli\u011fin artt\u0131\u011f\u0131; asayi\u015fi insan \u00f6ldu\u0308rme yetkisi verilmi\u015f otonom silahlar\u0131n sa\u011flad\u0131\u011f\u0131; g\u00f6zetlenip i\u015fitilmeden tek bir ad\u0131m<span class=\"excerpt-hellip\"> [\u2026]<\/span><\/p>\n","protected":false},"featured_media":0,"template":"","meta":{"_monsterinsights_skip_tracking":false,"_monsterinsights_sitenote_active":false,"_monsterinsights_sitenote_note":"","_monsterinsights_sitenote_category":0},"product_brand":[],"product_cat":[13005,13006],"product_tag":[],"class_list":{"0":"post-726770","1":"product","2":"type-product","3":"status-publish","5":"product_cat-bilim-muhendislik","6":"product_cat-populer-bilim","7":"pa_cilt-ciltsiz","8":"pa_tur-kitap","9":"pa_yayinevi-say-yayinlari","10":"pa_yazar-toby-walsh","12":"first","13":"instock","14":"sale","15":"shipping-taxable","16":"purchasable","17":"product-type-simple"},"_links":{"self":[{"href":"https:\/\/roveyayinevi.com.tr\/index.php\/wp-json\/wp\/v2\/product\/726770","targetHints":{"allow":["GET"]}}],"collection":[{"href":"https:\/\/roveyayinevi.com.tr\/index.php\/wp-json\/wp\/v2\/product"}],"about":[{"href":"https:\/\/roveyayinevi.com.tr\/index.php\/wp-json\/wp\/v2\/types\/product"}],"wp:attachment":[{"href":"https:\/\/roveyayinevi.com.tr\/index.php\/wp-json\/wp\/v2\/media?parent=726770"}],"wp:term":[{"taxonomy":"product_brand","embeddable":true,"href":"https:\/\/roveyayinevi.com.tr\/index.php\/wp-json\/wp\/v2\/product_brand?post=726770"},{"taxonomy":"product_cat","embeddable":true,"href":"https:\/\/roveyayinevi.com.tr\/index.php\/wp-json\/wp\/v2\/product_cat?post=726770"},{"taxonomy":"product_tag","embeddable":true,"href":"https:\/\/roveyayinevi.com.tr\/index.php\/wp-json\/wp\/v2\/product_tag?post=726770"}],"curies":[{"name":"wp","href":"https:\/\/api.w.org\/{rel}","templated":true}]}}