{"id":726767,"date":"2025-08-27T20:11:42","date_gmt":"2025-08-27T17:11:42","guid":{"rendered":"https:\/\/roveyayinevi.com.tr\/index.php\/urun\/cemil-sitki-ez-zahavi\/"},"modified":"2026-04-16T02:34:44","modified_gmt":"2026-04-15T23:34:44","slug":"cemil-sitki-ez-zahavi","status":"publish","type":"product","link":"https:\/\/roveyayinevi.com.tr\/index.php\/urun\/cemil-sitki-ez-zahavi\/","title":{"rendered":"Cemil S\u0131tk\u0131 Ez-Zahavi"},"content":{"rendered":"<p>Irak\u2019\u0131n \u00fcnl\u00fc filozof ve \u015fairi Cemil S\u0131tk\u0131 ez-Zahav\u00ee, hemen yan\u0131 ba\u015f\u0131m\u0131zda var oldu\u011fu h\u00e2lde tan\u0131nmayan, hak etti\u011fi gibi anla\u015f\u0131lmayan, hatta varl\u0131\u011f\u0131 ile yoklu\u011fu belli olmayan b\u00fcy\u00fck bilgelerden biridir. Onunla ilk tan\u0131\u015f\u0131kl\u0131\u011f\u0131m, fak\u00fclte y\u0131llar\u0131nda Arap edebiyat\u0131 dersinde okudu\u011fumuz \u201c\u0130kimiz de \u015eurada Birer Garibiz\u201d ba\u015fl\u0131\u011f\u0131n\u0131 ta\u015f\u0131yan bir \u015fiirle ba\u015flam\u0131\u015ft\u0131. Trajik, \u00f6yk\u00fcsel ve i\u00e7tenlikli bir \u015fiirdi bu. Hem kafiyeli ve ak\u0131c\u0131, hem melankolik ve d\u00fc\u015f\u00fcnd\u00fcr\u00fcc\u00fc idi. Hatta bu \u015fiirin \u00f6yle etkisinde kalm\u0131\u015ft\u0131m ki, ilk defa Arap\u00e7a bir \u015fiiri ezberlemi\u015f, yeri geldik\u00e7e arkada\u015f sohbetlerinde okumaya ba\u015flam\u0131\u015ft\u0131m.Y\u0131llar ge\u00e7mi\u015f, zaman sanki su olup akm\u0131\u015f, bu unutulmaz \u015fiirin \u015fairine olan ilgim bir t\u00fcrl\u00fc pe\u015fimi b\u0131rakmam\u0131\u015ft\u0131. Kimdi bu insan? Nas\u0131l bir ki\u015filikti bu unutulmaz \u015fiiri yazan? Tan\u0131mal\u0131yd\u0131m. Okuyup anlamal\u0131, deruni deryas\u0131na dalmal\u0131yd\u0131m bu aziz \u015fairin\u2026 Nihayet co\u011frafyam\u0131z say\u0131lacak bir topra\u011f\u0131n g\u00f6\u011f\u00fcn\u00fc ayd\u0131nlatan nadide bir y\u0131ld\u0131z adamla, na\u00e7izane zihin d\u00fcnyam\u0131n b\u00fcy\u00fck babas\u0131 say\u0131lacak k\u0131ymette bir ak\u0131l akrabamla ba\u015f ba\u015fa kalm\u0131\u015ft\u0131m. K\u0131sacas\u0131 arad\u0131m tarad\u0131m, buldum, okudum, doldum ta\u015ft\u0131m; bu kitab\u0131 yazd\u0131m. Be\u011fenece\u011finiz ve hatalar\u0131m\u0131 ho\u015f g\u00f6rece\u011finiz zann\u0131m ve umudumla<\/p>\n","protected":false},"excerpt":{"rendered":"<p>Irak\u2019\u0131n \u00fcnl\u00fc filozof ve \u015fairi Cemil S\u0131tk\u0131 ez-Zahav\u00ee, hemen yan\u0131 ba\u015f\u0131m\u0131zda var oldu\u011fu h\u00e2lde tan\u0131nmayan, hak etti\u011fi gibi anla\u015f\u0131lmayan, hatta varl\u0131\u011f\u0131 ile yoklu\u011fu belli olmayan b\u00fcy\u00fck<span class=\"excerpt-hellip\"> [\u2026]<\/span><\/p>\n","protected":false},"featured_media":0,"template":"","meta":{"_monsterinsights_skip_tracking":false,"_monsterinsights_sitenote_active":false,"_monsterinsights_sitenote_note":"","_monsterinsights_sitenote_category":0},"product_brand":[],"product_cat":[14009,12291],"product_tag":[],"class_list":{"0":"post-726767","1":"product","2":"type-product","3":"status-publish","5":"product_cat-biyografi-otobiyografi-edebiyat","6":"product_cat-edebiyat","7":"pa_cilt-ciltsiz","8":"pa_tur-kitap","9":"pa_yayinevi-yade-yayinlari","10":"pa_yazar-mesut-ozunlu","12":"first","13":"instock","14":"sale","15":"shipping-taxable","16":"purchasable","17":"product-type-simple"},"_links":{"self":[{"href":"https:\/\/roveyayinevi.com.tr\/index.php\/wp-json\/wp\/v2\/product\/726767","targetHints":{"allow":["GET"]}}],"collection":[{"href":"https:\/\/roveyayinevi.com.tr\/index.php\/wp-json\/wp\/v2\/product"}],"about":[{"href":"https:\/\/roveyayinevi.com.tr\/index.php\/wp-json\/wp\/v2\/types\/product"}],"wp:attachment":[{"href":"https:\/\/roveyayinevi.com.tr\/index.php\/wp-json\/wp\/v2\/media?parent=726767"}],"wp:term":[{"taxonomy":"product_brand","embeddable":true,"href":"https:\/\/roveyayinevi.com.tr\/index.php\/wp-json\/wp\/v2\/product_brand?post=726767"},{"taxonomy":"product_cat","embeddable":true,"href":"https:\/\/roveyayinevi.com.tr\/index.php\/wp-json\/wp\/v2\/product_cat?post=726767"},{"taxonomy":"product_tag","embeddable":true,"href":"https:\/\/roveyayinevi.com.tr\/index.php\/wp-json\/wp\/v2\/product_tag?post=726767"}],"curies":[{"name":"wp","href":"https:\/\/api.w.org\/{rel}","templated":true}]}}