{"id":726762,"date":"2025-08-27T20:11:39","date_gmt":"2025-08-27T17:11:39","guid":{"rendered":"https:\/\/roveyayinevi.com.tr\/index.php\/urun\/hukuk-felsefesi-4\/"},"modified":"2026-04-16T02:34:44","modified_gmt":"2026-04-15T23:34:44","slug":"hukuk-felsefesi-4","status":"publish","type":"product","link":"https:\/\/roveyayinevi.com.tr\/index.php\/urun\/hukuk-felsefesi-4\/","title":{"rendered":"Hukuk Felsefesi"},"content":{"rendered":"<p>Hukuk Felsefesi, bir yandan mevcut hukuk sistemlerinin temel varsay\u0131mlar\u0131n\u0131 sorgularken di\u011fer yandan da ideal bir hukuk sistemine ula\u015fman\u0131n imk\u00e2nlar\u0131n\u0131 ara\u015ft\u0131r\u0131r. Bu iki \u00e7al\u0131\u015fma \u00e7o\u011fu zaman yan yana gider. Mevcut hukuk sistemi, toplumsal ihtiya\u00e7lar\u0131n bir eseridir. Bunu akademi y\u0131llar\u0131nda hukuk dersimizin ilk tart\u0131\u015fmalar\u0131nda \u00f6\u011frenmi\u015ftim. Daha ilk derste hoca bize bir \u00f6dev vermi\u015f ve tart\u0131\u015fmak \u00fczere bizi gruplara ay\u0131r\u0131p s\u0131n\u0131f d\u0131\u015f\u0131na g\u00f6ndermi\u015fti. \u00d6dev kurgusal bir olay \u00fczerine kurulmu\u015ftu: \u201cU\u00e7akla bir Uzak Do\u011fu \u00fclkesine gidiyorsunuz. U\u00e7ak gidece\u011finiz \u00fclkeye varmadan bir adaya d\u00fc\u015f\u00fcyor ve bir grup yolcu kurtuluyor. Kad\u0131n, erkek ve \u00e7ocuklardan olu\u015fan bu k\u00fc\u00e7\u00fck grup ayakta kalmak i\u00e7in ne yapar?\u201d Gruplarda bu konuyu tart\u0131\u015fm\u0131\u015f ve s\u0131n\u0131fa d\u00f6nm\u00fc\u015ft\u00fck. \u0130stisnas\u0131z her grup, adada ya\u015famak i\u00e7in bir i\u015fb\u00f6l\u00fcm\u00fc yap\u0131lmas\u0131 ve bu i\u015fb\u00f6l\u00fcm\u00fcne uymak istemeyenlere ceza verilmesi gerekti\u011fini belirtmi\u015fti. Hocan\u0131n da varmak istedi\u011fi nokta buydu: Hukuk kurallar\u0131, birlikte ya\u015faman\u0131n \u00fcr\u00fcn\u00fcd\u00fcrler!<\/p>\n","protected":false},"excerpt":{"rendered":"<p>Hukuk Felsefesi, bir yandan mevcut hukuk sistemlerinin temel varsay\u0131mlar\u0131n\u0131 sorgularken di\u011fer yandan da ideal bir hukuk sistemine ula\u015fman\u0131n imk\u00e2nlar\u0131n\u0131 ara\u015ft\u0131r\u0131r. Bu iki \u00e7al\u0131\u015fma \u00e7o\u011fu zaman yan<span class=\"excerpt-hellip\"> [\u2026]<\/span><\/p>\n","protected":false},"featured_media":0,"template":"","meta":{"_monsterinsights_skip_tracking":false,"_monsterinsights_sitenote_active":false,"_monsterinsights_sitenote_note":"","_monsterinsights_sitenote_category":0},"product_brand":[],"product_cat":[12389,12388],"product_tag":[],"class_list":{"0":"post-726762","1":"product","2":"type-product","3":"status-publish","5":"product_cat-diger-felsefe","6":"product_cat-felsefe","7":"pa_cilt-ciltsiz","8":"pa_tur-kitap","9":"pa_yayinevi-beyan-yayinlari","10":"pa_yazar-kadir-canatan","12":"first","13":"instock","14":"sale","15":"shipping-taxable","16":"purchasable","17":"product-type-simple"},"_links":{"self":[{"href":"https:\/\/roveyayinevi.com.tr\/index.php\/wp-json\/wp\/v2\/product\/726762","targetHints":{"allow":["GET"]}}],"collection":[{"href":"https:\/\/roveyayinevi.com.tr\/index.php\/wp-json\/wp\/v2\/product"}],"about":[{"href":"https:\/\/roveyayinevi.com.tr\/index.php\/wp-json\/wp\/v2\/types\/product"}],"wp:attachment":[{"href":"https:\/\/roveyayinevi.com.tr\/index.php\/wp-json\/wp\/v2\/media?parent=726762"}],"wp:term":[{"taxonomy":"product_brand","embeddable":true,"href":"https:\/\/roveyayinevi.com.tr\/index.php\/wp-json\/wp\/v2\/product_brand?post=726762"},{"taxonomy":"product_cat","embeddable":true,"href":"https:\/\/roveyayinevi.com.tr\/index.php\/wp-json\/wp\/v2\/product_cat?post=726762"},{"taxonomy":"product_tag","embeddable":true,"href":"https:\/\/roveyayinevi.com.tr\/index.php\/wp-json\/wp\/v2\/product_tag?post=726762"}],"curies":[{"name":"wp","href":"https:\/\/api.w.org\/{rel}","templated":true}]}}