{"id":726759,"date":"2025-08-27T20:11:36","date_gmt":"2025-08-27T17:11:36","guid":{"rendered":"https:\/\/roveyayinevi.com.tr\/index.php\/urun\/turkiye-komunist-partisinin-kurulusu-1919-1925\/"},"modified":"2026-04-16T02:34:44","modified_gmt":"2026-04-15T23:34:44","slug":"turkiye-komunist-partisinin-kurulusu-1919-1925","status":"publish","type":"product","link":"https:\/\/roveyayinevi.com.tr\/index.php\/urun\/turkiye-komunist-partisinin-kurulusu-1919-1925\/","title":{"rendered":"T\u00fcrkiye Kom\u00fcnist Partisi&#8217;nin Kurulu\u015fu 1919-1925"},"content":{"rendered":"<p>T\u00fcrkiye\u2019nin en eski partisinin y\u00fcz\u00fcnc\u00fc ya\u015f\u0131 i\u00e7in, belgeler aras\u0131nda yap\u0131lan bir yolculuk bu. Ge\u00e7mi\u015ften bug\u00fcne d\u00fc\u015f\u00fcr\u00fclen e\u015fitlik ve \u00f6zg\u00fcrl\u00fck \u0131\u015f\u0131\u011f\u0131yla g\u00fcn\u00fcm\u00fcz\u00fc ve gelece\u011fimizi ayd\u0131nlatan bir tarih yolculu\u011fu\u2026\u201cT\u00fcrkiye Kom\u00fcnist Partisi \u00e7ok kolludur ve kurulu\u015fu bir s\u00fcre\u00e7 halinde ele al\u0131nmal\u0131d\u0131r,\u201d diye yola koyulan ve belgelerin somutlu\u011funda, b\u00fct\u00fcn o kollar\u0131 ayr\u0131nt\u0131s\u0131yla inceleyen, s\u00fcreci titizlikle ara\u015ft\u0131ran bir yolculuk.Ekim Devrimi ve partile\u015fme s\u00fcreci, Mustafa Suphi ve Doktor \u015eefik H\u00fcsn\u00fc\u2019n\u00fcn \u00f6zg\u00fcn rolleri, di\u011fer kom\u00fcnist \u00f6nderler ve neferler, Kurtulu\u015f ve Ayd\u0131nl\u0131k dergileri, ilk genel i\u015f\u00e7i toplant\u0131lar\u0131 ve eylemler, 1 May\u0131s kutlamalar\u0131, te\u015fkilat planlar\u0131, d\u00f6nemin kom\u00fcnist gen\u00e7lik \u00e7al\u0131\u015fmalar\u0131, Komintern\u2019le ili\u015fkiler ve farkl\u0131 Kongrelere kat\u0131l\u0131m, Do\u011fu Seksiyonu\u2019ndaki tart\u0131\u015fmalar, mill\u00ee m\u00fccadeleyle ve Cumhuriyet h\u00fck\u00fcmetiyle ili\u015fkiler ve daha nicesi, raporlar\u0131n, mektuplar\u0131n, kongre sunumlar\u0131n\u0131n, bildirilerin, gazete yaz\u0131lar\u0131n\u0131n, mahkeme tutanaklar\u0131n\u0131n ve her t\u00fcr belgenin aras\u0131ndan okurlar\u0131n kar\u015f\u0131s\u0131na \u00e7\u0131k\u0131yor.T\u00fcrkiye\u2019de sol ak\u0131mlar ve solun tarihi dendi\u011finde akla ilk gelen isim olan Mete Tun\u00e7ay ile y\u0131llard\u0131r T\u00dcSTAV b\u00fcnyesinde \u00e7al\u0131\u015farak yeni belge-bilgileri inceleme ve derleme konusunda uzmanla\u015fan Erden Akbulut\u2019un birlikte haz\u0131rlad\u0131klar\u0131 bu \u00e7al\u0131\u015fma, literat\u00fcre kapsaml\u0131 bir katk\u0131 niteli\u011finde.T\u00fcrkiye\u2019de kom\u00fcnist hareketin y\u00fcz\u00fcnc\u00fc ya\u015f\u0131na bir arma\u011fan!<\/p>\n","protected":false},"excerpt":{"rendered":"<p>T\u00fcrkiye\u2019nin en eski partisinin y\u00fcz\u00fcnc\u00fc ya\u015f\u0131 i\u00e7in, belgeler aras\u0131nda yap\u0131lan bir yolculuk bu. Ge\u00e7mi\u015ften bug\u00fcne d\u00fc\u015f\u00fcr\u00fclen e\u015fitlik ve \u00f6zg\u00fcrl\u00fck \u0131\u015f\u0131\u011f\u0131yla g\u00fcn\u00fcm\u00fcz\u00fc ve gelece\u011fimizi ayd\u0131nlatan bir tarih<span class=\"excerpt-hellip\"> [\u2026]<\/span><\/p>\n","protected":false},"featured_media":0,"template":"","meta":{"_monsterinsights_skip_tracking":false,"_monsterinsights_sitenote_active":false,"_monsterinsights_sitenote_note":"","_monsterinsights_sitenote_category":0},"product_brand":[],"product_cat":[12337,16547],"product_tag":[],"class_list":{"0":"post-726759","1":"product","2":"type-product","3":"status-publish","5":"product_cat-politika-siyaset","6":"product_cat-sol-hareketler","7":"pa_cilt-ciltsiz","8":"pa_tur-kitap","9":"pa_yayinevi-yordam-kitap","10":"pa_yazar-erden-akbulut-mete-tuncay","12":"first","13":"instock","14":"sale","15":"shipping-taxable","16":"purchasable","17":"product-type-simple"},"_links":{"self":[{"href":"https:\/\/roveyayinevi.com.tr\/index.php\/wp-json\/wp\/v2\/product\/726759","targetHints":{"allow":["GET"]}}],"collection":[{"href":"https:\/\/roveyayinevi.com.tr\/index.php\/wp-json\/wp\/v2\/product"}],"about":[{"href":"https:\/\/roveyayinevi.com.tr\/index.php\/wp-json\/wp\/v2\/types\/product"}],"wp:attachment":[{"href":"https:\/\/roveyayinevi.com.tr\/index.php\/wp-json\/wp\/v2\/media?parent=726759"}],"wp:term":[{"taxonomy":"product_brand","embeddable":true,"href":"https:\/\/roveyayinevi.com.tr\/index.php\/wp-json\/wp\/v2\/product_brand?post=726759"},{"taxonomy":"product_cat","embeddable":true,"href":"https:\/\/roveyayinevi.com.tr\/index.php\/wp-json\/wp\/v2\/product_cat?post=726759"},{"taxonomy":"product_tag","embeddable":true,"href":"https:\/\/roveyayinevi.com.tr\/index.php\/wp-json\/wp\/v2\/product_tag?post=726759"}],"curies":[{"name":"wp","href":"https:\/\/api.w.org\/{rel}","templated":true}]}}