{"id":726758,"date":"2025-08-27T20:11:35","date_gmt":"2025-08-27T17:11:35","guid":{"rendered":"https:\/\/roveyayinevi.com.tr\/index.php\/urun\/idealin-diyalektigi-etkinlik-ve-zihnin-kurulusu\/"},"modified":"2026-04-16T02:34:44","modified_gmt":"2026-04-15T23:34:44","slug":"idealin-diyalektigi-etkinlik-ve-zihnin-kurulusu","status":"publish","type":"product","link":"https:\/\/roveyayinevi.com.tr\/index.php\/urun\/idealin-diyalektigi-etkinlik-ve-zihnin-kurulusu\/","title":{"rendered":"\u0130dealin Diyalekti\u011fi Etkinlik ve Zihnin Kurulu\u015fu"},"content":{"rendered":"<p>\u0130dealin Diyalekti\u011fi, Etkinlik ve Zihnin Kurulu\u015fu, \u0130lyenkov\u2019un Marksist felsefi d\u00fc\u015f\u00fcn\u00fc\u015f\u00fcn\u00fcn \u00e7ekirde\u011fini ortaya koyan bir se\u00e7kidir. Se\u00e7kideki metinler bir b\u00fct\u00fcnl\u00fck olu\u015ftururken, \u0130lyenkov\u2019un d\u00fc\u015f\u00fcn\u00fc\u015f\u00fcndeki \u015fa\u015f\u0131rt\u0131c\u0131 inceli\u011fi, ussall\u0131\u011f\u0131, \u00f6zg\u00fcnl\u00fc\u011f\u00fc ve derinli\u011fi g\u00f6zler \u00f6n\u00fcne serer. \u0130lyenkov, kitab\u0131n oda\u011f\u0131n\u0131 olu\u015fturan kavramlar\u0131n \u201colu\u015fumsal k\u00f6klerini\u201d ve kavramsal d\u00fc\u015f\u00fcnmenin somut ger\u00e7ekli\u011fini Marx\u2019\u0131n insan etkinli\u011fi kavram\u0131n\u0131 merkeze alarak g\u00f6sterir. Buna g\u00f6re \u201cevrensel\u201d, bir k\u00fcmenin \u00fcyeleri aras\u0131ndaki ortak bir \u00f6zelli\u011fi veya birbirlerinden ba\u011f\u0131ms\u0131z olduklar\u0131 varsay\u0131lan tekilliklerin benzerlik veya \u00f6zde\u015fliklerini imleyen bir \u015fey de\u011fil, \u201cortak olu\u015fumsal k\u00f6k\u00fcn\u201d d\u0131\u015favurumu, farkl\u0131 hatta kar\u015f\u0131t \u00f6\u011felerin birli\u011fidir. \u201c\u0130deal\u201d ise kafan\u0131n veya beynin d\u0131\u015f\u0131ndaki \u015feyin bi\u00e7imiyle uyumlu ger\u00e7ek, nesne-g\u00fcd\u00fcml\u00fc insan etkinli\u011finin nesnelle\u015fen bi\u00e7imidir. \u201cKavram\u201d ise ki\u015finin zihinsel imgesi de\u011fil, ger\u00e7ek insanlar\u0131n toplumsal do\u011fadaki etkinlik bi\u00e7imi; d\u00fc\u015f\u00fcnme ile ger\u00e7eklik aras\u0131nda varsay\u0131lan b\u00fct\u00fcn yar\u0131klar\u0131 dolduran insan etkinli\u011finin \u00f6zg\u00fcl, tarihsel bir arac\u0131d\u0131r.Kavram ve g\u00f6r\u00fcng\u00fclerin ortak insani \u00f6z\u00fcn\u00fc ve Marksist materyalist diyalekti\u011fin y\u00f6ntemsel de\u011ferini ortaya koyan bu \u00f6nemli \u00e7al\u0131\u015fma, felsefeyle ilgilenen okurlar i\u00e7in ke\u015ffedilmeyi bekleyen yeni bir hazine&#8230;<\/p>\n","protected":false},"excerpt":{"rendered":"<p>\u0130dealin Diyalekti\u011fi, Etkinlik ve Zihnin Kurulu\u015fu, \u0130lyenkov\u2019un Marksist felsefi d\u00fc\u015f\u00fcn\u00fc\u015f\u00fcn\u00fcn \u00e7ekirde\u011fini ortaya koyan bir se\u00e7kidir. Se\u00e7kideki metinler bir b\u00fct\u00fcnl\u00fck olu\u015ftururken, \u0130lyenkov\u2019un d\u00fc\u015f\u00fcn\u00fc\u015f\u00fcndeki \u015fa\u015f\u0131rt\u0131c\u0131 inceli\u011fi, ussall\u0131\u011f\u0131, \u00f6zg\u00fcnl\u00fc\u011f\u00fc<span class=\"excerpt-hellip\"> [\u2026]<\/span><\/p>\n","protected":false},"featured_media":0,"template":"","meta":{"_monsterinsights_skip_tracking":false,"_monsterinsights_sitenote_active":false,"_monsterinsights_sitenote_note":"","_monsterinsights_sitenote_category":0},"product_brand":[],"product_cat":[12388,15309],"product_tag":[],"class_list":{"0":"post-726758","1":"product","2":"type-product","3":"status-publish","5":"product_cat-felsefe","6":"product_cat-felsefi-akimlar","7":"pa_cilt-ciltsiz","8":"pa_tur-kitap","9":"pa_yayinevi-yordam-kitap","10":"pa_yazar-evald-vasilyevic-ilyenkov","12":"first","13":"instock","14":"sale","15":"shipping-taxable","16":"purchasable","17":"product-type-simple"},"_links":{"self":[{"href":"https:\/\/roveyayinevi.com.tr\/index.php\/wp-json\/wp\/v2\/product\/726758","targetHints":{"allow":["GET"]}}],"collection":[{"href":"https:\/\/roveyayinevi.com.tr\/index.php\/wp-json\/wp\/v2\/product"}],"about":[{"href":"https:\/\/roveyayinevi.com.tr\/index.php\/wp-json\/wp\/v2\/types\/product"}],"wp:attachment":[{"href":"https:\/\/roveyayinevi.com.tr\/index.php\/wp-json\/wp\/v2\/media?parent=726758"}],"wp:term":[{"taxonomy":"product_brand","embeddable":true,"href":"https:\/\/roveyayinevi.com.tr\/index.php\/wp-json\/wp\/v2\/product_brand?post=726758"},{"taxonomy":"product_cat","embeddable":true,"href":"https:\/\/roveyayinevi.com.tr\/index.php\/wp-json\/wp\/v2\/product_cat?post=726758"},{"taxonomy":"product_tag","embeddable":true,"href":"https:\/\/roveyayinevi.com.tr\/index.php\/wp-json\/wp\/v2\/product_tag?post=726758"}],"curies":[{"name":"wp","href":"https:\/\/api.w.org\/{rel}","templated":true}]}}