{"id":726757,"date":"2025-08-27T20:11:34","date_gmt":"2025-08-27T17:11:34","guid":{"rendered":"https:\/\/roveyayinevi.com.tr\/index.php\/urun\/silah-ve-secim-sandigi\/"},"modified":"2026-04-16T02:34:44","modified_gmt":"2026-04-15T23:34:44","slug":"silah-ve-secim-sandigi","status":"publish","type":"product","link":"https:\/\/roveyayinevi.com.tr\/index.php\/urun\/silah-ve-secim-sandigi\/","title":{"rendered":"Silah ve Se\u00e7im Sand\u0131\u011f\u0131"},"content":{"rendered":"<p>Hindistan ile \u00c7in\u2019den ba\u015fka s\u0131n\u0131r kom\u015fusu bulunmayan kara \u00fclkesi Nepal, 1996 ile 2006 y\u0131llar\u0131 aras\u0131nda, Maoistlerin \u00f6nderlik etti\u011fi bir silahl\u0131 m\u00fccadeleye sahne olmu\u015ftu. Ba\u015far\u0131ya ula\u015farak krall\u0131k rejiminin son bulmas\u0131n\u0131 sa\u011flayan bu m\u00fccadelenin ard\u0131ndan, ayn\u0131 Maoistler, se\u00e7imler yoluyla \u00fclke y\u00f6netiminde s\u00f6z sahibi olmaya ba\u015flam\u0131\u015ft\u0131.\u201cK\u0131rlardan \u015fehirleri ku\u015fatma\u201d stratejisiyle y\u00fcr\u00fct\u00fclen \u201chalk sava\u015f\u0131\u201d hangi a\u015famalardan ge\u00e7mi\u015fti? Maoistler, \u00fclkedeki farkl\u0131 g\u00fc\u00e7ler aras\u0131ndaki \u00e7eli\u015fkilerden nas\u0131l yararlanm\u0131\u015ft\u0131? Halk Kurtulu\u015f Ordusu\u2019na kimler hangi nedenlerle kat\u0131lm\u0131\u015f, bu orduyu kimler hangi nedenlerle desteklemi\u015fti? Ba\u015flang\u0131\u00e7taki hedefleri devlet \u00fczerinde mutlak denetim kurmak olan Maoistler, krall\u0131k rejiminin son bulmas\u0131n\u0131n ard\u0131ndan \u00e7ok partili rejimin bir bile\u015feni olmay\u0131 neden kabul etmi\u015fti? Maoist parti taraf\u0131ndan kurulan h\u00fck\u00fcmetler, bu partinin toplumsal d\u00f6n\u00fc\u015f\u00fcm program\u0131n\u0131 ne \u00f6l\u00e7\u00fcde hayata ge\u00e7irebilmi\u015f ve ne t\u00fcr engellerle kar\u015f\u0131la\u015fm\u0131\u015ft\u0131?Aditya Adhikari, bu kitab\u0131nda, \u00f6ncelikli olarak, Marksistlerin \u201c\u00f6znel etmen\u201d dedikleri \u015feyle ilgileniyor: \u201c\u0130syana kat\u0131lan Maoistlerin ki\u015fisel yolculuklar\u0131, inan\u00e7lar\u0131 ve hedefleri, ormanlardaki, k\u00f6ylerdeki, hapishane h\u00fccrelerindeki deneyimleri, birbirleriyle ve yerel topluluklarla ili\u015fkileri, tek tek Maoist \u00f6nderler aras\u0131ndaki gerginlikler, bu \u00f6nderlerin \u00e7eli\u015fen hedefleri ve stratejileri&#8230;\u201dKitab\u0131n kaynaklar\u0131 aras\u0131nda, ideolojik ve stratejik belgelerin, deme\u00e7lerin, \u00f6nderlerin yay\u0131mlad\u0131\u011f\u0131 genelgelerin, Maoist komutanlar\u0131n \u00e7izdi\u011fi sava\u015f planlar\u0131n\u0131n ve sava\u015fa kat\u0131lanlar\u0131n i\u00e7 d\u00fcnyalar\u0131n\u0131 ortaya koyan an\u0131 kitaplar\u0131n\u0131n, romanlar\u0131n, g\u00fcnl\u00fcklerin ve mektuplar\u0131n yan\u0131 s\u0131ra, parti hiyerar\u015fisinin farkl\u0131 d\u00fczeylerindeki militanlarla yap\u0131lan g\u00f6r\u00fc\u015fmeler ve Maoist hareketin farkl\u0131 yanlar\u0131n\u0131 inceleyen geni\u015f akademik yaz\u0131n ve gazetecilik yaz\u0131n\u0131 da yer al\u0131yor.<\/p>\n","protected":false},"excerpt":{"rendered":"<p>Hindistan ile \u00c7in\u2019den ba\u015fka s\u0131n\u0131r kom\u015fusu bulunmayan kara \u00fclkesi Nepal, 1996 ile 2006 y\u0131llar\u0131 aras\u0131nda, Maoistlerin \u00f6nderlik etti\u011fi bir silahl\u0131 m\u00fccadeleye sahne olmu\u015ftu. Ba\u015far\u0131ya ula\u015farak krall\u0131k<span class=\"excerpt-hellip\"> [\u2026]<\/span><\/p>\n","protected":false},"featured_media":0,"template":"","meta":{"_monsterinsights_skip_tracking":false,"_monsterinsights_sitenote_active":false,"_monsterinsights_sitenote_note":"","_monsterinsights_sitenote_category":0},"product_brand":[],"product_cat":[16098,12337],"product_tag":[],"class_list":{"0":"post-726757","1":"product","2":"type-product","3":"status-publish","5":"product_cat-politik-akimlar-hareketler","6":"product_cat-politika-siyaset","7":"pa_cilt-ciltsiz","8":"pa_tur-kitap","9":"pa_yayinevi-yordam-kitap","10":"pa_yazar-aditya-adhikari","12":"first","13":"instock","14":"sale","15":"shipping-taxable","16":"purchasable","17":"product-type-simple"},"_links":{"self":[{"href":"https:\/\/roveyayinevi.com.tr\/index.php\/wp-json\/wp\/v2\/product\/726757","targetHints":{"allow":["GET"]}}],"collection":[{"href":"https:\/\/roveyayinevi.com.tr\/index.php\/wp-json\/wp\/v2\/product"}],"about":[{"href":"https:\/\/roveyayinevi.com.tr\/index.php\/wp-json\/wp\/v2\/types\/product"}],"wp:attachment":[{"href":"https:\/\/roveyayinevi.com.tr\/index.php\/wp-json\/wp\/v2\/media?parent=726757"}],"wp:term":[{"taxonomy":"product_brand","embeddable":true,"href":"https:\/\/roveyayinevi.com.tr\/index.php\/wp-json\/wp\/v2\/product_brand?post=726757"},{"taxonomy":"product_cat","embeddable":true,"href":"https:\/\/roveyayinevi.com.tr\/index.php\/wp-json\/wp\/v2\/product_cat?post=726757"},{"taxonomy":"product_tag","embeddable":true,"href":"https:\/\/roveyayinevi.com.tr\/index.php\/wp-json\/wp\/v2\/product_tag?post=726757"}],"curies":[{"name":"wp","href":"https:\/\/api.w.org\/{rel}","templated":true}]}}