{"id":726754,"date":"2025-08-27T20:11:31","date_gmt":"2025-08-27T17:11:31","guid":{"rendered":"https:\/\/roveyayinevi.com.tr\/index.php\/urun\/ben-buldum\/"},"modified":"2026-04-16T02:34:44","modified_gmt":"2026-04-15T23:34:44","slug":"ben-buldum","status":"publish","type":"product","link":"https:\/\/roveyayinevi.com.tr\/index.php\/urun\/ben-buldum\/","title":{"rendered":"Ben Buldum"},"content":{"rendered":"<p>B\u0130L\u0130M TAR\u0130H\u0130N\u0130N \u201cBEN BULDUM!\u201d ANLARI: 100 BULU\u015e, 100 \u00d6YK\u00dc! Ar\u015fimet\u2019in, suyun kald\u0131rma kuvvetini buldu\u011funda, hamamdan f\u0131rlay\u0131p, \u201cEvreka! Evreka!\u201d diye kendini soka\u011fa atmas\u0131n\u0131n \u00f6yk\u00fcs\u00fcn\u00fc duymayan yoktur. B\u00f6yle \u201cEvreka!\u201d anlar\u0131 pek \u00e7ok bulu\u015fta ya\u015fanm\u0131\u015ft\u0131r asl\u0131nda. Telefonun bulunu\u015f \u00f6yk\u00fcs\u00fc s\u00f6zgelimi; \u00e7o\u011fumuz biliriz, ama cep telefonunun bulunu\u015f \u00f6yk\u00fcs\u00fcn\u00fc hi\u00e7 duyduk mu acaba?  Buna bilgisayar\u0131n, internetin, e-postan\u0131n, Facebook\u2019un, WhatsApp\u2019\u0131n bulunu\u015f \u00f6yk\u00fclerini de ekleyebiliriz; elektri\u011fin, oksijenin, DNA\u2019n\u0131n, aspirinin, r\u00f6ntgenin bulunu\u015f \u00f6yk\u00fclerini de\u2026 D\u00fcnya\u2019m\u0131z\u0131n yuvarlak oldu\u011funu, d\u00f6nd\u00fc\u011f\u00fcn\u00fc ilk kim, nas\u0131l buldu? Ya\u015f\u0131n\u0131 kim, \u00e7evresini kim hesaplad\u0131? Yine D\u00fcnya\u2019m\u0131z\u0131n ilk olu\u015fumu, yani do\u011fu\u015fu nas\u0131l oldu? Ya k\u00fcresel \u0131s\u0131nman\u0131n, sera gazlar\u0131n\u0131n, ilk hava tahmininin \u00f6yk\u00fcleri?.. G\u00fcndelik hayat\u0131m\u0131z\u0131 kolayla\u015ft\u0131ran bulu\u015flardan sonra buzdolab\u0131n\u0131n, kliman\u0131n, t\u00fckenmezkalemin, blucinin, trafik \u0131\u015f\u0131klar\u0131n\u0131n, kedi kumunun \u201cBen Buldum!\u201d anlar\u0131 nas\u0131ld\u0131? Birbirinden ilgin\u00e7 ara\u015ft\u0131rma ve derlemelerinden tan\u0131d\u0131\u011f\u0131m\u0131z S\u00fcleyman Bulut, merak radarlar\u0131n\u0131 bu kez bilim ve bulu\u015flar tarihine \u00e7evirdi\u2026  Pek \u00e7o\u011funu ilk kez okuyaca\u011f\u0131n\u0131z 100 bulu\u015fun 100 k\u0131sa \u00f6yk\u00fcs\u00fc Ben Buldum!\u2019da. <\/p>\n","protected":false},"excerpt":{"rendered":"<p>B\u0130L\u0130M TAR\u0130H\u0130N\u0130N \u201cBEN BULDUM!\u201d ANLARI: 100 BULU\u015e, 100 \u00d6YK\u00dc! Ar\u015fimet\u2019in, suyun kald\u0131rma kuvvetini buldu\u011funda, hamamdan f\u0131rlay\u0131p, \u201cEvreka! Evreka!\u201d diye kendini soka\u011fa atmas\u0131n\u0131n \u00f6yk\u00fcs\u00fcn\u00fc duymayan yoktur. B\u00f6yle<span class=\"excerpt-hellip\"> [\u2026]<\/span><\/p>\n","protected":false},"featured_media":0,"template":"","meta":{"_monsterinsights_skip_tracking":false,"_monsterinsights_sitenote_active":false,"_monsterinsights_sitenote_note":"","_monsterinsights_sitenote_category":0},"product_brand":[],"product_cat":[12291,12292],"product_tag":[],"class_list":{"0":"post-726754","1":"product","2":"type-product","3":"status-publish","5":"product_cat-edebiyat","6":"product_cat-turk-edebiyati","7":"pa_cilt-ciltsiz","8":"pa_tur-kitap","9":"pa_yayinevi-can-yayinlari","10":"pa_yazar-suleyman-bulut","12":"first","13":"instock","14":"sale","15":"shipping-taxable","16":"purchasable","17":"product-type-simple"},"_links":{"self":[{"href":"https:\/\/roveyayinevi.com.tr\/index.php\/wp-json\/wp\/v2\/product\/726754","targetHints":{"allow":["GET"]}}],"collection":[{"href":"https:\/\/roveyayinevi.com.tr\/index.php\/wp-json\/wp\/v2\/product"}],"about":[{"href":"https:\/\/roveyayinevi.com.tr\/index.php\/wp-json\/wp\/v2\/types\/product"}],"wp:attachment":[{"href":"https:\/\/roveyayinevi.com.tr\/index.php\/wp-json\/wp\/v2\/media?parent=726754"}],"wp:term":[{"taxonomy":"product_brand","embeddable":true,"href":"https:\/\/roveyayinevi.com.tr\/index.php\/wp-json\/wp\/v2\/product_brand?post=726754"},{"taxonomy":"product_cat","embeddable":true,"href":"https:\/\/roveyayinevi.com.tr\/index.php\/wp-json\/wp\/v2\/product_cat?post=726754"},{"taxonomy":"product_tag","embeddable":true,"href":"https:\/\/roveyayinevi.com.tr\/index.php\/wp-json\/wp\/v2\/product_tag?post=726754"}],"curies":[{"name":"wp","href":"https:\/\/api.w.org\/{rel}","templated":true}]}}