{"id":726748,"date":"2025-08-27T20:11:25","date_gmt":"2025-08-27T17:11:25","guid":{"rendered":"https:\/\/roveyayinevi.com.tr\/index.php\/urun\/gobeklitepe-perileri-efsanevi-yerler-serisi-2\/"},"modified":"2026-04-16T02:34:44","modified_gmt":"2026-04-15T23:34:44","slug":"gobeklitepe-perileri-efsanevi-yerler-serisi-2","status":"publish","type":"product","link":"https:\/\/roveyayinevi.com.tr\/index.php\/urun\/gobeklitepe-perileri-efsanevi-yerler-serisi-2\/","title":{"rendered":"G\u00f6beklitepe Perileri &#8211; Efsanevi Yerler Serisi 2"},"content":{"rendered":"<p>Efsanevi Yerler Serisi\u2019nin ikinci kitab\u0131nda,Periler d\u00fcnyas\u0131ndaki g\u00fc\u00e7 sava\u015flar\u0131 devam ediyor!Bolivya\u2019da ya\u015fayan k\u00f6t\u00fc kalpli Bulut Peri ve k\u0131z\u0131 Eva, yaln\u0131zca peri liderlerinin kullanabildi\u011fi be\u015f y\u00fcz y\u0131ll\u0131k \u00f6m\u00fcr tozunun pe\u015findedir. Ama\u00e7lar\u0131na ula\u015fmak i\u00e7in b\u00fcy\u00fcledikleri G\u00fclizar Peri, fark\u0131nda olmadan kendini G\u00f6beklitepe\u2019de bulur. G\u00f6beklitepe Perilerinin G\u00fclizar Peri\u2019den bir iste\u011fi vard\u0131r: Di\u011fer peri dostlar\u0131n\u0131n ve anne-babas\u0131n\u0131n yard\u0131m\u0131yla G\u00fclizar Peri\u2019nin, be\u015f y\u00fcz y\u0131ll\u0131k peri tozunu, Bulut Peri\u2019den \u00f6nce bulmas\u0131 gerekmektedir. Efsanelere konu olmu\u015f G\u00f6beklitepe, Nemrut Da\u011f\u0131, Bal\u0131kl\u0131g\u00f6l gibi pek \u00e7ok \u00f6nemli tarihi yap\u0131n\u0131n etraf\u0131nda \u015fekillenen, sihir ve heyecan dolu bir macera\u2026<\/p>\n","protected":false},"excerpt":{"rendered":"<p>Efsanevi Yerler Serisi\u2019nin ikinci kitab\u0131nda,Periler d\u00fcnyas\u0131ndaki g\u00fc\u00e7 sava\u015flar\u0131 devam ediyor!Bolivya\u2019da ya\u015fayan k\u00f6t\u00fc kalpli Bulut Peri ve k\u0131z\u0131 Eva, yaln\u0131zca peri liderlerinin kullanabildi\u011fi be\u015f y\u00fcz y\u0131ll\u0131k \u00f6m\u00fcr<span class=\"excerpt-hellip\"> [\u2026]<\/span><\/p>\n","protected":false},"featured_media":0,"template":"","meta":{"_monsterinsights_skip_tracking":false,"_monsterinsights_sitenote_active":false,"_monsterinsights_sitenote_note":"","_monsterinsights_sitenote_category":0},"product_brand":[],"product_cat":[12274,12523],"product_tag":[],"class_list":{"0":"post-726748","1":"product","2":"type-product","3":"status-publish","5":"product_cat-cocuk-ve-genclik-kitaplari","6":"product_cat-masallar","7":"pa_cilt-ciltsiz","8":"pa_tur-kitap","9":"pa_yayinevi-ithaki-yayinlari","10":"pa_yazar-pinar-gocer","12":"first","13":"instock","14":"sale","15":"shipping-taxable","16":"purchasable","17":"product-type-simple"},"_links":{"self":[{"href":"https:\/\/roveyayinevi.com.tr\/index.php\/wp-json\/wp\/v2\/product\/726748","targetHints":{"allow":["GET"]}}],"collection":[{"href":"https:\/\/roveyayinevi.com.tr\/index.php\/wp-json\/wp\/v2\/product"}],"about":[{"href":"https:\/\/roveyayinevi.com.tr\/index.php\/wp-json\/wp\/v2\/types\/product"}],"wp:attachment":[{"href":"https:\/\/roveyayinevi.com.tr\/index.php\/wp-json\/wp\/v2\/media?parent=726748"}],"wp:term":[{"taxonomy":"product_brand","embeddable":true,"href":"https:\/\/roveyayinevi.com.tr\/index.php\/wp-json\/wp\/v2\/product_brand?post=726748"},{"taxonomy":"product_cat","embeddable":true,"href":"https:\/\/roveyayinevi.com.tr\/index.php\/wp-json\/wp\/v2\/product_cat?post=726748"},{"taxonomy":"product_tag","embeddable":true,"href":"https:\/\/roveyayinevi.com.tr\/index.php\/wp-json\/wp\/v2\/product_tag?post=726748"}],"curies":[{"name":"wp","href":"https:\/\/api.w.org\/{rel}","templated":true}]}}