{"id":726746,"date":"2025-08-27T20:11:23","date_gmt":"2025-08-27T17:11:23","guid":{"rendered":"https:\/\/roveyayinevi.com.tr\/index.php\/urun\/olumun-sonu\/"},"modified":"2026-04-16T02:34:44","modified_gmt":"2026-04-15T23:34:44","slug":"olumun-sonu","status":"publish","type":"product","link":"https:\/\/roveyayinevi.com.tr\/index.php\/urun\/olumun-sonu\/","title":{"rendered":"\u00d6l\u00fcm\u00fcn Sonu"},"content":{"rendered":"<p>On y\u0131llar\u0131n en \u00f6nemli bilimkurgu serilerinden \u00dc\u00e7 Cisim Problemi, \u00d6l\u00fcm\u00fcn Sonu ile sona eriyor.Nebula En \u0130yi Bilim Kurgu Roman\u0131 \u00d6d\u00fcl\u00fcK\u0131yamet Sava\u015f\u0131\u2019ndan yar\u0131m as\u0131r sonra, Karanl\u0131k Orman Cayd\u0131rmas\u0131\u2019n\u0131n sa\u011flad\u0131\u011f\u0131 gergin denge, i\u015fgalci Trisolar medeniyetini uzakta tutmaktad\u0131r. D\u00fcnya, Trisolar teknolojileri sayesinde daha \u00f6nce g\u00f6r\u00fclmemi\u015f bir refah d\u00f6nemine girmi\u015ftir. \u0130nsan biliminin g\u00fcnbeg\u00fcn geli\u015fmesi ve Trisolarlar\u0131n D\u00fcnya k\u00fclt\u00fcr\u00fcne entegre olmas\u0131, iki medeniyetin birbirini yok etmeden birlikte var olabilece\u011fini g\u00f6stermektedir.Yirmi birinci y\u00fczy\u0131l\u0131n ilk zamanlar\u0131ndan bir uzay m\u00fchendisi olan Cheng Xin, bu yeni \u00e7a\u011fda hibernasyondan uyan\u0131r. Ancak beraberinde, Trisolar Krizi\u2019nin ba\u015flang\u0131c\u0131ndan kalan unutulmu\u015f bir program\u0131n bilgisini de getirecek ve varl\u0131\u011f\u0131, bu iki d\u00fcnya aras\u0131ndaki narin dengeyi tepetaklak edecektir. \u0130nsanl\u0131k y\u0131ld\u0131zlara ula\u015fabilecek midir yoksa be\u015fi\u011finde can m\u0131 verecektir?\u00dc\u00e7 Cisim Problemi i\u00e7in \u00f6vg\u00fcler\u201cOla\u011fan\u00fcst\u00fc bir kitap! Bilimsel ve felsefi tart\u0131\u015fmalar\u0131n e\u015fsiz bir kar\u0131\u015f\u0131m\u0131.\u201d \u2013George R. R. Martin\u201cT\u00fcr\u00fcn\u00fcn en iyilerinden, al\u0131\u015f\u0131lm\u0131\u015f ama ayn\u0131 zamanda da tuhaf.\u201d \u2013Kim Stanley Robinson<\/p>\n","protected":false},"excerpt":{"rendered":"<p>On y\u0131llar\u0131n en \u00f6nemli bilimkurgu serilerinden \u00dc\u00e7 Cisim Problemi, \u00d6l\u00fcm\u00fcn Sonu ile sona eriyor.Nebula En \u0130yi Bilim Kurgu Roman\u0131 \u00d6d\u00fcl\u00fcK\u0131yamet Sava\u015f\u0131\u2019ndan yar\u0131m as\u0131r sonra, Karanl\u0131k Orman<span class=\"excerpt-hellip\"> [\u2026]<\/span><\/p>\n","protected":false},"featured_media":0,"template":"","meta":{"_monsterinsights_skip_tracking":false,"_monsterinsights_sitenote_active":false,"_monsterinsights_sitenote_note":"","_monsterinsights_sitenote_category":0},"product_brand":[],"product_cat":[12540,12291],"product_tag":[],"class_list":{"0":"post-726746","1":"product","2":"type-product","3":"status-publish","5":"product_cat-bilim-kurgu","6":"product_cat-edebiyat","7":"pa_cilt-ciltsiz","8":"pa_tur-kitap","9":"pa_yayinevi-ithaki-yayinlari","10":"pa_yazar-cixin-liu","12":"first","13":"instock","14":"sale","15":"shipping-taxable","16":"purchasable","17":"product-type-simple"},"_links":{"self":[{"href":"https:\/\/roveyayinevi.com.tr\/index.php\/wp-json\/wp\/v2\/product\/726746","targetHints":{"allow":["GET"]}}],"collection":[{"href":"https:\/\/roveyayinevi.com.tr\/index.php\/wp-json\/wp\/v2\/product"}],"about":[{"href":"https:\/\/roveyayinevi.com.tr\/index.php\/wp-json\/wp\/v2\/types\/product"}],"wp:attachment":[{"href":"https:\/\/roveyayinevi.com.tr\/index.php\/wp-json\/wp\/v2\/media?parent=726746"}],"wp:term":[{"taxonomy":"product_brand","embeddable":true,"href":"https:\/\/roveyayinevi.com.tr\/index.php\/wp-json\/wp\/v2\/product_brand?post=726746"},{"taxonomy":"product_cat","embeddable":true,"href":"https:\/\/roveyayinevi.com.tr\/index.php\/wp-json\/wp\/v2\/product_cat?post=726746"},{"taxonomy":"product_tag","embeddable":true,"href":"https:\/\/roveyayinevi.com.tr\/index.php\/wp-json\/wp\/v2\/product_tag?post=726746"}],"curies":[{"name":"wp","href":"https:\/\/api.w.org\/{rel}","templated":true}]}}