{"id":726744,"date":"2025-08-27T20:11:21","date_gmt":"2025-08-27T17:11:21","guid":{"rendered":"https:\/\/roveyayinevi.com.tr\/index.php\/urun\/rebecca\/"},"modified":"2026-04-16T02:34:44","modified_gmt":"2026-04-15T23:34:44","slug":"rebecca","status":"publish","type":"product","link":"https:\/\/roveyayinevi.com.tr\/index.php\/urun\/rebecca\/","title":{"rendered":"Rebecca"},"content":{"rendered":"<p>1938 Ulusal Kitap En \u0130yi Kurgu \u00d6d\u00fcl\u00fcGotik edebiyat\u0131n hak etti\u011fi takdiri zaman i\u00e7inde g\u00f6ren yazarlar\u0131ndan Daphne du Maurier\u2019nin Rebecca\u2019s\u0131 \u00f6rnek bir tekinsiz mek\u00e2n anlat\u0131s\u0131. Sahne sanatlar\u0131yla, yazarl\u0131kla ilgilenen bir ailenin k\u0131z\u0131 olan ve derinlikli, sonunu a\u00e7\u0131k etmeyen tekni\u011fiyle pek \u00e7ok eseri beyaz perdeye uyarlanan du Maurier iki d\u00fcnya aras\u0131na s\u0131k\u0131\u015fm\u0131\u015f, s\u0131rlar\u0131 ve tutkular\u0131yla kendilerine \u00e7\u0131k\u0131\u015f yolu arayan karakterleriyle okura son sayfaya kadar \u015f\u00fcphe, \u015fa\u015fk\u0131nl\u0131k vaat eden yazarlardan. Alfred Hitchcock\u2019un ayn\u0131 isimle sinemaya uyarlad\u0131\u011f\u0131 Rebecca ise unutulmaz bir ba\u015fyap\u0131t.Ad\u0131 an\u0131lmayan ikinci e\u015f, sevdi\u011fi adam\u0131n pe\u015finden gider ve cennet bah\u00e7esi gibi g\u00f6r\u00fcnen Manderley Malik\u00e2nesi\u2019ne gelir. Ancak buras\u0131, k\u0131sa s\u00fcrede hayat\u0131n\u0131 esir alan bir heyulaya d\u00f6n\u00fc\u015f\u00fcr. Bu evlilikteki sorunlar\u0131 \u00e7\u00f6zmek zordur ama as\u0131l dert, \u00f6l\u00fcm\u00fcne ra\u011fmen b\u00fct\u00fcn mek\u00e2na izlerini b\u0131rakan ve hayatlar\u0131na musallat olan ilk e\u015f Rebecca\u2019n\u0131n hat\u0131ras\u0131ndan kurtulmakt\u0131r.Daphne du Maurier\u2019den Rebecca, baz\u0131 evlerin karanl\u0131k koridorlar\u0131nda gizli gizli gezinen, evlilik kurumunun sakl\u0131 \u00f6znesini ortaya \u00e7\u0131karan o roman.\u201cYirminci y\u00fczy\u0131l\u0131n en etkileyici romanlar\u0131ndan, Rebecca bir mit ya da r\u00fcyan\u0131n korkutucu g\u00fcc\u00fcyle k\u00fclt\u00fcr\u00fcm\u00fcz\u00fcn \u00f6z\u00fcne usul usul yerle\u015fti.\u201d \u2013Sarah Waters\u201cFevkalade e\u011flenceli\u2026 du Maurier modern kad\u0131nlar\u0131n kendi hissettiklerini \u00f6l\u00e7ebilecekleri bir tart\u0131 yaratt\u0131.\u201d \u2013Stephen King<\/p>\n","protected":false},"excerpt":{"rendered":"<p>1938 Ulusal Kitap En \u0130yi Kurgu \u00d6d\u00fcl\u00fcGotik edebiyat\u0131n hak etti\u011fi takdiri zaman i\u00e7inde g\u00f6ren yazarlar\u0131ndan Daphne du Maurier\u2019nin Rebecca\u2019s\u0131 \u00f6rnek bir tekinsiz mek\u00e2n anlat\u0131s\u0131. Sahne sanatlar\u0131yla,<span class=\"excerpt-hellip\"> [\u2026]<\/span><\/p>\n","protected":false},"featured_media":0,"template":"","meta":{"_monsterinsights_skip_tracking":false,"_monsterinsights_sitenote_active":false,"_monsterinsights_sitenote_note":"","_monsterinsights_sitenote_category":0},"product_brand":[],"product_cat":[12291,17033],"product_tag":[],"class_list":{"0":"post-726744","1":"product","2":"type-product","3":"status-publish","5":"product_cat-edebiyat","6":"product_cat-korku-gerilim","7":"pa_cilt-ciltsiz","8":"pa_tur-kitap","9":"pa_yayinevi-ithaki-yayinlari","10":"pa_yazar-daphne-du-maurier","12":"first","13":"instock","14":"sale","15":"shipping-taxable","16":"purchasable","17":"product-type-simple"},"_links":{"self":[{"href":"https:\/\/roveyayinevi.com.tr\/index.php\/wp-json\/wp\/v2\/product\/726744","targetHints":{"allow":["GET"]}}],"collection":[{"href":"https:\/\/roveyayinevi.com.tr\/index.php\/wp-json\/wp\/v2\/product"}],"about":[{"href":"https:\/\/roveyayinevi.com.tr\/index.php\/wp-json\/wp\/v2\/types\/product"}],"wp:attachment":[{"href":"https:\/\/roveyayinevi.com.tr\/index.php\/wp-json\/wp\/v2\/media?parent=726744"}],"wp:term":[{"taxonomy":"product_brand","embeddable":true,"href":"https:\/\/roveyayinevi.com.tr\/index.php\/wp-json\/wp\/v2\/product_brand?post=726744"},{"taxonomy":"product_cat","embeddable":true,"href":"https:\/\/roveyayinevi.com.tr\/index.php\/wp-json\/wp\/v2\/product_cat?post=726744"},{"taxonomy":"product_tag","embeddable":true,"href":"https:\/\/roveyayinevi.com.tr\/index.php\/wp-json\/wp\/v2\/product_tag?post=726744"}],"curies":[{"name":"wp","href":"https:\/\/api.w.org\/{rel}","templated":true}]}}