{"id":726742,"date":"2025-08-27T20:11:20","date_gmt":"2025-08-27T17:11:20","guid":{"rendered":"https:\/\/roveyayinevi.com.tr\/index.php\/urun\/din-psikolojisi-ii\/"},"modified":"2026-04-16T02:34:44","modified_gmt":"2026-04-15T23:34:44","slug":"din-psikolojisi-ii","status":"publish","type":"product","link":"https:\/\/roveyayinevi.com.tr\/index.php\/urun\/din-psikolojisi-ii\/","title":{"rendered":"Din Psikolojisi II"},"content":{"rendered":"<p>Din Psikolojisi Armaner, Neda Dindarl\u0131k Kavramlar\u0131 Spirit\u00fcellik ve Parapsikoloji Psikanaliz Kavramlar\u0131 Davran\u0131\u015f\u00e7\u0131l\u0131k ve H\u00fcmanist \u2013 Varolu\u015f\u00e7u Psikoloji Bili\u015fsel Psikoloji Kavramlar\u0131 Sosyal Psikoloji Kavramlar\u0131 Psikolojide Ara\u015ft\u0131rma Y\u00f6ntemleri <\/p>\n","protected":false},"excerpt":{"rendered":"<p>Din Psikolojisi Armaner, Neda Dindarl\u0131k Kavramlar\u0131 Spirit\u00fcellik ve Parapsikoloji Psikanaliz Kavramlar\u0131 Davran\u0131\u015f\u00e7\u0131l\u0131k ve H\u00fcmanist \u2013 Varolu\u015f\u00e7u Psikoloji Bili\u015fsel Psikoloji Kavramlar\u0131 Sosyal Psikoloji Kavramlar\u0131 Psikolojide Ara\u015ft\u0131rma Y\u00f6ntemleri<\/p>\n","protected":false},"featured_media":0,"template":"","meta":{"_monsterinsights_skip_tracking":false,"_monsterinsights_sitenote_active":false,"_monsterinsights_sitenote_note":"","_monsterinsights_sitenote_category":0},"product_brand":[],"product_cat":[16789,12718,12719],"product_tag":[],"class_list":{"0":"post-726742","1":"product","2":"type-product","3":"status-publish","5":"product_cat-diger-islam","6":"product_cat-din","7":"product_cat-islam","8":"pa_cilt-ciltsiz","9":"pa_tur-kitap","10":"pa_yayinevi-gazi-kitabevi","11":"pa_yazar-kenan-sevinc","13":"first","14":"instock","15":"sale","16":"shipping-taxable","17":"purchasable","18":"product-type-simple"},"_links":{"self":[{"href":"https:\/\/roveyayinevi.com.tr\/index.php\/wp-json\/wp\/v2\/product\/726742","targetHints":{"allow":["GET"]}}],"collection":[{"href":"https:\/\/roveyayinevi.com.tr\/index.php\/wp-json\/wp\/v2\/product"}],"about":[{"href":"https:\/\/roveyayinevi.com.tr\/index.php\/wp-json\/wp\/v2\/types\/product"}],"wp:attachment":[{"href":"https:\/\/roveyayinevi.com.tr\/index.php\/wp-json\/wp\/v2\/media?parent=726742"}],"wp:term":[{"taxonomy":"product_brand","embeddable":true,"href":"https:\/\/roveyayinevi.com.tr\/index.php\/wp-json\/wp\/v2\/product_brand?post=726742"},{"taxonomy":"product_cat","embeddable":true,"href":"https:\/\/roveyayinevi.com.tr\/index.php\/wp-json\/wp\/v2\/product_cat?post=726742"},{"taxonomy":"product_tag","embeddable":true,"href":"https:\/\/roveyayinevi.com.tr\/index.php\/wp-json\/wp\/v2\/product_tag?post=726742"}],"curies":[{"name":"wp","href":"https:\/\/api.w.org\/{rel}","templated":true}]}}