{"id":726741,"date":"2025-08-27T20:11:18","date_gmt":"2025-08-27T17:11:18","guid":{"rendered":"https:\/\/roveyayinevi.com.tr\/index.php\/urun\/carpik-huzunler-kantati\/"},"modified":"2026-04-16T02:34:44","modified_gmt":"2026-04-15T23:34:44","slug":"carpik-huzunler-kantati","status":"publish","type":"product","link":"https:\/\/roveyayinevi.com.tr\/index.php\/urun\/carpik-huzunler-kantati\/","title":{"rendered":"\u00c7arp\u0131k H\u00fcz\u00fcnler Kantat\u0131"},"content":{"rendered":"<p>koro:k\u0131ral\u0131n ezgisi iki b\u00f6l\u00fcmd\u00fc.biz bir b\u00f6l\u00fcm\u00fc \u00e7\u0131kard\u0131k att\u0131kyerine koydu\u011fumuz sanki \u00f6l\u00fcmd\u00fcsayr\u0131 b\u00fcy\u00fcyen bir \u00e7ocuk b\u00fcy\u00fctt\u00fckkoro ba\u015f\u0131:ve \u00e7ocuk elinde kanl\u0131 bir \u015fi\u015fle\u015fimdi oymadad\u0131r ruhlar\u0131m\u0131z\u0131\u015fimdi oymadad\u0131r ruhlar\u0131m\u0131z\u0131&#8230;<\/p>\n","protected":false},"excerpt":{"rendered":"<p>koro:k\u0131ral\u0131n ezgisi iki b\u00f6l\u00fcmd\u00fc.biz bir b\u00f6l\u00fcm\u00fc \u00e7\u0131kard\u0131k att\u0131kyerine koydu\u011fumuz sanki \u00f6l\u00fcmd\u00fcsayr\u0131 b\u00fcy\u00fcyen bir \u00e7ocuk b\u00fcy\u00fctt\u00fckkoro ba\u015f\u0131:ve \u00e7ocuk elinde kanl\u0131 bir \u015fi\u015fle\u015fimdi oymadad\u0131r ruhlar\u0131m\u0131z\u0131\u015fimdi oymadad\u0131r ruhlar\u0131m\u0131z\u0131&#8230;<\/p>\n","protected":false},"featured_media":0,"template":"","meta":{"_monsterinsights_skip_tracking":false,"_monsterinsights_sitenote_active":false,"_monsterinsights_sitenote_note":"","_monsterinsights_sitenote_category":0},"product_brand":[],"product_cat":[12291,12509],"product_tag":[],"class_list":{"0":"post-726741","1":"product","2":"type-product","3":"status-publish","5":"product_cat-edebiyat","6":"product_cat-siir","7":"pa_cilt-ciltsiz","8":"pa_tur-kitap","9":"pa_yayinevi-otuken-nesriyat","10":"pa_yazar-ali-gunvar","12":"first","13":"instock","14":"sale","15":"shipping-taxable","16":"purchasable","17":"product-type-simple"},"_links":{"self":[{"href":"https:\/\/roveyayinevi.com.tr\/index.php\/wp-json\/wp\/v2\/product\/726741","targetHints":{"allow":["GET"]}}],"collection":[{"href":"https:\/\/roveyayinevi.com.tr\/index.php\/wp-json\/wp\/v2\/product"}],"about":[{"href":"https:\/\/roveyayinevi.com.tr\/index.php\/wp-json\/wp\/v2\/types\/product"}],"wp:attachment":[{"href":"https:\/\/roveyayinevi.com.tr\/index.php\/wp-json\/wp\/v2\/media?parent=726741"}],"wp:term":[{"taxonomy":"product_brand","embeddable":true,"href":"https:\/\/roveyayinevi.com.tr\/index.php\/wp-json\/wp\/v2\/product_brand?post=726741"},{"taxonomy":"product_cat","embeddable":true,"href":"https:\/\/roveyayinevi.com.tr\/index.php\/wp-json\/wp\/v2\/product_cat?post=726741"},{"taxonomy":"product_tag","embeddable":true,"href":"https:\/\/roveyayinevi.com.tr\/index.php\/wp-json\/wp\/v2\/product_tag?post=726741"}],"curies":[{"name":"wp","href":"https:\/\/api.w.org\/{rel}","templated":true}]}}