{"id":726740,"date":"2025-08-27T20:11:18","date_gmt":"2025-08-27T17:11:18","guid":{"rendered":"https:\/\/roveyayinevi.com.tr\/index.php\/urun\/din-sosyolojisi-ii\/"},"modified":"2026-04-16T02:34:44","modified_gmt":"2026-04-15T23:34:44","slug":"din-sosyolojisi-ii","status":"publish","type":"product","link":"https:\/\/roveyayinevi.com.tr\/index.php\/urun\/din-sosyolojisi-ii\/","title":{"rendered":"Din Sosyolojisi II"},"content":{"rendered":"<p>Din Sosyolojisi Epistemoloji ve Metodoloji Teoriler Birey Akt\u00f6r Sosyal Etkile\u015fim D\u00fcnyas\u0131 S\u0131n\u0131f, Grup, Topluluk ve Kolektivite Sosyo-Politik \u0130nan\u00e7, Din ve Dindarl\u0131k Dini Gelenekler, Mezhepler \/ F\u0131rkalar Dini \u00d6rg\u00fctlenme Dini Hareketler ve Ak\u0131mlar K\u00fclt\u00fcr Toplum D\u00f6n\u00fc\u015f\u00fcmsel Modernite <\/p>\n","protected":false},"excerpt":{"rendered":"<p>Din Sosyolojisi Epistemoloji ve Metodoloji Teoriler Birey Akt\u00f6r Sosyal Etkile\u015fim D\u00fcnyas\u0131 S\u0131n\u0131f, Grup, Topluluk ve Kolektivite Sosyo-Politik \u0130nan\u00e7, Din ve Dindarl\u0131k Dini Gelenekler, Mezhepler \/ F\u0131rkalar<span class=\"excerpt-hellip\"> [\u2026]<\/span><\/p>\n","protected":false},"featured_media":0,"template":"","meta":{"_monsterinsights_skip_tracking":false,"_monsterinsights_sitenote_active":false,"_monsterinsights_sitenote_note":"","_monsterinsights_sitenote_category":0},"product_brand":[],"product_cat":[16789,12718,12719],"product_tag":[],"class_list":{"0":"post-726740","1":"product","2":"type-product","3":"status-publish","5":"product_cat-diger-islam","6":"product_cat-din","7":"product_cat-islam","8":"pa_cilt-ciltsiz","9":"pa_tur-kitap","10":"pa_yayinevi-gazi-kitabevi","11":"pa_yazar-mustafa-macit","13":"first","14":"instock","15":"sale","16":"shipping-taxable","17":"purchasable","18":"product-type-simple"},"_links":{"self":[{"href":"https:\/\/roveyayinevi.com.tr\/index.php\/wp-json\/wp\/v2\/product\/726740","targetHints":{"allow":["GET"]}}],"collection":[{"href":"https:\/\/roveyayinevi.com.tr\/index.php\/wp-json\/wp\/v2\/product"}],"about":[{"href":"https:\/\/roveyayinevi.com.tr\/index.php\/wp-json\/wp\/v2\/types\/product"}],"wp:attachment":[{"href":"https:\/\/roveyayinevi.com.tr\/index.php\/wp-json\/wp\/v2\/media?parent=726740"}],"wp:term":[{"taxonomy":"product_brand","embeddable":true,"href":"https:\/\/roveyayinevi.com.tr\/index.php\/wp-json\/wp\/v2\/product_brand?post=726740"},{"taxonomy":"product_cat","embeddable":true,"href":"https:\/\/roveyayinevi.com.tr\/index.php\/wp-json\/wp\/v2\/product_cat?post=726740"},{"taxonomy":"product_tag","embeddable":true,"href":"https:\/\/roveyayinevi.com.tr\/index.php\/wp-json\/wp\/v2\/product_tag?post=726740"}],"curies":[{"name":"wp","href":"https:\/\/api.w.org\/{rel}","templated":true}]}}