{"id":726738,"date":"2025-08-27T20:11:16","date_gmt":"2025-08-27T17:11:16","guid":{"rendered":"https:\/\/roveyayinevi.com.tr\/index.php\/urun\/arapca-i\/"},"modified":"2026-04-16T02:34:44","modified_gmt":"2026-04-15T23:34:44","slug":"arapca-i","status":"publish","type":"product","link":"https:\/\/roveyayinevi.com.tr\/index.php\/urun\/arapca-i\/","title":{"rendered":"Arap\u00e7a I"},"content":{"rendered":"<p>Arap\u00e7a Nahiv Sarf Kelime \u0130sim Fiil Harf M\u00fcfred Tesniye Cemi M\u00fczekker M\u00fcennes Marife Harf-i Cerler \u0130sm-i \u0130\u015faretler \u0130sm-i Mevs\u00fbller Kat\u2019 Hemzesi Mazi Fiil Muzari Fiil Cev\u00e2z\u0131m Nev\u00e2s\u0131b Mastar \u0130sim C\u00fcmlesi Fiil C\u00fcmlesi <\/p>\n","protected":false},"excerpt":{"rendered":"<p>Arap\u00e7a Nahiv Sarf Kelime \u0130sim Fiil Harf M\u00fcfred Tesniye Cemi M\u00fczekker M\u00fcennes Marife Harf-i Cerler \u0130sm-i \u0130\u015faretler \u0130sm-i Mevs\u00fbller Kat\u2019 Hemzesi Mazi Fiil Muzari Fiil Cev\u00e2z\u0131m<span class=\"excerpt-hellip\"> [\u2026]<\/span><\/p>\n","protected":false},"featured_media":0,"template":"","meta":{"_monsterinsights_skip_tracking":false,"_monsterinsights_sitenote_active":false,"_monsterinsights_sitenote_note":"","_monsterinsights_sitenote_category":0},"product_brand":[],"product_cat":[12718,12719,22508],"product_tag":[],"class_list":{"0":"post-726738","1":"product","2":"type-product","3":"status-publish","5":"product_cat-din","6":"product_cat-islam","7":"product_cat-islam-egitimi","8":"pa_cilt-ciltsiz","9":"pa_tur-kitap","10":"pa_yayinevi-gazi-kitabevi","11":"pa_yazar-m-mucahit-asutay","13":"first","14":"instock","15":"sale","16":"shipping-taxable","17":"purchasable","18":"product-type-simple"},"_links":{"self":[{"href":"https:\/\/roveyayinevi.com.tr\/index.php\/wp-json\/wp\/v2\/product\/726738","targetHints":{"allow":["GET"]}}],"collection":[{"href":"https:\/\/roveyayinevi.com.tr\/index.php\/wp-json\/wp\/v2\/product"}],"about":[{"href":"https:\/\/roveyayinevi.com.tr\/index.php\/wp-json\/wp\/v2\/types\/product"}],"wp:attachment":[{"href":"https:\/\/roveyayinevi.com.tr\/index.php\/wp-json\/wp\/v2\/media?parent=726738"}],"wp:term":[{"taxonomy":"product_brand","embeddable":true,"href":"https:\/\/roveyayinevi.com.tr\/index.php\/wp-json\/wp\/v2\/product_brand?post=726738"},{"taxonomy":"product_cat","embeddable":true,"href":"https:\/\/roveyayinevi.com.tr\/index.php\/wp-json\/wp\/v2\/product_cat?post=726738"},{"taxonomy":"product_tag","embeddable":true,"href":"https:\/\/roveyayinevi.com.tr\/index.php\/wp-json\/wp\/v2\/product_tag?post=726738"}],"curies":[{"name":"wp","href":"https:\/\/api.w.org\/{rel}","templated":true}]}}