{"id":726737,"date":"2025-08-27T20:11:15","date_gmt":"2025-08-27T17:11:15","guid":{"rendered":"https:\/\/roveyayinevi.com.tr\/index.php\/urun\/turk-islam-edebiyati-ii\/"},"modified":"2026-04-16T02:34:43","modified_gmt":"2026-04-15T23:34:43","slug":"turk-islam-edebiyati-ii","status":"publish","type":"product","link":"https:\/\/roveyayinevi.com.tr\/index.php\/urun\/turk-islam-edebiyati-ii\/","title":{"rendered":"T\u00fcrk \u0130slam Edebiyat\u0131 II"},"content":{"rendered":"<p>T\u00fcrk \u0130sl\u00e2m Edebiyat\u0131 Divan C\u00f6nk Antoloji Elifn\u00e2me Hicretn\u00e2me Seyahatn\u00e2me M\u00fcnazara Muamma Lugaz Ar\u0131z Tarih D\u00fc\u015f\u00fcrme \u0130male Zihaf \u015euara Tezkireleri Mesneviler M\u00fcn\u00e2c\u00e2t Medhiye Nazire Sultan \u015eairler Edeb\u00ee Ak\u0131mlar Edeb\u00ee Topluluklar Din\u00ee Ki\u015filikler Tarih\u00ee \u2013 Efsanev\u00ee Ki\u015filikler Bilgin Ki\u015filikler <\/p>\n","protected":false},"excerpt":{"rendered":"<p>T\u00fcrk \u0130sl\u00e2m Edebiyat\u0131 Divan C\u00f6nk Antoloji Elifn\u00e2me Hicretn\u00e2me Seyahatn\u00e2me M\u00fcnazara Muamma Lugaz Ar\u0131z Tarih D\u00fc\u015f\u00fcrme \u0130male Zihaf \u015euara Tezkireleri Mesneviler M\u00fcn\u00e2c\u00e2t Medhiye Nazire Sultan \u015eairler Edeb\u00ee<span class=\"excerpt-hellip\"> [\u2026]<\/span><\/p>\n","protected":false},"featured_media":0,"template":"","meta":{"_monsterinsights_skip_tracking":false,"_monsterinsights_sitenote_active":false,"_monsterinsights_sitenote_note":"","_monsterinsights_sitenote_category":0},"product_brand":[],"product_cat":[16789,12718,12719],"product_tag":[],"class_list":{"0":"post-726737","1":"product","2":"type-product","3":"status-publish","5":"product_cat-diger-islam","6":"product_cat-din","7":"product_cat-islam","8":"pa_cilt-ciltsiz","9":"pa_tur-kitap","10":"pa_yayinevi-gazi-kitabevi","11":"pa_yazar-reyhan-keles","13":"first","14":"instock","15":"sale","16":"shipping-taxable","17":"purchasable","18":"product-type-simple"},"_links":{"self":[{"href":"https:\/\/roveyayinevi.com.tr\/index.php\/wp-json\/wp\/v2\/product\/726737","targetHints":{"allow":["GET"]}}],"collection":[{"href":"https:\/\/roveyayinevi.com.tr\/index.php\/wp-json\/wp\/v2\/product"}],"about":[{"href":"https:\/\/roveyayinevi.com.tr\/index.php\/wp-json\/wp\/v2\/types\/product"}],"wp:attachment":[{"href":"https:\/\/roveyayinevi.com.tr\/index.php\/wp-json\/wp\/v2\/media?parent=726737"}],"wp:term":[{"taxonomy":"product_brand","embeddable":true,"href":"https:\/\/roveyayinevi.com.tr\/index.php\/wp-json\/wp\/v2\/product_brand?post=726737"},{"taxonomy":"product_cat","embeddable":true,"href":"https:\/\/roveyayinevi.com.tr\/index.php\/wp-json\/wp\/v2\/product_cat?post=726737"},{"taxonomy":"product_tag","embeddable":true,"href":"https:\/\/roveyayinevi.com.tr\/index.php\/wp-json\/wp\/v2\/product_tag?post=726737"}],"curies":[{"name":"wp","href":"https:\/\/api.w.org\/{rel}","templated":true}]}}