{"id":726736,"date":"2025-08-27T20:11:15","date_gmt":"2025-08-27T17:11:15","guid":{"rendered":"https:\/\/roveyayinevi.com.tr\/index.php\/urun\/turk-musikisi-ii\/"},"modified":"2026-04-16T02:34:43","modified_gmt":"2026-04-15T23:34:43","slug":"turk-musikisi-ii","status":"publish","type":"product","link":"https:\/\/roveyayinevi.com.tr\/index.php\/urun\/turk-musikisi-ii\/","title":{"rendered":"T\u00fcrk Musikisi II"},"content":{"rendered":"<p>M\u00fbsiki Klasik M\u00fbsiki T\u00fcrk Halk M\u00fbsikisi Temel Kavramlar T\u00fcrk M\u00fbsikisi Formlar\u0131 Makamlar Enstr\u00fcmanlar Edebi Metinler Tekke M\u00fbsiki K\u00fclt\u00fcr\u00fc T\u00fcrk Halk M\u00fbsikisi El Na\u011fme (\u00d6yk\u00fcsel \u015eark\u0131lar) Usuller M\u00fbsiki Nazariyat\u00e7\u0131l\u0131\u011f\u0131 ve Tarihi<\/p>\n","protected":false},"excerpt":{"rendered":"<p>M\u00fbsiki Klasik M\u00fbsiki T\u00fcrk Halk M\u00fbsikisi Temel Kavramlar T\u00fcrk M\u00fbsikisi Formlar\u0131 Makamlar Enstr\u00fcmanlar Edebi Metinler Tekke M\u00fbsiki K\u00fclt\u00fcr\u00fc T\u00fcrk Halk M\u00fbsikisi El Na\u011fme (\u00d6yk\u00fcsel \u015eark\u0131lar) Usuller<span class=\"excerpt-hellip\"> [\u2026]<\/span><\/p>\n","protected":false},"featured_media":0,"template":"","meta":{"_monsterinsights_skip_tracking":false,"_monsterinsights_sitenote_active":false,"_monsterinsights_sitenote_note":"","_monsterinsights_sitenote_category":0},"product_brand":[],"product_cat":[14591,14556],"product_tag":[],"class_list":{"0":"post-726736","1":"product","2":"type-product","3":"status-publish","5":"product_cat-genel-kavramlar-kuram-ve-tarihce","6":"product_cat-muzik","7":"pa_cilt-ciltsiz","8":"pa_tur-kitap","9":"pa_yayinevi-gazi-kitabevi","10":"pa_yazar-mustafa-demirci","12":"first","13":"instock","14":"sale","15":"shipping-taxable","16":"purchasable","17":"product-type-simple"},"_links":{"self":[{"href":"https:\/\/roveyayinevi.com.tr\/index.php\/wp-json\/wp\/v2\/product\/726736","targetHints":{"allow":["GET"]}}],"collection":[{"href":"https:\/\/roveyayinevi.com.tr\/index.php\/wp-json\/wp\/v2\/product"}],"about":[{"href":"https:\/\/roveyayinevi.com.tr\/index.php\/wp-json\/wp\/v2\/types\/product"}],"wp:attachment":[{"href":"https:\/\/roveyayinevi.com.tr\/index.php\/wp-json\/wp\/v2\/media?parent=726736"}],"wp:term":[{"taxonomy":"product_brand","embeddable":true,"href":"https:\/\/roveyayinevi.com.tr\/index.php\/wp-json\/wp\/v2\/product_brand?post=726736"},{"taxonomy":"product_cat","embeddable":true,"href":"https:\/\/roveyayinevi.com.tr\/index.php\/wp-json\/wp\/v2\/product_cat?post=726736"},{"taxonomy":"product_tag","embeddable":true,"href":"https:\/\/roveyayinevi.com.tr\/index.php\/wp-json\/wp\/v2\/product_tag?post=726736"}],"curies":[{"name":"wp","href":"https:\/\/api.w.org\/{rel}","templated":true}]}}