{"id":726735,"date":"2025-08-27T20:11:14","date_gmt":"2025-08-27T17:11:14","guid":{"rendered":"https:\/\/roveyayinevi.com.tr\/index.php\/urun\/turk-musikisi-i\/"},"modified":"2026-04-16T02:34:43","modified_gmt":"2026-04-15T23:34:43","slug":"turk-musikisi-i","status":"publish","type":"product","link":"https:\/\/roveyayinevi.com.tr\/index.php\/urun\/turk-musikisi-i\/","title":{"rendered":"T\u00fcrk Musikisi I"},"content":{"rendered":"<p>Musiki T\u00fcrk Musikisi L\u00e2dini Musikisi Dini Musiki Klasik Musiki T\u00fcrk Halk Musikisi M\u00fbsiki Nazariyat\u0131 Temel Kavramlar Makamlar Usuller M\u00fbsiki\u015finaslar Dini M\u00fbsiki K\u00fclt\u00fcr\u00fc Enstr\u00fcmanlar T\u00fcrk M\u00fbsikisi Tarihi Kavramlar\u0131 Halk M\u00fbsikisi Kavramlar\u0131 Asker\u00ee M\u00fbsiki<\/p>\n","protected":false},"excerpt":{"rendered":"<p>Musiki T\u00fcrk Musikisi L\u00e2dini Musikisi Dini Musiki Klasik Musiki T\u00fcrk Halk Musikisi M\u00fbsiki Nazariyat\u0131 Temel Kavramlar Makamlar Usuller M\u00fbsiki\u015finaslar Dini M\u00fbsiki K\u00fclt\u00fcr\u00fc Enstr\u00fcmanlar T\u00fcrk M\u00fbsikisi Tarihi<span class=\"excerpt-hellip\"> [\u2026]<\/span><\/p>\n","protected":false},"featured_media":0,"template":"","meta":{"_monsterinsights_skip_tracking":false,"_monsterinsights_sitenote_active":false,"_monsterinsights_sitenote_note":"","_monsterinsights_sitenote_category":0},"product_brand":[],"product_cat":[14591,14556],"product_tag":[],"class_list":{"0":"post-726735","1":"product","2":"type-product","3":"status-publish","5":"product_cat-genel-kavramlar-kuram-ve-tarihce","6":"product_cat-muzik","7":"pa_cilt-ciltsiz","8":"pa_tur-kitap","9":"pa_yayinevi-gazi-kitabevi","10":"pa_yazar-mustafa-demirci","12":"first","13":"instock","14":"sale","15":"shipping-taxable","16":"purchasable","17":"product-type-simple"},"_links":{"self":[{"href":"https:\/\/roveyayinevi.com.tr\/index.php\/wp-json\/wp\/v2\/product\/726735","targetHints":{"allow":["GET"]}}],"collection":[{"href":"https:\/\/roveyayinevi.com.tr\/index.php\/wp-json\/wp\/v2\/product"}],"about":[{"href":"https:\/\/roveyayinevi.com.tr\/index.php\/wp-json\/wp\/v2\/types\/product"}],"wp:attachment":[{"href":"https:\/\/roveyayinevi.com.tr\/index.php\/wp-json\/wp\/v2\/media?parent=726735"}],"wp:term":[{"taxonomy":"product_brand","embeddable":true,"href":"https:\/\/roveyayinevi.com.tr\/index.php\/wp-json\/wp\/v2\/product_brand?post=726735"},{"taxonomy":"product_cat","embeddable":true,"href":"https:\/\/roveyayinevi.com.tr\/index.php\/wp-json\/wp\/v2\/product_cat?post=726735"},{"taxonomy":"product_tag","embeddable":true,"href":"https:\/\/roveyayinevi.com.tr\/index.php\/wp-json\/wp\/v2\/product_tag?post=726735"}],"curies":[{"name":"wp","href":"https:\/\/api.w.org\/{rel}","templated":true}]}}