{"id":726734,"date":"2025-08-27T20:11:13","date_gmt":"2025-08-27T17:11:13","guid":{"rendered":"https:\/\/roveyayinevi.com.tr\/index.php\/urun\/turk-islam-sanatlari-ii\/"},"modified":"2026-04-16T02:34:43","modified_gmt":"2026-04-15T23:34:43","slug":"turk-islam-sanatlari-ii","status":"publish","type":"product","link":"https:\/\/roveyayinevi.com.tr\/index.php\/urun\/turk-islam-sanatlari-ii\/","title":{"rendered":"T\u00fcrk \u0130slam Sanatlar\u0131 II"},"content":{"rendered":"<p>T\u00fcrk \u0130sl\u00e2m Sanatlar\u0131 Sanat Genel Kavramlar S\u00fcsleme Ve Unsurlar\u0131 S\u00fcslemelerde Kullan\u0131lan Malzemeler S\u00fcslemelerde Kullan\u0131lan Renkler S\u00fcslemelerde G\u00f6r\u00fclen \u00dcsl\u00fbplar S\u00fcslemelerde Kullan\u0131lan Motifler Hat Sanat\u0131 Tezhip Sanat\u0131 Minyat\u00fcr (Resim) Sanat\u0131 Cild Sanat\u0131 Ebru Sanat\u0131 \u00c7ini Sanat\u0131 Dokuma Sanat\u0131 Ah\u015fap Sanat\u0131 Di\u011fer Sanatlar <\/p>\n","protected":false},"excerpt":{"rendered":"<p>T\u00fcrk \u0130sl\u00e2m Sanatlar\u0131 Sanat Genel Kavramlar S\u00fcsleme Ve Unsurlar\u0131 S\u00fcslemelerde Kullan\u0131lan Malzemeler S\u00fcslemelerde Kullan\u0131lan Renkler S\u00fcslemelerde G\u00f6r\u00fclen \u00dcsl\u00fbplar S\u00fcslemelerde Kullan\u0131lan Motifler Hat Sanat\u0131 Tezhip Sanat\u0131 Minyat\u00fcr<span class=\"excerpt-hellip\"> [\u2026]<\/span><\/p>\n","protected":false},"featured_media":0,"template":"","meta":{"_monsterinsights_skip_tracking":false,"_monsterinsights_sitenote_active":false,"_monsterinsights_sitenote_note":"","_monsterinsights_sitenote_category":0},"product_brand":[],"product_cat":[16789,12718,12719],"product_tag":[],"class_list":{"0":"post-726734","1":"product","2":"type-product","3":"status-publish","5":"product_cat-diger-islam","6":"product_cat-din","7":"product_cat-islam","8":"pa_cilt-ciltsiz","9":"pa_tur-kitap","10":"pa_yayinevi-gazi-kitabevi","11":"pa_yazar-halil-ibrahim-eryilmaz","13":"first","14":"instock","15":"sale","16":"shipping-taxable","17":"purchasable","18":"product-type-simple"},"_links":{"self":[{"href":"https:\/\/roveyayinevi.com.tr\/index.php\/wp-json\/wp\/v2\/product\/726734","targetHints":{"allow":["GET"]}}],"collection":[{"href":"https:\/\/roveyayinevi.com.tr\/index.php\/wp-json\/wp\/v2\/product"}],"about":[{"href":"https:\/\/roveyayinevi.com.tr\/index.php\/wp-json\/wp\/v2\/types\/product"}],"wp:attachment":[{"href":"https:\/\/roveyayinevi.com.tr\/index.php\/wp-json\/wp\/v2\/media?parent=726734"}],"wp:term":[{"taxonomy":"product_brand","embeddable":true,"href":"https:\/\/roveyayinevi.com.tr\/index.php\/wp-json\/wp\/v2\/product_brand?post=726734"},{"taxonomy":"product_cat","embeddable":true,"href":"https:\/\/roveyayinevi.com.tr\/index.php\/wp-json\/wp\/v2\/product_cat?post=726734"},{"taxonomy":"product_tag","embeddable":true,"href":"https:\/\/roveyayinevi.com.tr\/index.php\/wp-json\/wp\/v2\/product_tag?post=726734"}],"curies":[{"name":"wp","href":"https:\/\/api.w.org\/{rel}","templated":true}]}}