{"id":726733,"date":"2025-08-27T20:11:12","date_gmt":"2025-08-27T17:11:12","guid":{"rendered":"https:\/\/roveyayinevi.com.tr\/index.php\/urun\/turk-islam-edebiyati-i\/"},"modified":"2026-04-16T02:34:43","modified_gmt":"2026-04-15T23:34:43","slug":"turk-islam-edebiyati-i","status":"publish","type":"product","link":"https:\/\/roveyayinevi.com.tr\/index.php\/urun\/turk-islam-edebiyati-i\/","title":{"rendered":"T\u00fcrk \u0130slam Edebiyat\u0131 I"},"content":{"rendered":"<p>T\u00fcrk \u2013 \u0130sl\u00e2m Edebiyat\u0131 Edebiyat Manzum Nesir \u0130sl\u00e2m \u00d6ncesi T\u00fcrk Edebiyat\u0131 S\u00f6zl\u00fc \u00dcr\u00fcnler \u0130lk M\u00fcellifler \u0130lk Eserler Divan Edebiyat\u0131 Naz\u0131m \u015eekilleri Allah Te\u00e2la \u0130le \u0130lgili T\u00fcrler Me\u015fhur Kasideler Me\u015fhur Mesneviler Kronoloji Din\u00ee \u2013 Tasavvuf\u00ee T\u00fcrk Edebiyat\u0131 T\u00fcrleri Din\u00ee \u2013 Tasavvuf\u00ee T\u00fcrk Edebiyat\u0131 \u00d6nemli Temsilcileri \u00c2\u015f\u0131k Edebiyat\u0131 Temsilcileri Tanzimat D\u00f6nemi Temsilcileri Son D\u00f6nem Temsilcileri Hece Vezni Aruz Serbest Vezin Edebi Metin <\/p>\n","protected":false},"excerpt":{"rendered":"<p>T\u00fcrk \u2013 \u0130sl\u00e2m Edebiyat\u0131 Edebiyat Manzum Nesir \u0130sl\u00e2m \u00d6ncesi T\u00fcrk Edebiyat\u0131 S\u00f6zl\u00fc \u00dcr\u00fcnler \u0130lk M\u00fcellifler \u0130lk Eserler Divan Edebiyat\u0131 Naz\u0131m \u015eekilleri Allah Te\u00e2la \u0130le \u0130lgili T\u00fcrler<span class=\"excerpt-hellip\"> [\u2026]<\/span><\/p>\n","protected":false},"featured_media":0,"template":"","meta":{"_monsterinsights_skip_tracking":false,"_monsterinsights_sitenote_active":false,"_monsterinsights_sitenote_note":"","_monsterinsights_sitenote_category":0},"product_brand":[],"product_cat":[12718,18102,12719],"product_tag":[],"class_list":{"0":"post-726733","1":"product","2":"type-product","3":"status-publish","5":"product_cat-din","6":"product_cat-edebiyat-roman","7":"product_cat-islam","8":"pa_cilt-ciltsiz","9":"pa_tur-kitap","10":"pa_yayinevi-gazi-kitabevi","11":"pa_yazar-mehmet-goktas","13":"first","14":"instock","15":"sale","16":"shipping-taxable","17":"purchasable","18":"product-type-simple"},"_links":{"self":[{"href":"https:\/\/roveyayinevi.com.tr\/index.php\/wp-json\/wp\/v2\/product\/726733","targetHints":{"allow":["GET"]}}],"collection":[{"href":"https:\/\/roveyayinevi.com.tr\/index.php\/wp-json\/wp\/v2\/product"}],"about":[{"href":"https:\/\/roveyayinevi.com.tr\/index.php\/wp-json\/wp\/v2\/types\/product"}],"wp:attachment":[{"href":"https:\/\/roveyayinevi.com.tr\/index.php\/wp-json\/wp\/v2\/media?parent=726733"}],"wp:term":[{"taxonomy":"product_brand","embeddable":true,"href":"https:\/\/roveyayinevi.com.tr\/index.php\/wp-json\/wp\/v2\/product_brand?post=726733"},{"taxonomy":"product_cat","embeddable":true,"href":"https:\/\/roveyayinevi.com.tr\/index.php\/wp-json\/wp\/v2\/product_cat?post=726733"},{"taxonomy":"product_tag","embeddable":true,"href":"https:\/\/roveyayinevi.com.tr\/index.php\/wp-json\/wp\/v2\/product_tag?post=726733"}],"curies":[{"name":"wp","href":"https:\/\/api.w.org\/{rel}","templated":true}]}}