{"id":726731,"date":"2025-08-27T20:11:11","date_gmt":"2025-08-27T17:11:11","guid":{"rendered":"https:\/\/roveyayinevi.com.tr\/index.php\/urun\/tefsir-ii\/"},"modified":"2026-04-16T02:34:43","modified_gmt":"2026-04-15T23:34:43","slug":"tefsir-ii","status":"publish","type":"product","link":"https:\/\/roveyayinevi.com.tr\/index.php\/urun\/tefsir-ii\/","title":{"rendered":"Tefsir II"},"content":{"rendered":"<p>Temel Kavramlar Tefsir Y\u00f6neli\u015fleri Eser Ve M\u00fcfessir Kur\u2019\u00e2n Kavramlar\u0131 N\u00fczul S\u0131ras\u0131na G\u00f6re Baz\u0131 Mekk\u00ee S\u00fbreler N\u00fczul S\u0131ras\u0131na G\u00f6re Baz\u0131 Meden\u00ee S\u00fbreler <\/p>\n","protected":false},"excerpt":{"rendered":"<p>Temel Kavramlar Tefsir Y\u00f6neli\u015fleri Eser Ve M\u00fcfessir Kur\u2019\u00e2n Kavramlar\u0131 N\u00fczul S\u0131ras\u0131na G\u00f6re Baz\u0131 Mekk\u00ee S\u00fbreler N\u00fczul S\u0131ras\u0131na G\u00f6re Baz\u0131 Meden\u00ee S\u00fbreler<\/p>\n","protected":false},"featured_media":0,"template":"","meta":{"_monsterinsights_skip_tracking":false,"_monsterinsights_sitenote_active":false,"_monsterinsights_sitenote_note":"","_monsterinsights_sitenote_category":0},"product_brand":[],"product_cat":[12718,12719,45552],"product_tag":[],"class_list":{"0":"post-726731","1":"product","2":"type-product","3":"status-publish","5":"product_cat-din","6":"product_cat-islam","7":"product_cat-meal-tefsir-hadis","8":"pa_cilt-ciltsiz","9":"pa_tur-kitap","10":"pa_yayinevi-gazi-kitabevi","11":"pa_yazar-ali-karatas","12":"pa_yazar-yusuf-karatas-yay-haz","14":"first","15":"instock","16":"sale","17":"shipping-taxable","18":"purchasable","19":"product-type-simple"},"_links":{"self":[{"href":"https:\/\/roveyayinevi.com.tr\/index.php\/wp-json\/wp\/v2\/product\/726731","targetHints":{"allow":["GET"]}}],"collection":[{"href":"https:\/\/roveyayinevi.com.tr\/index.php\/wp-json\/wp\/v2\/product"}],"about":[{"href":"https:\/\/roveyayinevi.com.tr\/index.php\/wp-json\/wp\/v2\/types\/product"}],"wp:attachment":[{"href":"https:\/\/roveyayinevi.com.tr\/index.php\/wp-json\/wp\/v2\/media?parent=726731"}],"wp:term":[{"taxonomy":"product_brand","embeddable":true,"href":"https:\/\/roveyayinevi.com.tr\/index.php\/wp-json\/wp\/v2\/product_brand?post=726731"},{"taxonomy":"product_cat","embeddable":true,"href":"https:\/\/roveyayinevi.com.tr\/index.php\/wp-json\/wp\/v2\/product_cat?post=726731"},{"taxonomy":"product_tag","embeddable":true,"href":"https:\/\/roveyayinevi.com.tr\/index.php\/wp-json\/wp\/v2\/product_tag?post=726731"}],"curies":[{"name":"wp","href":"https:\/\/api.w.org\/{rel}","templated":true}]}}