{"id":726730,"date":"2025-08-27T20:11:10","date_gmt":"2025-08-27T17:11:10","guid":{"rendered":"https:\/\/roveyayinevi.com.tr\/index.php\/urun\/tefsir-i\/"},"modified":"2026-04-16T02:34:43","modified_gmt":"2026-04-15T23:34:43","slug":"tefsir-i","status":"publish","type":"product","link":"https:\/\/roveyayinevi.com.tr\/index.php\/urun\/tefsir-i\/","title":{"rendered":"Tefsir I"},"content":{"rendered":"<p>Kur\u2019an Tefsir Kur\u2019an\u2019la \u0130lgili Kavramlar Tefsir Kavram Ve Ekolleri Tefsir Usul Kavramlar\u0131 Kur\u2019\u00e2n \u0130limlerine Ait Kavramlar Delalet A\u00e7\u0131s\u0131ndan Kur\u2019\u00e2n Laf\u0131zlar\u0131n\u0131n Taksimi Vazihu\u2019d-Delale Yeni Tefsir Kavramlar\u0131 Kur\u2019\u00e2n Kavram Ve Terkipleri Baz\u0131 M\u00fcfessirler Ve Tefsirleri <\/p>\n","protected":false},"excerpt":{"rendered":"<p>Kur\u2019an Tefsir Kur\u2019an\u2019la \u0130lgili Kavramlar Tefsir Kavram Ve Ekolleri Tefsir Usul Kavramlar\u0131 Kur\u2019\u00e2n \u0130limlerine Ait Kavramlar Delalet A\u00e7\u0131s\u0131ndan Kur\u2019\u00e2n Laf\u0131zlar\u0131n\u0131n Taksimi Vazihu\u2019d-Delale Yeni Tefsir Kavramlar\u0131 Kur\u2019\u00e2n<span class=\"excerpt-hellip\"> [\u2026]<\/span><\/p>\n","protected":false},"featured_media":0,"template":"","meta":{"_monsterinsights_skip_tracking":false,"_monsterinsights_sitenote_active":false,"_monsterinsights_sitenote_note":"","_monsterinsights_sitenote_category":0},"product_brand":[],"product_cat":[12718,12719,45552],"product_tag":[],"class_list":{"0":"post-726730","1":"product","2":"type-product","3":"status-publish","5":"product_cat-din","6":"product_cat-islam","7":"product_cat-meal-tefsir-hadis","8":"pa_cilt-ciltsiz","9":"pa_tur-kitap","10":"pa_yayinevi-gazi-kitabevi","11":"pa_yazar-m-halil-cicek","13":"first","14":"instock","15":"sale","16":"shipping-taxable","17":"purchasable","18":"product-type-simple"},"_links":{"self":[{"href":"https:\/\/roveyayinevi.com.tr\/index.php\/wp-json\/wp\/v2\/product\/726730","targetHints":{"allow":["GET"]}}],"collection":[{"href":"https:\/\/roveyayinevi.com.tr\/index.php\/wp-json\/wp\/v2\/product"}],"about":[{"href":"https:\/\/roveyayinevi.com.tr\/index.php\/wp-json\/wp\/v2\/types\/product"}],"wp:attachment":[{"href":"https:\/\/roveyayinevi.com.tr\/index.php\/wp-json\/wp\/v2\/media?parent=726730"}],"wp:term":[{"taxonomy":"product_brand","embeddable":true,"href":"https:\/\/roveyayinevi.com.tr\/index.php\/wp-json\/wp\/v2\/product_brand?post=726730"},{"taxonomy":"product_cat","embeddable":true,"href":"https:\/\/roveyayinevi.com.tr\/index.php\/wp-json\/wp\/v2\/product_cat?post=726730"},{"taxonomy":"product_tag","embeddable":true,"href":"https:\/\/roveyayinevi.com.tr\/index.php\/wp-json\/wp\/v2\/product_tag?post=726730"}],"curies":[{"name":"wp","href":"https:\/\/api.w.org\/{rel}","templated":true}]}}