{"id":726728,"date":"2025-08-27T20:11:08","date_gmt":"2025-08-27T17:11:08","guid":{"rendered":"https:\/\/roveyayinevi.com.tr\/index.php\/urun\/tasavvuf-i\/"},"modified":"2025-12-30T10:33:33","modified_gmt":"2025-12-30T07:33:33","slug":"tasavvuf-i","status":"publish","type":"product","link":"https:\/\/roveyayinevi.com.tr\/index.php\/urun\/tasavvuf-i\/","title":{"rendered":"Tasavvuf I"},"content":{"rendered":"<p>Tasavvuf \u0130hs\u00e2n Mistisizm Ezoterizm Seyr U S\u00fcl\u00fbk S\u00e2lik Temel Kavramlar D\u00f6rt Kap\u0131 Bilgi Vas\u0131talar\u0131 Tasavvuf\u00ee Terbiye Yollar\u0131 H\u00e2ller Ve Makamlar Ahl\u00e2k Tevhid Ve Zikir \u00c2lemler Tarikatlar Mek\u00e2nlar \u2013 K\u0131yafetler \u2013 Aletler Tabirler <\/p>\n","protected":false},"excerpt":{"rendered":"<p>Tasavvuf \u0130hs\u00e2n Mistisizm Ezoterizm Seyr U S\u00fcl\u00fbk S\u00e2lik Temel Kavramlar D\u00f6rt Kap\u0131 Bilgi Vas\u0131talar\u0131 Tasavvuf\u00ee Terbiye Yollar\u0131 H\u00e2ller Ve Makamlar Ahl\u00e2k Tevhid Ve Zikir \u00c2lemler Tarikatlar<span class=\"excerpt-hellip\"> [\u2026]<\/span><\/p>\n","protected":false},"featured_media":0,"template":"","meta":{"_monsterinsights_skip_tracking":false,"_monsterinsights_sitenote_active":false,"_monsterinsights_sitenote_note":"","_monsterinsights_sitenote_category":0},"product_brand":[],"product_cat":[12718,12719,12720],"product_tag":[],"class_list":{"0":"post-726728","1":"product","2":"type-product","3":"status-publish","5":"product_cat-din","6":"product_cat-islam","7":"product_cat-tasavvuf-mezhepler-tarikatlar","8":"pa_cilt-ciltsiz","9":"pa_tur-kitap","10":"pa_yayinevi-gazi-kitabevi","11":"pa_yazar-bulent-akot","13":"first","14":"instock","15":"sale","16":"shipping-taxable","17":"purchasable","18":"product-type-simple"},"_links":{"self":[{"href":"https:\/\/roveyayinevi.com.tr\/index.php\/wp-json\/wp\/v2\/product\/726728","targetHints":{"allow":["GET"]}}],"collection":[{"href":"https:\/\/roveyayinevi.com.tr\/index.php\/wp-json\/wp\/v2\/product"}],"about":[{"href":"https:\/\/roveyayinevi.com.tr\/index.php\/wp-json\/wp\/v2\/types\/product"}],"wp:attachment":[{"href":"https:\/\/roveyayinevi.com.tr\/index.php\/wp-json\/wp\/v2\/media?parent=726728"}],"wp:term":[{"taxonomy":"product_brand","embeddable":true,"href":"https:\/\/roveyayinevi.com.tr\/index.php\/wp-json\/wp\/v2\/product_brand?post=726728"},{"taxonomy":"product_cat","embeddable":true,"href":"https:\/\/roveyayinevi.com.tr\/index.php\/wp-json\/wp\/v2\/product_cat?post=726728"},{"taxonomy":"product_tag","embeddable":true,"href":"https:\/\/roveyayinevi.com.tr\/index.php\/wp-json\/wp\/v2\/product_tag?post=726728"}],"curies":[{"name":"wp","href":"https:\/\/api.w.org\/{rel}","templated":true}]}}