{"id":726726,"date":"2025-08-27T20:11:07","date_gmt":"2025-08-27T17:11:07","guid":{"rendered":"https:\/\/roveyayinevi.com.tr\/index.php\/urun\/islam-mezhepleri-ii\/"},"modified":"2026-04-16T02:34:43","modified_gmt":"2026-04-15T23:34:43","slug":"islam-mezhepleri-ii","status":"publish","type":"product","link":"https:\/\/roveyayinevi.com.tr\/index.php\/urun\/islam-mezhepleri-ii\/","title":{"rendered":"\u0130slam Mezhepleri II"},"content":{"rendered":"<p>Mezhepler Tarihi Mezhepler Tarih\u00e7ileri \u0130smailiyye Ehl-i S\u00fcnnet ve\u2019l Cemaat Gul\u00e2t F\u0131kralar Mezhepler Tarihi A\u00e7\u0131s\u0131ndan Baz\u0131 \u00d6nemli \u015eehirler Baz\u0131 \u00d6nemli Hareketler Ehl-i Kur\u2019\u00e2n Ehl-i Hadis Cihad Hareketi Hizbullah Nurcu veya Nursiyye S\u00fcleymanc\u0131l\u0131k Hizbu\u2019d-Davetu\u2019l-\u0130sl\u00e2miyye \u0130ttihadiyye-i M\u00fcslimin Enc\u00fcmen-i Tebli\u011fat-\u0131 \u0130sl\u00e2m\u00ee \u0130ran \u0130sl\u00e2m Devrimi Taliban El- Hac \u00d6mer Hareketi Filistin \u0130sl\u00e2mi Direni\u015f Hareketi Filistin \u0130sl\u00e2mi Cihad Hareketi<\/p>\n","protected":false},"excerpt":{"rendered":"<p>Mezhepler Tarihi Mezhepler Tarih\u00e7ileri \u0130smailiyye Ehl-i S\u00fcnnet ve\u2019l Cemaat Gul\u00e2t F\u0131kralar Mezhepler Tarihi A\u00e7\u0131s\u0131ndan Baz\u0131 \u00d6nemli \u015eehirler Baz\u0131 \u00d6nemli Hareketler Ehl-i Kur\u2019\u00e2n Ehl-i Hadis Cihad Hareketi<span class=\"excerpt-hellip\"> [\u2026]<\/span><\/p>\n","protected":false},"featured_media":0,"template":"","meta":{"_monsterinsights_skip_tracking":false,"_monsterinsights_sitenote_active":false,"_monsterinsights_sitenote_note":"","_monsterinsights_sitenote_category":0},"product_brand":[],"product_cat":[12718,12719,12720],"product_tag":[],"class_list":{"0":"post-726726","1":"product","2":"type-product","3":"status-publish","5":"product_cat-din","6":"product_cat-islam","7":"product_cat-tasavvuf-mezhepler-tarikatlar","8":"pa_cilt-ciltsiz","9":"pa_tur-kitap","10":"pa_yayinevi-gazi-kitabevi","11":"pa_yazar-sahin-ahmetoglu","13":"first","14":"instock","15":"sale","16":"shipping-taxable","17":"purchasable","18":"product-type-simple"},"_links":{"self":[{"href":"https:\/\/roveyayinevi.com.tr\/index.php\/wp-json\/wp\/v2\/product\/726726","targetHints":{"allow":["GET"]}}],"collection":[{"href":"https:\/\/roveyayinevi.com.tr\/index.php\/wp-json\/wp\/v2\/product"}],"about":[{"href":"https:\/\/roveyayinevi.com.tr\/index.php\/wp-json\/wp\/v2\/types\/product"}],"wp:attachment":[{"href":"https:\/\/roveyayinevi.com.tr\/index.php\/wp-json\/wp\/v2\/media?parent=726726"}],"wp:term":[{"taxonomy":"product_brand","embeddable":true,"href":"https:\/\/roveyayinevi.com.tr\/index.php\/wp-json\/wp\/v2\/product_brand?post=726726"},{"taxonomy":"product_cat","embeddable":true,"href":"https:\/\/roveyayinevi.com.tr\/index.php\/wp-json\/wp\/v2\/product_cat?post=726726"},{"taxonomy":"product_tag","embeddable":true,"href":"https:\/\/roveyayinevi.com.tr\/index.php\/wp-json\/wp\/v2\/product_tag?post=726726"}],"curies":[{"name":"wp","href":"https:\/\/api.w.org\/{rel}","templated":true}]}}