{"id":726723,"date":"2025-08-27T20:11:04","date_gmt":"2025-08-27T17:11:04","guid":{"rendered":"https:\/\/roveyayinevi.com.tr\/index.php\/urun\/hadis-ii\/"},"modified":"2026-04-16T02:34:43","modified_gmt":"2026-04-15T23:34:43","slug":"hadis-ii","status":"publish","type":"product","link":"https:\/\/roveyayinevi.com.tr\/index.php\/urun\/hadis-ii\/","title":{"rendered":"Hadis II"},"content":{"rendered":"<p>Hadis S\u00fcnnet Vahiy Tebli\u011f Bey\u00e2n Hadis \u0130limleri Hadis Tarihi R\u00e2vi Tabakalar\u0131 Ve Kimlikleriyle \u0130lgili Baz\u0131 Ist\u0131lahlar Rivayet Ad\u00e2b\u0131, Ed\u00e2 Ve Ed\u00e2 Laf\u0131zlar\u0131 Cerh- Ta\u2019dil Laf\u0131zlar\u0131 Rivayetin Keyfiyeti Ve Laf\u0131zlar\u0131 R\u00e2vi \u0130le \u0130lgili Meseleler Hadis \u0130snad\u0131yla \u0130lgili \u0130stilahlar Hadis Metniyle \u0130lgili Ist\u0131lahlar Hadis \u00c7e\u015fitleriyle \u0130lgili Ist\u0131lahlar Kitap B\u00f6l\u00fcm Ve B\u00e2b Ba\u015fl\u0131klar\u0131yla \u0130lgili Ist\u0131lahlar Hadis Edebiyat\u0131yla \u0130lgili Ist\u0131lahlar Hadis Edebiyat\u0131yla \u0130lgili Ist\u0131lahlar Hadis Kitaplar\u0131n\u0131n S\u0131hhatiyle \u0130lgili Ist\u0131lahlar Hadis Edebiyat\u0131 Ve Hadis Litarat\u00fcr\u00fc Hadis Bulma Litarat\u00fcr\u00fc K\u00fct\u00fcb-\u0130 Tis\u2019a M\u00fcellifleri Hadislerin Yaz\u0131m\u0131yla \u0130lgili Ist\u0131lahlar<\/p>\n","protected":false},"excerpt":{"rendered":"<p>Hadis S\u00fcnnet Vahiy Tebli\u011f Bey\u00e2n Hadis \u0130limleri Hadis Tarihi R\u00e2vi Tabakalar\u0131 Ve Kimlikleriyle \u0130lgili Baz\u0131 Ist\u0131lahlar Rivayet Ad\u00e2b\u0131, Ed\u00e2 Ve Ed\u00e2 Laf\u0131zlar\u0131 Cerh- Ta\u2019dil Laf\u0131zlar\u0131 Rivayetin<span class=\"excerpt-hellip\"> [\u2026]<\/span><\/p>\n","protected":false},"featured_media":0,"template":"","meta":{"_monsterinsights_skip_tracking":false,"_monsterinsights_sitenote_active":false,"_monsterinsights_sitenote_note":"","_monsterinsights_sitenote_category":0},"product_brand":[],"product_cat":[12718,12719,45552],"product_tag":[],"class_list":{"0":"post-726723","1":"product","2":"type-product","3":"status-publish","5":"product_cat-din","6":"product_cat-islam","7":"product_cat-meal-tefsir-hadis","8":"pa_cilt-ciltsiz","9":"pa_tur-kitap","10":"pa_yayinevi-gazi-kitabevi","11":"pa_yazar-ahmet-yildirim","13":"first","14":"instock","15":"sale","16":"shipping-taxable","17":"purchasable","18":"product-type-simple"},"_links":{"self":[{"href":"https:\/\/roveyayinevi.com.tr\/index.php\/wp-json\/wp\/v2\/product\/726723","targetHints":{"allow":["GET"]}}],"collection":[{"href":"https:\/\/roveyayinevi.com.tr\/index.php\/wp-json\/wp\/v2\/product"}],"about":[{"href":"https:\/\/roveyayinevi.com.tr\/index.php\/wp-json\/wp\/v2\/types\/product"}],"wp:attachment":[{"href":"https:\/\/roveyayinevi.com.tr\/index.php\/wp-json\/wp\/v2\/media?parent=726723"}],"wp:term":[{"taxonomy":"product_brand","embeddable":true,"href":"https:\/\/roveyayinevi.com.tr\/index.php\/wp-json\/wp\/v2\/product_brand?post=726723"},{"taxonomy":"product_cat","embeddable":true,"href":"https:\/\/roveyayinevi.com.tr\/index.php\/wp-json\/wp\/v2\/product_cat?post=726723"},{"taxonomy":"product_tag","embeddable":true,"href":"https:\/\/roveyayinevi.com.tr\/index.php\/wp-json\/wp\/v2\/product_tag?post=726723"}],"curies":[{"name":"wp","href":"https:\/\/api.w.org\/{rel}","templated":true}]}}