{"id":726722,"date":"2025-08-27T20:11:03","date_gmt":"2025-08-27T17:11:03","guid":{"rendered":"https:\/\/roveyayinevi.com.tr\/index.php\/urun\/turk-dili-arastirmalari-2\/"},"modified":"2026-04-16T02:34:43","modified_gmt":"2026-04-15T23:34:43","slug":"turk-dili-arastirmalari-2","status":"publish","type":"product","link":"https:\/\/roveyayinevi.com.tr\/index.php\/urun\/turk-dili-arastirmalari-2\/","title":{"rendered":"T\u00fcrk Dili Ara\u015ft\u0131rmalar\u0131"},"content":{"rendered":"<p>T\u00fcrk Dili Ara\u015ft\u0131rmalar\u0131, T\u00fcrk\u00e7enin yaz\u0131 \u00f6ncesinden ba\u015flay\u0131p g\u00fcn\u00fcm\u00fcze kadar gelen ser\u00fcvenini de\u011fi\u015fik a\u00e7\u0131lardan ele alan \u00e7al\u0131\u015fmalardan olu\u015fmaktad\u0131r. Bu \u00e7al\u0131\u015fmada; alfabe ve alfabeler, T\u00fcrk\u00e7enin ses bilgisi, bi\u00e7im bilgisi, s\u00f6zc\u00fck bilgisi, T\u00fcrk\u00e7enin k\u00f6ken bilgisi \u00e7al\u0131\u015fmalar\u0131, Eski T\u00fcrkiye T\u00fcrk\u00e7esi yaz\u0131 dilinin olu\u015fmas\u0131, yer adlar\u0131, Tarih\u00ee T\u00fcrk\u00e7e, T\u00fcrkiye T\u00fcrk\u00e7esi a\u011f\u0131zlar\u0131, T\u00fcrk leh\u00e7e ve \u015fiveleri, Grek harfli T\u00fcrk\u00e7e kitabeler ve Karaman T\u00fcrklerinin dili, ele al\u0131nm\u0131\u015ft\u0131r. Ayr\u0131ca bu \u00e7al\u0131\u015fma T\u00fcrk\u00e7e e\u011fitimi ve \u00f6\u011fretimi, T\u00fcrk ninnilerinin dili, T\u00fcrk\u00e7enin T\u00fcrkiye d\u0131\u015f\u0131nda \u00f6\u011fretimi, T\u00fcrk\u00e7enin yabanc\u0131 dil olarak \u00f6\u011fretimi, T\u00fcrk\u00e7enin di\u011fer dillerle ili\u015fkisi, T\u00fcrkiye T\u00fcrk\u00e7esinin \u00e7e\u015fitli problemleri konular\u0131n\u0131 da i\u00e7ermektedir.<\/p>\n","protected":false},"excerpt":{"rendered":"<p>T\u00fcrk Dili Ara\u015ft\u0131rmalar\u0131, T\u00fcrk\u00e7enin yaz\u0131 \u00f6ncesinden ba\u015flay\u0131p g\u00fcn\u00fcm\u00fcze kadar gelen ser\u00fcvenini de\u011fi\u015fik a\u00e7\u0131lardan ele alan \u00e7al\u0131\u015fmalardan olu\u015fmaktad\u0131r. Bu \u00e7al\u0131\u015fmada; alfabe ve alfabeler, T\u00fcrk\u00e7enin ses bilgisi, bi\u00e7im<span class=\"excerpt-hellip\"> [\u2026]<\/span><\/p>\n","protected":false},"featured_media":0,"template":"","meta":{"_monsterinsights_skip_tracking":false,"_monsterinsights_sitenote_active":false,"_monsterinsights_sitenote_note":"","_monsterinsights_sitenote_category":0},"product_brand":[],"product_cat":[13072,12291],"product_tag":[],"class_list":{"0":"post-726722","1":"product","2":"type-product","3":"status-publish","5":"product_cat-arastirma-inceleme-referans","6":"product_cat-edebiyat","7":"pa_cilt-ciltsiz","8":"pa_tur-kitap","9":"pa_yayinevi-altinordu-yayinlari","10":"pa_yazar-necati-demir","12":"first","13":"instock","14":"sale","15":"shipping-taxable","16":"purchasable","17":"product-type-simple"},"_links":{"self":[{"href":"https:\/\/roveyayinevi.com.tr\/index.php\/wp-json\/wp\/v2\/product\/726722","targetHints":{"allow":["GET"]}}],"collection":[{"href":"https:\/\/roveyayinevi.com.tr\/index.php\/wp-json\/wp\/v2\/product"}],"about":[{"href":"https:\/\/roveyayinevi.com.tr\/index.php\/wp-json\/wp\/v2\/types\/product"}],"wp:attachment":[{"href":"https:\/\/roveyayinevi.com.tr\/index.php\/wp-json\/wp\/v2\/media?parent=726722"}],"wp:term":[{"taxonomy":"product_brand","embeddable":true,"href":"https:\/\/roveyayinevi.com.tr\/index.php\/wp-json\/wp\/v2\/product_brand?post=726722"},{"taxonomy":"product_cat","embeddable":true,"href":"https:\/\/roveyayinevi.com.tr\/index.php\/wp-json\/wp\/v2\/product_cat?post=726722"},{"taxonomy":"product_tag","embeddable":true,"href":"https:\/\/roveyayinevi.com.tr\/index.php\/wp-json\/wp\/v2\/product_tag?post=726722"}],"curies":[{"name":"wp","href":"https:\/\/api.w.org\/{rel}","templated":true}]}}