{"id":726721,"date":"2025-08-27T20:11:03","date_gmt":"2025-08-27T17:11:03","guid":{"rendered":"https:\/\/roveyayinevi.com.tr\/index.php\/urun\/hadis-i\/"},"modified":"2026-04-16T02:34:43","modified_gmt":"2026-04-15T23:34:43","slug":"hadis-i","status":"publish","type":"product","link":"https:\/\/roveyayinevi.com.tr\/index.php\/urun\/hadis-i\/","title":{"rendered":"Hadis I"},"content":{"rendered":"<p>Hadis R\u00e2v\u00eelerin Tabakalar\u0131 Muhaddisler Hakk\u0131ndaki Nitelendirmeler Muhaddislerin Unvanlar\u0131 Hadis Tarihindeki Baz\u0131 Ekoller Kayna\u011f\u0131na G\u00f6re Hadis \u00c7e\u015fitleri R\u00e2vi Say\u0131s\u0131 Bak\u0131m\u0131ndan Hadis \u00c7e\u015fitleri S\u0131hhati Bak\u0131m\u0131ndan Hadis \u00c7e\u015fitleri Zay\u0131fl\u0131k A\u00e7\u0131s\u0131ndan Hadisin K\u0131s\u0131mlar\u0131 Senedin \u00d6zelliklerine G\u00f6re Hadisin K\u0131s\u0131mlar\u0131 Sahih Hadisle \u0130lgili Kavramlar Rivayet Laf\u0131zlar\u0131 \u0130le \u0130lgili Kavramlar R\u00e2v\u00eelerin Tenkidi Cerh- Ta\u2019dil Laf\u0131zlar\u0131 Hadis Edebiyat\u0131n\u0131n Olu\u015fum Safhalar\u0131 Hadis Edebiyat\u0131na Dair Baz\u0131 Terimler \u0130snad Ve \u0130snad \u0130le \u0130lgili Meseleler Cerh- Ta\u2019dil \u00c2limlerinin \u00d6zellikleri R\u00e2v\u00ee \u0130le \u0130lgili Meseleler Hadis \u0130lmi \u0130le \u0130lgili Kavramlar Hadis \u00d6\u011frenim Ve \u00d6\u011fretim Metotlar\u0131 Baz\u0131 Hadis Meseleleri <\/p>\n","protected":false},"excerpt":{"rendered":"<p>Hadis R\u00e2v\u00eelerin Tabakalar\u0131 Muhaddisler Hakk\u0131ndaki Nitelendirmeler Muhaddislerin Unvanlar\u0131 Hadis Tarihindeki Baz\u0131 Ekoller Kayna\u011f\u0131na G\u00f6re Hadis \u00c7e\u015fitleri R\u00e2vi Say\u0131s\u0131 Bak\u0131m\u0131ndan Hadis \u00c7e\u015fitleri S\u0131hhati Bak\u0131m\u0131ndan Hadis \u00c7e\u015fitleri Zay\u0131fl\u0131k<span class=\"excerpt-hellip\"> [\u2026]<\/span><\/p>\n","protected":false},"featured_media":0,"template":"","meta":{"_monsterinsights_skip_tracking":false,"_monsterinsights_sitenote_active":false,"_monsterinsights_sitenote_note":"","_monsterinsights_sitenote_category":0},"product_brand":[],"product_cat":[12718,12719,45552],"product_tag":[],"class_list":{"0":"post-726721","1":"product","2":"type-product","3":"status-publish","5":"product_cat-din","6":"product_cat-islam","7":"product_cat-meal-tefsir-hadis","8":"pa_cilt-ciltsiz","9":"pa_tur-kitap","10":"pa_yayinevi-gazi-kitabevi","11":"pa_yazar-huseyin-akyuz","13":"first","14":"instock","15":"sale","16":"shipping-taxable","17":"purchasable","18":"product-type-simple"},"_links":{"self":[{"href":"https:\/\/roveyayinevi.com.tr\/index.php\/wp-json\/wp\/v2\/product\/726721","targetHints":{"allow":["GET"]}}],"collection":[{"href":"https:\/\/roveyayinevi.com.tr\/index.php\/wp-json\/wp\/v2\/product"}],"about":[{"href":"https:\/\/roveyayinevi.com.tr\/index.php\/wp-json\/wp\/v2\/types\/product"}],"wp:attachment":[{"href":"https:\/\/roveyayinevi.com.tr\/index.php\/wp-json\/wp\/v2\/media?parent=726721"}],"wp:term":[{"taxonomy":"product_brand","embeddable":true,"href":"https:\/\/roveyayinevi.com.tr\/index.php\/wp-json\/wp\/v2\/product_brand?post=726721"},{"taxonomy":"product_cat","embeddable":true,"href":"https:\/\/roveyayinevi.com.tr\/index.php\/wp-json\/wp\/v2\/product_cat?post=726721"},{"taxonomy":"product_tag","embeddable":true,"href":"https:\/\/roveyayinevi.com.tr\/index.php\/wp-json\/wp\/v2\/product_tag?post=726721"}],"curies":[{"name":"wp","href":"https:\/\/api.w.org\/{rel}","templated":true}]}}