{"id":726718,"date":"2025-08-27T20:11:00","date_gmt":"2025-08-27T17:11:00","guid":{"rendered":"https:\/\/roveyayinevi.com.tr\/index.php\/urun\/hepimiz-ayni-surudeyiz\/"},"modified":"2026-04-16T02:34:43","modified_gmt":"2026-04-15T23:34:43","slug":"hepimiz-ayni-surudeyiz","status":"publish","type":"product","link":"https:\/\/roveyayinevi.com.tr\/index.php\/urun\/hepimiz-ayni-surudeyiz\/","title":{"rendered":"Hepimiz Ayn\u0131 S\u00fcr\u00fcdeyiz"},"content":{"rendered":"<p>Kapitalizm vah\u015file\u015ferek hiperkapitalizme d\u00f6n\u00fc\u015f\u00fcrken, \u00f6nce markalar insanlar\u0131n onaylanmas\u0131, stat\u00fc kazanmas\u0131 ve kabul g\u00f6rmesi i\u00e7in t\u00fcketilmesi gereken metalar haline d\u00f6n\u00fc\u015ft\u00fcr\u00fcld\u00fc. Sonras\u0131nda ya\u015fanan teknolojik geli\u015fmeler, siber alanlar, sosyal medya platformlar\u0131, ba\u015fkalar\u0131 taraf\u0131ndan s\u00fcrekli beslenen s\u00fcrd\u00fcr\u00fclebilir kayg\u0131lar ve dayat\u0131lan g\u00f6r\u00fcn\u00fcr olma zorunlulu\u011fu insanlar\u0131n kendilerini de birer metaya d\u00f6n\u00fc\u015ft\u00fcrmesine neden oldu. Sosyal medyada kendini olmak istedi\u011fi gibi yeniden yaratan insan, giderek kendi ger\u00e7ekli\u011fine yabanc\u0131la\u015ft\u0131. Bu kitap biricik ve \u00f6zel oldu\u011funu d\u00fc\u015f\u00fcn\u00fcrken birbirinin kopyas\u0131 haline gelen, \u00f6zg\u00fcnl\u00fc\u011f\u00fcn\u00fc yitiren insan\u0131n, sistem taraf\u0131ndan s\u00f6m\u00fcr\u00fcl\u00fcrken kendine yabanc\u0131la\u015fmas\u0131n\u0131n hik\u00e2yesini tarihsel verilerin de \u0131\u015f\u0131\u011f\u0131 alt\u0131nda anlat\u0131yor. <\/p>\n","protected":false},"excerpt":{"rendered":"<p>Kapitalizm vah\u015file\u015ferek hiperkapitalizme d\u00f6n\u00fc\u015f\u00fcrken, \u00f6nce markalar insanlar\u0131n onaylanmas\u0131, stat\u00fc kazanmas\u0131 ve kabul g\u00f6rmesi i\u00e7in t\u00fcketilmesi gereken metalar haline d\u00f6n\u00fc\u015ft\u00fcr\u00fcld\u00fc. Sonras\u0131nda ya\u015fanan teknolojik geli\u015fmeler, siber alanlar, sosyal<span class=\"excerpt-hellip\"> [\u2026]<\/span><\/p>\n","protected":false},"featured_media":0,"template":"","meta":{"_monsterinsights_skip_tracking":false,"_monsterinsights_sitenote_active":false,"_monsterinsights_sitenote_note":"","_monsterinsights_sitenote_category":0},"product_brand":[],"product_cat":[13072,12291],"product_tag":[],"class_list":{"0":"post-726718","1":"product","2":"type-product","3":"status-publish","5":"product_cat-arastirma-inceleme-referans","6":"product_cat-edebiyat","7":"pa_cilt-ciltsiz","8":"pa_tur-kitap","9":"pa_yayinevi-destek-yayinlari","10":"pa_yazar-ece-baban","12":"first","13":"instock","14":"sale","15":"shipping-taxable","16":"purchasable","17":"product-type-simple"},"_links":{"self":[{"href":"https:\/\/roveyayinevi.com.tr\/index.php\/wp-json\/wp\/v2\/product\/726718","targetHints":{"allow":["GET"]}}],"collection":[{"href":"https:\/\/roveyayinevi.com.tr\/index.php\/wp-json\/wp\/v2\/product"}],"about":[{"href":"https:\/\/roveyayinevi.com.tr\/index.php\/wp-json\/wp\/v2\/types\/product"}],"wp:attachment":[{"href":"https:\/\/roveyayinevi.com.tr\/index.php\/wp-json\/wp\/v2\/media?parent=726718"}],"wp:term":[{"taxonomy":"product_brand","embeddable":true,"href":"https:\/\/roveyayinevi.com.tr\/index.php\/wp-json\/wp\/v2\/product_brand?post=726718"},{"taxonomy":"product_cat","embeddable":true,"href":"https:\/\/roveyayinevi.com.tr\/index.php\/wp-json\/wp\/v2\/product_cat?post=726718"},{"taxonomy":"product_tag","embeddable":true,"href":"https:\/\/roveyayinevi.com.tr\/index.php\/wp-json\/wp\/v2\/product_tag?post=726718"}],"curies":[{"name":"wp","href":"https:\/\/api.w.org\/{rel}","templated":true}]}}