{"id":726715,"date":"2025-08-27T20:10:58","date_gmt":"2025-08-27T17:10:58","guid":{"rendered":"https:\/\/roveyayinevi.com.tr\/index.php\/urun\/egitim-ve-din-egitimi-ii\/"},"modified":"2026-04-16T02:34:43","modified_gmt":"2026-04-15T23:34:43","slug":"egitim-ve-din-egitimi-ii","status":"publish","type":"product","link":"https:\/\/roveyayinevi.com.tr\/index.php\/urun\/egitim-ve-din-egitimi-ii\/","title":{"rendered":"E\u011fitim ve Din E\u011fitimi II"},"content":{"rendered":"<p>E\u011fitim K\u00fclt\u00fcr E\u011fitim Felsefesine \u0130li\u015fkin Kavramlar D\u00fc\u015f\u00fcnme \u00c7e\u015fitleri Bilimsel Ara\u015ft\u0131rma Kavramlar\u0131 Ara\u015ft\u0131rma \u00c7e\u015fitleri Merkezi E\u011filim \u00c7e\u015fitleri Din E\u011fitimi Yakla\u015f\u0131mlar\u0131 HZ. Peygamber D\u00f6neminde E\u011fitim Kurumlar\u0131 HZ: Peygamber D\u00f6nemi Sonras\u0131 E\u011fitim Alanlar\u0131 \u0130htisas Medreseleri Saray Mektepleri Osmanl\u0131 Devletinde \u0130lk, Orta ve Lise Dengi Okullar Askeri E\u011fitim Kurumlar\u0131 T\u0131p Mektepleri \u00d6\u011fretmen Yeti\u015ftiren E\u011fitim Kurumlar\u0131 Medreseler Y\u00f6nelik D\u00fczenlemeler Osmanl\u0131\u2019da Baz\u0131 Yabanc\u0131 Okullar <\/p>\n","protected":false},"excerpt":{"rendered":"<p>E\u011fitim K\u00fclt\u00fcr E\u011fitim Felsefesine \u0130li\u015fkin Kavramlar D\u00fc\u015f\u00fcnme \u00c7e\u015fitleri Bilimsel Ara\u015ft\u0131rma Kavramlar\u0131 Ara\u015ft\u0131rma \u00c7e\u015fitleri Merkezi E\u011filim \u00c7e\u015fitleri Din E\u011fitimi Yakla\u015f\u0131mlar\u0131 HZ. Peygamber D\u00f6neminde E\u011fitim Kurumlar\u0131 HZ: Peygamber<span class=\"excerpt-hellip\"> [\u2026]<\/span><\/p>\n","protected":false},"featured_media":0,"template":"","meta":{"_monsterinsights_skip_tracking":false,"_monsterinsights_sitenote_active":false,"_monsterinsights_sitenote_note":"","_monsterinsights_sitenote_category":0},"product_brand":[],"product_cat":[12718,12719,22508],"product_tag":[],"class_list":{"0":"post-726715","1":"product","2":"type-product","3":"status-publish","5":"product_cat-din","6":"product_cat-islam","7":"product_cat-islam-egitimi","8":"pa_cilt-ciltsiz","9":"pa_tur-kitap","10":"pa_yayinevi-gazi-kitabevi","11":"pa_yazar-osman-tastekin","13":"first","14":"instock","15":"sale","16":"shipping-taxable","17":"purchasable","18":"product-type-simple"},"_links":{"self":[{"href":"https:\/\/roveyayinevi.com.tr\/index.php\/wp-json\/wp\/v2\/product\/726715","targetHints":{"allow":["GET"]}}],"collection":[{"href":"https:\/\/roveyayinevi.com.tr\/index.php\/wp-json\/wp\/v2\/product"}],"about":[{"href":"https:\/\/roveyayinevi.com.tr\/index.php\/wp-json\/wp\/v2\/types\/product"}],"wp:attachment":[{"href":"https:\/\/roveyayinevi.com.tr\/index.php\/wp-json\/wp\/v2\/media?parent=726715"}],"wp:term":[{"taxonomy":"product_brand","embeddable":true,"href":"https:\/\/roveyayinevi.com.tr\/index.php\/wp-json\/wp\/v2\/product_brand?post=726715"},{"taxonomy":"product_cat","embeddable":true,"href":"https:\/\/roveyayinevi.com.tr\/index.php\/wp-json\/wp\/v2\/product_cat?post=726715"},{"taxonomy":"product_tag","embeddable":true,"href":"https:\/\/roveyayinevi.com.tr\/index.php\/wp-json\/wp\/v2\/product_tag?post=726715"}],"curies":[{"name":"wp","href":"https:\/\/api.w.org\/{rel}","templated":true}]}}