{"id":726713,"date":"2025-08-27T20:10:56","date_gmt":"2025-08-27T17:10:56","guid":{"rendered":"https:\/\/roveyayinevi.com.tr\/index.php\/urun\/egitim-ve-din-egitimi-i\/"},"modified":"2026-04-16T02:34:43","modified_gmt":"2026-04-15T23:34:43","slug":"egitim-ve-din-egitimi-i","status":"publish","type":"product","link":"https:\/\/roveyayinevi.com.tr\/index.php\/urun\/egitim-ve-din-egitimi-i\/","title":{"rendered":"E\u011fitim ve Din E\u011fitimi I"},"content":{"rendered":"<p>E\u011fitim Formal E\u011fitim Yard\u0131mc\u0131 E\u011fitim Disiplinleri Orta \u00d6\u011fretim Sonras\u0131 E\u011fitim A\u015famalar\u0131 Geli\u015fimde Temel Kavramlar Geli\u015fim D\u00f6nemleri ve \u00d6zellikleri Ahlak Geli\u015fimi Yakla\u015f\u0131mlar\u0131 E\u011fitimi Etkileyen Durumlar Zihinsel S\u00fcre\u00e7ler T\u00fcrkiye\u2019de E\u011fitim Milli E\u011fitim Bakanl\u0131\u011f\u0131 Din \u00d6\u011fretimi Genel M\u00fcd\u00fcrl\u00fc\u011f\u00fc Tevhid-i Tedrisat Yasas\u0131 <\/p>\n","protected":false},"excerpt":{"rendered":"<p>E\u011fitim Formal E\u011fitim Yard\u0131mc\u0131 E\u011fitim Disiplinleri Orta \u00d6\u011fretim Sonras\u0131 E\u011fitim A\u015famalar\u0131 Geli\u015fimde Temel Kavramlar Geli\u015fim D\u00f6nemleri ve \u00d6zellikleri Ahlak Geli\u015fimi Yakla\u015f\u0131mlar\u0131 E\u011fitimi Etkileyen Durumlar Zihinsel S\u00fcre\u00e7ler<span class=\"excerpt-hellip\"> [\u2026]<\/span><\/p>\n","protected":false},"featured_media":0,"template":"","meta":{"_monsterinsights_skip_tracking":false,"_monsterinsights_sitenote_active":false,"_monsterinsights_sitenote_note":"","_monsterinsights_sitenote_category":0},"product_brand":[],"product_cat":[12718,12719,22508],"product_tag":[],"class_list":{"0":"post-726713","1":"product","2":"type-product","3":"status-publish","5":"product_cat-din","6":"product_cat-islam","7":"product_cat-islam-egitimi","8":"pa_cilt-ciltsiz","9":"pa_tur-kitap","10":"pa_yayinevi-gazi-kitabevi","11":"pa_yazar-osman-tastekin","13":"first","14":"instock","15":"sale","16":"shipping-taxable","17":"purchasable","18":"product-type-simple"},"_links":{"self":[{"href":"https:\/\/roveyayinevi.com.tr\/index.php\/wp-json\/wp\/v2\/product\/726713","targetHints":{"allow":["GET"]}}],"collection":[{"href":"https:\/\/roveyayinevi.com.tr\/index.php\/wp-json\/wp\/v2\/product"}],"about":[{"href":"https:\/\/roveyayinevi.com.tr\/index.php\/wp-json\/wp\/v2\/types\/product"}],"wp:attachment":[{"href":"https:\/\/roveyayinevi.com.tr\/index.php\/wp-json\/wp\/v2\/media?parent=726713"}],"wp:term":[{"taxonomy":"product_brand","embeddable":true,"href":"https:\/\/roveyayinevi.com.tr\/index.php\/wp-json\/wp\/v2\/product_brand?post=726713"},{"taxonomy":"product_cat","embeddable":true,"href":"https:\/\/roveyayinevi.com.tr\/index.php\/wp-json\/wp\/v2\/product_cat?post=726713"},{"taxonomy":"product_tag","embeddable":true,"href":"https:\/\/roveyayinevi.com.tr\/index.php\/wp-json\/wp\/v2\/product_tag?post=726713"}],"curies":[{"name":"wp","href":"https:\/\/api.w.org\/{rel}","templated":true}]}}