{"id":726710,"date":"2025-08-27T20:10:54","date_gmt":"2025-08-27T17:10:54","guid":{"rendered":"https:\/\/roveyayinevi.com.tr\/index.php\/urun\/dinler-tarihi-i\/"},"modified":"2026-04-16T02:34:43","modified_gmt":"2026-04-15T23:34:43","slug":"dinler-tarihi-i","status":"publish","type":"product","link":"https:\/\/roveyayinevi.com.tr\/index.php\/urun\/dinler-tarihi-i\/","title":{"rendered":"Dinler Tarihi I"},"content":{"rendered":"<p>D\u0130N VE D\u0130NLER TAR\u0130H\u0130Din Din Bilimleri Dinler Tarihi Kar\u015f\u0131la\u015ft\u0131rmal\u0131 Dinler Tarihi Din Fenomenolojisi Nitelendirici Metot H\u0131ristiyanl\u0131k \u0130sl\u00e2m Hinduizm Budizm Caynizm Konf\u00fc\u00e7yanizm Taoizm\u015eintoizm Geleneksel T\u00fcrk Dini Dinleraras\u0131 \u0130li\u015fkiler<\/p>\n","protected":false},"excerpt":{"rendered":"<p>D\u0130N VE D\u0130NLER TAR\u0130H\u0130Din Din Bilimleri Dinler Tarihi Kar\u015f\u0131la\u015ft\u0131rmal\u0131 Dinler Tarihi Din Fenomenolojisi Nitelendirici Metot H\u0131ristiyanl\u0131k \u0130sl\u00e2m Hinduizm Budizm Caynizm Konf\u00fc\u00e7yanizm Taoizm\u015eintoizm Geleneksel T\u00fcrk Dini Dinleraras\u0131<span class=\"excerpt-hellip\"> [\u2026]<\/span><\/p>\n","protected":false},"featured_media":0,"template":"","meta":{"_monsterinsights_skip_tracking":false,"_monsterinsights_sitenote_active":false,"_monsterinsights_sitenote_note":"","_monsterinsights_sitenote_category":0},"product_brand":[],"product_cat":[12718,16794],"product_tag":[],"class_list":{"0":"post-726710","1":"product","2":"type-product","3":"status-publish","5":"product_cat-din","6":"product_cat-dinler-tarihi","7":"pa_cilt-ciltsiz","8":"pa_tur-kitap","9":"pa_yayinevi-gazi-kitabevi","10":"pa_yazar-durmus-arik","12":"first","13":"instock","14":"sale","15":"shipping-taxable","16":"purchasable","17":"product-type-simple"},"_links":{"self":[{"href":"https:\/\/roveyayinevi.com.tr\/index.php\/wp-json\/wp\/v2\/product\/726710","targetHints":{"allow":["GET"]}}],"collection":[{"href":"https:\/\/roveyayinevi.com.tr\/index.php\/wp-json\/wp\/v2\/product"}],"about":[{"href":"https:\/\/roveyayinevi.com.tr\/index.php\/wp-json\/wp\/v2\/types\/product"}],"wp:attachment":[{"href":"https:\/\/roveyayinevi.com.tr\/index.php\/wp-json\/wp\/v2\/media?parent=726710"}],"wp:term":[{"taxonomy":"product_brand","embeddable":true,"href":"https:\/\/roveyayinevi.com.tr\/index.php\/wp-json\/wp\/v2\/product_brand?post=726710"},{"taxonomy":"product_cat","embeddable":true,"href":"https:\/\/roveyayinevi.com.tr\/index.php\/wp-json\/wp\/v2\/product_cat?post=726710"},{"taxonomy":"product_tag","embeddable":true,"href":"https:\/\/roveyayinevi.com.tr\/index.php\/wp-json\/wp\/v2\/product_tag?post=726710"}],"curies":[{"name":"wp","href":"https:\/\/api.w.org\/{rel}","templated":true}]}}